{"id":2046,"date":"2017-01-22T15:11:34","date_gmt":"2017-01-22T15:11:34","guid":{"rendered":"http:\/\/waterlat.org\/es\/?page_id=2046"},"modified":"2017-01-22T15:11:34","modified_gmt":"2017-01-22T15:11:34","slug":"at5-cuadernos-de-trabajo","status":"publish","type":"page","link":"https:\/\/roxpublicidade.com.br\/waterlat\/01\/es\/areas-tematicas-2\/at5\/at5-cuadernos-de-trabajo\/","title":{"rendered":"Cuadernos de Trabajo del AT5"},"content":{"rendered":"<p>El AT5 tiene una Serie propia dentro de los Cuadernos de Trabajo de la Red WATERLAT-GOBACIT: Serie \u00c1reas Tem\u00e1ticas, AT5 Agua y Salud.<\/p>\n<h2><\/h2>\n<h2><\/h2>\n<p><a href=\"https:\/\/roxpublicidade.com.br\/waterlat\/01\/wp-content\/uploads\/2017\/03\/Tapa-SATGSA-1.jpg\"><img loading=\"lazy\" decoding=\"async\" class=\"alignnone size-medium wp-image-2717\" src=\"https:\/\/roxpublicidade.com.br\/waterlat\/01\/wp-content\/uploads\/2017\/03\/Tapa-SATGSA-1.jpg\" alt=\"Tapa WPSATAM22\" width=\"212\" height=\"300\" \/><\/a>.<\/p>\n<h2><\/h2>\n<p><b>Desigualdad estructural y microcefalia: la determinaci\u00f3n social de una epidemia<\/b>. (en ingl\u00e9s, Portugu\u00e9s y espa\u00f1ol).<br \/>\n Editado por J.E.Castro y A. Monteiro Costa, con art\u00edculos de J.E. Castro, E. Maricato, P. R. Santiago, A. Monteiro Costa, L. Giraldo da Silva Augusto, S.Laurentino dos Santos,F. Diderichsen, I. Gomes Dantas Gurgel, A. do Monte Gurgel, C. Azevedo Guedes and A. Carlile Holanda Lavor. <\/p>\n<h2><\/h2>\n<p>&nbsp;<\/p>\n<p><a href=\"https:\/\/roxpublicidade.com.br\/waterlat\/01\/es\/areas-tematicas\/at5\/\">Volver a la Presentaci\u00f3n del AT5<\/a><\/p>\n","protected":false},"excerpt":{"rendered":"<p>El AT5 tiene una Serie propia dentro de los Cuadernos de Trabajo de la Red WATERLAT-GOBACIT: Serie \u00c1reas Tem\u00e1ticas, AT5 Agua y Salud. . Desigualdad estructural y microcefalia: la determinaci\u00f3n social de una epidemia. (en ingl\u00e9s, Portugu\u00e9s y espa\u00f1ol). Editado por J.E.Castro y A. Monteiro Costa, con art\u00edculos de J.E. Castro, E. Maricato, P. R. [&hellip;]<\/p>\n","protected":false},"author":1,"featured_media":0,"parent":2004,"menu_order":0,"comment_status":"closed","ping_status":"closed","template":"page-templates\/full-width.php","meta":{"footnotes":""},"class_list":["post-2046","page","type-page","status-publish","hentry"],"_links":{"self":[{"href":"https:\/\/roxpublicidade.com.br\/waterlat\/01\/wp-json\/wp\/v2\/pages\/2046","targetHints":{"allow":["GET"]}}],"collection":[{"href":"https:\/\/roxpublicidade.com.br\/waterlat\/01\/wp-json\/wp\/v2\/pages"}],"about":[{"href":"https:\/\/roxpublicidade.com.br\/waterlat\/01\/wp-json\/wp\/v2\/types\/page"}],"author":[{"embeddable":true,"href":"https:\/\/roxpublicidade.com.br\/waterlat\/01\/wp-json\/wp\/v2\/users\/1"}],"replies":[{"embeddable":true,"href":"https:\/\/roxpublicidade.com.br\/waterlat\/01\/wp-json\/wp\/v2\/comments?post=2046"}],"version-history":[{"count":0,"href":"https:\/\/roxpublicidade.com.br\/waterlat\/01\/wp-json\/wp\/v2\/pages\/2046\/revisions"}],"up":[{"embeddable":true,"href":"https:\/\/roxpublicidade.com.br\/waterlat\/01\/wp-json\/wp\/v2\/pages\/2004"}],"wp:attachment":[{"href":"https:\/\/roxpublicidade.com.br\/waterlat\/01\/wp-json\/wp\/v2\/media?parent=2046"}],"curies":[{"name":"wp","href":"https:\/\/api.w.org\/{rel}","templated":true}]}}