{"id":2019,"date":"2017-04-19T19:10:28","date_gmt":"2017-04-19T19:10:28","guid":{"rendered":"http:\/\/waterlat.org\/pt\/?page_id=2019"},"modified":"2017-04-19T19:10:28","modified_gmt":"2017-04-19T19:10:28","slug":"competicao-de-curta-metragens","status":"publish","type":"page","link":"https:\/\/roxpublicidade.com.br\/waterlat\/01\/pt\/competicao-de-curta-metragens\/","title":{"rendered":"Competi\u00e7\u00e3o de Curta-metragens"},"content":{"rendered":"<style>\n.divvideo {\n  -webkit-box-shadow: 4px 3px 17px -6px rgba(0,0,0,0.42);\n  -moz-box-shadow: 4px 3px 17px -6px rgba(0,0,0,0.42);\n  box-shadow: 4px 3px 17px -6px rgba(0,0,0,0.42);\n  display: inline-block;\n  padding: 15px;\n  margin: 5px;\n  width:350px;\n  background-color: rgba(167, 157, 157, 0.08);\n}\n@media screen and (max-width: 945px) {\n.divvideo {width: 80%;}\n}\n.divvideo:hover{\ntransition-duration: 250ms;\n-webkit-box-shadow: 4px 3px 17px 1px rgba(0,0,0,0.42);\n-moz-box-shadow: 4px 3px 17px 1px rgba(0,0,0,0.42);\nbox-shadow: 4px 3px 17px 1px rgba(0,0,0,0.42);\n}\n.listarep{\n  padding: 5px;\n  background-color: #2f7aaf;\n  border: 1px solid;\n  display: block;\n  border-radius: 8px;\n  margin-top: -25px;\n  text-align: center;\n  width: 250px;\n  margin: 0 auto;\n}\n.listarep:hover{\ntransition-duration: 250ms;\n  background-color:#439ede;\n}\na.listarep {\n  text-decoration: none;\n  color: white;\n}\niframe {\n  margin-bottom: auto !important;\n  margin-top: 10px;\n}<\/p>\n<p>h2, h3 {\n text-align: center; \n margin: 0px !important; \n color: black;\n}\n<\/style>\n<p>Desde 2015 a Rede organiza regularmente uma Competi\u00e7\u00e3o de Curta-metragens, que faz parte das atividades de nossa <a href=\"https:\/\/roxpublicidade.com.br\/waterlat\/01\/pt\/areas-tematicas\/at7\/\">\u00c1rea Tem\u00e1tica 7, Arte, Comunica\u00e7\u00e3o, Cultura, e Educa\u00e7\u00e3o<\/a>.<\/p>\n<p>A participa\u00e7\u00e3o \u00e9 v\u00e1lida tanto para profissionais como para iniciantes\/amadores, sem limite de idade, nacionalidade e idioma. <\/p>\n<p>A Competi\u00e7\u00e3o de Curta-metragens foi interrompida pela Pandemia de COVID-19 pouco depois do anuncio dos resultados da Edi\u00e7\u00e3o  2020. Ver abaixo os resultados dos concursos pr\u00e9vios, desde  2015.<\/p>\n<p><b>Aqui anunciamos a <a href=\"https:\/\/roxpublicidade.com.br\/waterlat\/01\/pt\/competicao-de-curta-metragens-2016-17-3\/competicao-de-curta-metragens-2025\/\">Convocat\u00f3ria para participar na Edi\u00e7\u00e3o 2025 da Competi\u00e7\u00e3o de Curta-metragens<\/a><\/b>.<\/p>\n<\/p>\n<div style=\"text-align:center;\">\n<p><!-- DIV VIDEO 2020 !--><br \/>\n<a href=\"https:\/\/roxpublicidade.com.br\/waterlat\/01\/pt\/competicao-de-curta-metragens-2016-17-3\/competicao-2020\/\"><\/p>\n<div class=\"divvideo\">\n<h2>Competi\u00e7\u00e3o de Curta-metragens 2020<\/h2>\n<h3>Primeiro Pr\u00eamio e Men\u00e7\u00f5es<\/h3>\n<p>  <iframe loading=\"lazy\" width=\"450\" height=\"320\" src=\"https:\/\/www.youtube.com\/embed\/pRKrybuQpLM\" frameborder=\"0\" allowfullscreen><\/iframe><br \/>\n  <a class=\"listarep\" href=\"https:\/\/www.youtube.com\/playlist?list=PLx6qphzdSP6tMRnen-EIQkKwsnQ7zOcrx\"> Veja todos <i>(lista de reprodu\u00e7\u00e3o)<\/i><\/a><\/div>\n<\/div>\n<p><\/a><\/p>\n<p><!-- DIV VIDEO 2019 !--><br \/>\n<a href=\"https:\/\/roxpublicidade.com.br\/waterlat\/01\/pt\/competicao-de-curta-metragens-2016-17-3\/competicao-de-curta-metragens-2019\/?noredirect=pt_BR\"><\/p>\n<div class=\"divvideo\">\n<h2>Competi\u00e7\u00e3o de Curta-metragens 2019<\/h2>\n<h3>Primeiro Pr\u00eamio e Men\u00e7\u00f5es<\/h3>\n<p>  <iframe loading=\"lazy\" width=\"450\" height=\"320\" src=\"https:\/\/www.youtube.com\/embed\/videoseries?list=PLx6qphzdSP6sH2JZ7-nKP_VBYLO77UsmB\" frameborder=\"0\" allowfullscreen><\/iframe><br \/>\n  <a class=\"listarep\" href=\"https:\/\/www.youtube.com\/embed\/videoseries?list=PLx6qphzdSP6sH2JZ7-nKP_VBYLO77UsmB\"> Veja todos <i>(lista de reprodu\u00e7\u00e3o) <\/i><\/a><\/div>\n<p><\/a><\/p>\n<p><!-- DIV VIDEO 20178 !--><br \/>\n<a href=\"https:\/\/roxpublicidade.com.br\/waterlat\/01\/pt\/competicao-de-curta-metragens-2016-17-3\/competicao-de-curta-metragens-2017-18\/?noredirect=pt_BR\"><\/p>\n<div class=\"divvideo\">\n<h2>Competi\u00e7\u00e3o de Curta-metragens 2017-18<\/h2>\n<h3>Primeiro Pr\u00eamio e Men\u00e7\u00f5es <\/h3>\n<p>  <iframe loading=\"lazy\" width=\"450\" height=\"320\" src=\"https:\/\/www.youtube.com\/embed\/5EvB17nXZIg\" frameborder=\"0\" allowfullscreen><\/iframe><br \/>\n  <a class=\"listarep\" href=\"https:\/\/www.youtube.com\/playlist?list=PLx6qphzdSP6sMe8dyHlcV3fNy3GHIZzdc\"> Veja todos <i>(lista de reprodu\u00e7\u00e3o)<\/i><\/a><\/div>\n<p><\/a><\/p>\n<p><!-- DIV VIDEO 2016 !--><br \/>\n<a href=\"https:\/\/roxpublicidade.com.br\/waterlat\/01\/pt\/competicao-de-curta-metragens-2016-17\/competicao-curtas-2016-17\/\"><\/p>\n<div class=\"divvideo\">\n<h2>Competi\u00e7\u00e3o de Curta-metragens 2016-17 <\/h2>\n<h3>Primeiro Pr\u00eamio<\/h3>\n<p>  <iframe loading=\"lazy\" width=\"450\" height=\"320\" src=\"https:\/\/www.youtube.com\/embed\/Wb5rmdPj_B4\" frameborder=\"0\" allowfullscreen><\/iframe><br \/>\n  <a class=\"listarep\" href=\"https:\/\/www.youtube.com\/playlist?list=PLx6qphzdSP6tWe7bXKU_v4vP8eg0ct7Pz\">Veja todos <i>(lista de reprodu\u00e7\u00e3o)<\/i><\/a>\n<\/div>\n<p><\/a><\/p>\n<p><!-- DIV VIDEO 2015 !--><br \/>\n<a href=\"https:\/\/roxpublicidade.com.br\/waterlat\/01\/pt\/competicao-de-curta-metragens-2016-17\/competicao-de-curta-metragems-2015\/\"><\/p>\n<div class=\"divvideo\">\n<h2>Competi\u00e7\u00e3o de Curta-metragens 2015<\/h2>\n<h3>Primeiro Pr\u00eamio<\/h3>\n<p>  <iframe loading=\"lazy\" width=\"450\" height=\"320\" src=\"https:\/\/www.youtube.com\/embed\/5U3_fg3feew?list=PLx6qphzdSP6u_RzjcUyQOWXZ9v3Y-H2kc\" frameborder=\"0\" allowfullscreen><\/iframe><br \/>\n  <a class=\"listarep\" href=\"https:\/\/www.youtube.com\/playlist?list=PLx6qphzdSP6v9cqqLMKGe-yAS6aQ0S7B-\">Veja todos <i>(lista de reprodu\u00e7\u00e3o)<\/i><\/a>\n<\/div>\n<p><\/a><\/p>\n<\/div>\n","protected":false},"excerpt":{"rendered":"<p>Desde 2015 a Rede organiza regularmente uma Competi\u00e7\u00e3o de Curta-metragens, que faz parte das atividades de nossa \u00c1rea Tem\u00e1tica 7, Arte, Comunica\u00e7\u00e3o, Cultura, e Educa\u00e7\u00e3o. A participa\u00e7\u00e3o \u00e9 v\u00e1lida tanto para profissionais como para iniciantes\/amadores, sem limite de idade, nacionalidade e idioma. A Competi\u00e7\u00e3o de Curta-metragens foi interrompida pela Pandemia de COVID-19 pouco depois do [&hellip;]<\/p>\n","protected":false},"author":1,"featured_media":0,"parent":0,"menu_order":0,"comment_status":"closed","ping_status":"closed","template":"page-templates\/full-width.php","meta":{"footnotes":""},"class_list":["post-2019","page","type-page","status-publish","hentry"],"_links":{"self":[{"href":"https:\/\/roxpublicidade.com.br\/waterlat\/01\/wp-json\/wp\/v2\/pages\/2019","targetHints":{"allow":["GET"]}}],"collection":[{"href":"https:\/\/roxpublicidade.com.br\/waterlat\/01\/wp-json\/wp\/v2\/pages"}],"about":[{"href":"https:\/\/roxpublicidade.com.br\/waterlat\/01\/wp-json\/wp\/v2\/types\/page"}],"author":[{"embeddable":true,"href":"https:\/\/roxpublicidade.com.br\/waterlat\/01\/wp-json\/wp\/v2\/users\/1"}],"replies":[{"embeddable":true,"href":"https:\/\/roxpublicidade.com.br\/waterlat\/01\/wp-json\/wp\/v2\/comments?post=2019"}],"version-history":[{"count":0,"href":"https:\/\/roxpublicidade.com.br\/waterlat\/01\/wp-json\/wp\/v2\/pages\/2019\/revisions"}],"wp:attachment":[{"href":"https:\/\/roxpublicidade.com.br\/waterlat\/01\/wp-json\/wp\/v2\/media?parent=2019"}],"curies":[{"name":"wp","href":"https:\/\/api.w.org\/{rel}","templated":true}]}}