{"id":1946,"date":"2017-03-22T19:03:21","date_gmt":"2017-03-22T19:03:21","guid":{"rendered":"http:\/\/waterlat.org\/pt\/?page_id=1946"},"modified":"2017-03-22T19:03:21","modified_gmt":"2017-03-22T19:03:21","slug":"dia-mundial-2017-pt","status":"publish","type":"page","link":"https:\/\/roxpublicidade.com.br\/waterlat\/01\/pt\/dia-mundial-2017-pt\/","title":{"rendered":"Uma Reflex\u00e3o no Dia Mundial da \u00c1gua de 2017"},"content":{"rendered":"<p><strong>Uma Reflex\u00e3o no Dia Mundial da \u00c1gua de 2017<\/strong><\/p>\n<p>No <strong>Dia Mundial da Agua 2017<\/strong>, aproveitamos as li\u00e7\u00f5es que continuam chegando do Norte Global para que evitemos seguir cometendo os mesmos erros na pol\u00edtica e na gest\u00e3o da \u00e1gua em n\u00edvel mundial.\u00a0Hoje, o peri\u00f3dico brit\u00e2nico <a href=\"https:\/\/www.theguardian.com\/\">The Guardian<\/a> publicou uma nota sobre una multa sem precedentes aplicada \u00e0 empresa privada de agua esgotamento sanit\u00e1rio de Londres por n\u00e3o cumprir com os standards ambientais. O artigo menciona &#8220;enormes descargas de esgotos sem tratar [volcados] ao Rio Tamisa e seus afluentes e sobre o solo [\u2026 que] tiveram s\u00e9rios impactos sobre os residentes, os produtores rurais e a vida silvestre, matando aves e peixes\u201d. O artigo cita a Ag\u00eancia Ambiental do Reino Unido que declarou que esses eventos foram \u201ccatastr\u00f3ficos\u201d, e ao Juiz Francis Sheridan, quem afirmou \u201cEsta \u00e9 uma situa\u00e7\u00e3o chocante e desgraciada. N\u00e3o deveria ser mais barato ofender que tomar as precau\u00e7\u00f5es apropriadas\u201d. <a href=\"https:\/\/www.theguardian.com\/environment\/2017\/mar\/22\/thames-water-hit-with-record-fine-for-huge-sewage-leaks\">Leai aqui o artigo completo<\/a>.<br \/>\nOs eventos mencionados no artigo s\u00e3o parte de um padr\u00e3o de longo prazo, um problema estrutural, j\u00e1 que as multas e as advert\u00eancias pr\u00e9vias n\u00e3o conseguiram que a empresa melhorasse os standards durante quase tr\u00eas d\u00e9cadas. De fato, depois de quase tr\u00eas d\u00e9cadas de uma implementa\u00e7\u00e3o implac\u00e1vel de pol\u00edticas de privatiza\u00e7\u00e3o dos servi\u00e7os de saneamento b\u00e1sico em n\u00edvel global, a evidencia de que esse n\u00e3o \u00e9 o caminho a seguir continua se acumulando. Membros da <a href=\"https:\/\/roxpublicidade.com.br\/waterlat\/01\/thematic-areas\/ta3\/\">\u00c1rea Tem\u00e1tica 3<\/a> da Rede WATERLAT-GOBACIT tem contribu\u00eddo a esse debate por muitos anos, por exemplo por meio do <a href=\"http:\/\/www.prinwass.org\">Projeto PRINWASS<\/a>, e nossas <a href=\"https:\/\/roxpublicidade.com.br\/waterlat\/01\/pt\/publicacoes\/\">Publica\u00e7\u00f5es<\/a>, incluindo nossa <a href=\"https:\/\/roxpublicidade.com.br\/waterlat\/01\/pt\/publicacoes\/working-papers-series\/\">Serie de Cadernos de Trabalho<\/a>.<\/p>\n<p><span style=\"text-decoration: underline;\">Fotografia<\/span>: Acad\u00e9micos do Projeto PRINWASS participando com membros de movimentos sociais e organiza\u00e7\u00f5es da sociedade civil em demonstra\u00e7\u00f5es contra a privatiza\u00e7\u00e3o da \u00e1gua, Foro Social Mundial, Porto Alegre, Brasil, 23 de janeiro de 2003.<br \/>\n<a title=\"PRINWASS en el Foro Social Mundial 2003 \/ PRINWASS in the 2003 World Social Forum, Porto Alegre, Brasil, enero de 2003\" href=\"https:\/\/www.flickr.com\/photos\/125391306@N03\/14373246399\/in\/album-72157645046774607\/\" data-flickr-embed=\"true\"><img loading=\"lazy\" decoding=\"async\" src=\"https:\/\/c1.staticflickr.com\/4\/3849\/14373246399_b671504269_k.jpg\" alt=\"PRINWASS en el Foro Social Mundial 2003 \/ PRINWASS in the 2003 World Social Forum, Porto Alegre, Brasil, enero de 2003\" width=\"2048\" height=\"1536\" \/><\/a><script async src=\"\/\/embedr.flickr.com\/assets\/client-code.js\" charset=\"utf-8\"><\/script><br \/>\n<span style=\"text-decoration: underline;\">Fonte<\/span>: Cole\u00e7\u00e3o da Rede WATERLAT-GOBACIT no Flickr.<\/p>\n<p>\u00c9 preciso continuar trabalhando para expor o mito e as mentiras associadas com a promo\u00e7\u00e3o da privatiza\u00e7\u00e3o em suas diferentes formas, como a solu\u00e7\u00e3o o incluso como a \u00fanica via para atingir a universaliza\u00e7\u00e3o do acesso aos servi\u00e7os essenciais de saneamento b\u00e1sico em condi\u00e7\u00f5es de sustentabilidade socioambiental. A chegada ao poder em muitos pa\u00edses, desde os Estados Unidos \u00e0 Argentina, de governos orientados \u00e0 defensa da acumula\u00e7\u00e3o privada da riqueza e ao sistem\u00e1tico desprestigio do P\u00fablico e do Comum, como ideia e como pr\u00e1tica, p\u00f5e em serio perigo a implementa\u00e7\u00e3o do <a href=\"http:\/\/www.un.org\/sustainabledevelopment\/es\/\">Direito Humano a \u00c1gua<\/a> e o logro dos novos <a href=\"http:\/\/www.un.org\/es\/comun\/docs\/index.asp?symbol=A\/RES\/64\/292&amp;referer=http:\/\/www.un.org\/waterforlifedecade\/human_right_to_water.shtml&amp;Lang=S\">Objetivos de Desenvolvimento Sustent\u00e1vel (ODS)<\/a>. Seria um erro permanecer indiferentes e permitir que estas pol\u00edticas neoprivatistas continuem sendo implementadas, j\u00e1 que seus resultados negativos est\u00e3o a vista e muito bem documentados. No <strong>Dia Mundial da \u00c1gua<\/strong> digamos <strong>NO \u00e0 acumula\u00e7\u00e3o privada da \u00e1gua e de seus benef\u00edcios<\/strong>, em todas suas formas, e continuemos contribuindo a <strong>defender e recuperar a \u00e1gua como um bem comum, p\u00fablico, um direito cidad\u00e3o, um direito humano<\/strong>, sob formas de controle, governo e distribui\u00e7\u00e3o que devem estar sujeitas aos <strong>princ\u00edpios da igualdade, a solidaridade e a inclus\u00e3o<\/strong>, e n\u00e3o aos princ\u00edpios do mercado que privilegiam a acumula\u00e7\u00e3o privada de ganancia antes que a distribui\u00e7\u00e3o social da riqueza, incluindo a riqueza h\u00eddrica. Que o <strong>Dia Mundial da \u00c1gua<\/strong> nos sirva para refor\u00e7ar nosso compromisso com a <strong>democratiza\u00e7\u00e3o substantiva da pol\u00edtica e da gest\u00e3o da \u00e1gua e de nossas sociedades<\/strong>.<\/p>\n<p>&nbsp;<\/p>\n<p>Coordena\u00e7\u00e3o da Rede WATERLAT-GOBACIT, 22 de mar\u00e7o de 2017<\/p>\n","protected":false},"excerpt":{"rendered":"<p>Uma Reflex\u00e3o no Dia Mundial da \u00c1gua de 2017 No Dia Mundial da Agua 2017, aproveitamos as li\u00e7\u00f5es que continuam chegando do Norte Global para que evitemos seguir cometendo os mesmos erros na pol\u00edtica e na gest\u00e3o da \u00e1gua em n\u00edvel mundial.\u00a0Hoje, o peri\u00f3dico brit\u00e2nico The Guardian publicou uma nota sobre una multa sem precedentes [&hellip;]<\/p>\n","protected":false},"author":1,"featured_media":0,"parent":0,"menu_order":0,"comment_status":"closed","ping_status":"closed","template":"page-templates\/full-width.php","meta":{"footnotes":""},"class_list":["post-1946","page","type-page","status-publish","hentry"],"_links":{"self":[{"href":"https:\/\/roxpublicidade.com.br\/waterlat\/01\/wp-json\/wp\/v2\/pages\/1946","targetHints":{"allow":["GET"]}}],"collection":[{"href":"https:\/\/roxpublicidade.com.br\/waterlat\/01\/wp-json\/wp\/v2\/pages"}],"about":[{"href":"https:\/\/roxpublicidade.com.br\/waterlat\/01\/wp-json\/wp\/v2\/types\/page"}],"author":[{"embeddable":true,"href":"https:\/\/roxpublicidade.com.br\/waterlat\/01\/wp-json\/wp\/v2\/users\/1"}],"replies":[{"embeddable":true,"href":"https:\/\/roxpublicidade.com.br\/waterlat\/01\/wp-json\/wp\/v2\/comments?post=1946"}],"version-history":[{"count":0,"href":"https:\/\/roxpublicidade.com.br\/waterlat\/01\/wp-json\/wp\/v2\/pages\/1946\/revisions"}],"wp:attachment":[{"href":"https:\/\/roxpublicidade.com.br\/waterlat\/01\/wp-json\/wp\/v2\/media?parent=1946"}],"curies":[{"name":"wp","href":"https:\/\/api.w.org\/{rel}","templated":true}]}}