{"id":19,"date":"2013-10-12T14:29:02","date_gmt":"2013-10-12T14:29:02","guid":{"rendered":"http:\/\/waterlat.org\/?page_id=19"},"modified":"2025-12-11T13:57:57","modified_gmt":"2025-12-11T16:57:57","slug":"supporters","status":"publish","type":"page","link":"https:\/\/roxpublicidade.com.br\/waterlat\/01\/history\/supporters\/","title":{"rendered":"Supporters"},"content":{"rendered":"<p>Our network has received financial and logistic support from several sources to carry out\u00a0its activities. Since 2012 most activities\u00a0have been self-funded by its members, with additional support from a number of public institutions. We list our main supporters in chronological order.<\/p>\n<p>&nbsp;<\/p>\n<p><a href=\"https:\/\/cdmx.ciesas.edu.mx\/\">Centro de Investigaciones y Estudios Superiores en Antropolog\u00eda Social (CIESAS)<\/a>, Mexico City, M\u00e9xico (2025)<\/p>\n<p><a href=\"https:\/\/www.ipea.gov.br\/portal\/\">Institute of Applied Economic Research (IPEA)<\/a>, Brasilia, Brazil (2015, 2023-25).<\/p>\n<p><a href=\"http:\/\/www.iteso.mx\">ITESO, Jesuit University of Guadalajara<\/a>, Guadalajara, Mexico (2014-to date)<\/p>\n<p><a href=\"https:\/\/www.ugto.mx\/campusleon\/dcsh\/\">University of Guanajuato, Campus Leon<\/a>, Le\u00f3n, Guanajuato, Mexico (2015 to date)<\/p>\n<p><a href=\"https:\/\/www.seed.manchester.ac.uk\/\">School of Environment, Education and Development (SEED)<\/a>, University of Manchester, Manchester, United Kingdom (2019).<\/p>\n<p><a href=\"https:\/\/ielat.com\/\">University Institute for Research on Latin American Studies (IELAT), University of Alcala (UAH)<\/a>, Alcala de Henares, Spain (2019).<\/p>\n<p><a href=\"http:\/\/www.udec.cl\/\">University of Concepcion (UdeC)<\/a>, Concepcion, Bio-Bio, Chile (2019).<\/p>\n<p><a href=\"http:\/\/fapesq.rpp.br\">Foundation for Supporting Research, State of Paraiba (FAPESQ)<\/a>, Jo\u00e3o Pessoa, Paraiba, Brazil (2018).<\/p>\n<p><a href=\"http:\/\/www.uepb.edu.br\/\">State University of Paraiba (UEPB)<\/a>, Campina Grande, Paraiba, Brazil (2010-2020)<\/p>\n<p><a href=\"https:\/\/portal.fiocruz.br\">Oswaldo Cruz Foundation (Fiocruz)<\/a>, Rio de Janeiro and Recife, Pernambuco, Brazil (2018)<\/p>\n<p><a href=\"https:\/\/portal.insa.gov.br\">National Institute of the Semi-arid Region (INSA)<\/a>, Campina Grande, Paraiba, Brazil (2018)<\/p>\n<p><a href=\"http:\/\/www.world-psi.org\/es\/home\">Public Services International (PSI)<\/a>, Geneva, Switzerland (2014-2021)<\/p>\n<p><a href=\"http:\/\/www.ungs.edu.ar\/\">National University of General Sarmiento (UNGS)<\/a>, Argentina (2012-2021)<\/p>\n<p><a href=\"http:\/\/www.uned.ac.cr\">State Open University (UNED)<\/a>, San Jose, Costa Rica (2017).<\/p>\n<p>Water and Sanitation Commission (CAS), Costa Rica&#8217;s <a href=\"https:\/\/www.conare.ac.cr\">National Council of University VCs (CONARE)<\/a>, San Jose, Costa Rica (2017).<\/p>\n<p><a href=\"http:\/\/www.eeha.csic.es\">School of Hispanic-American Studies (EEHA), Higher Council of Scientific Research (CSIC)<\/a>, Seville, Spain (2016)<\/p>\n<p><a href=\"http:\/\/ciesasoccidente.edu.mx\/\">Centro de Investigaciones y Estudios Superiores en Antropolog\u00eda Social (CIESAS- Occidente)<\/a>, Guadalajara, Jalisco, M\u00e9xico (2015)<\/p>\n<p><a href=\"http:\/\/www.colmich.edu.mx\/\">El Colegio de Michoac\u00e1n<\/a>, Zamora, Michoac\u00e1n, M\u00e9xico (2015)<\/p>\n<p><a href=\"http:\/\/coljal.edu.mx\/\">El Colegio de Jalisco<\/a>, Guadalajara, Jalisco, M\u00e9xico (2015)<\/p>\n<p><a href=\"http:\/\/uaer.humanidades.unam.mx\/\">Universidad Nacional Aut\u00f3noma de M\u00e9xico, Unidad Acad\u00e9mica de Estudios Regionales<\/a>, Jiquilpan, Michoac\u00e1n, M\u00e9xico (2015)<\/p>\n<p><a href=\"http:\/\/cuci.udg.mx\/\">Universidad de Guadalajara, Centro Universitario de la Ci\u00e9naga<\/a>, Ocotl\u00e1n, Jalisco, M\u00e9xico (2015)<\/p>\n<p><a href=\"http:\/\/www.cide.edu\/regioncentro\/\">Centro de Investigaci\u00f3n y Docencia Econ\u00f3micas (CIDE), Regi\u00f3n Centro<\/a>, Aguascalientes, M\u00e9xico (2015)<\/p>\n<p><a href=\"http:\/\/ww.colsan.edu.mx\/\">El Colegio de San Luis (COLSAN)<\/a>, San Luis Potos\u00ed, M\u00e9xico (2015)<\/p>\n<p><a href=\"http:\/\/www.ucaldas.edu.co\/\">University of Caldas<\/a>, Manizales, Colombia (2014)<\/p>\n<p><a href=\"http:\/\/www.iteso.mx\">ITESO, Jesuit University of Guadalajara<\/a>, Guadalajara, Mexico (2014-2015)<\/p>\n<p><a href=\"http:\/\/portales.educacion.gov.ar\/spu\/\">Secretariat of University Policies<\/a>, Ministry of Education, Argentina (2014)<\/p>\n<p><a href=\"http:\/\/www.yakumuseoagua.gob.ec\/\">Yaku Water Museum<\/a>, Ecuador (2013)<\/p>\n<p><a href=\"http:\/\/www.iaen.edu.ec\/\">Institute for Higher National Studies (IAEN)<\/a>, Ecuador (2013)<\/p>\n<p><a href=\"http:\/\/www.bn.gov.ar\/\">National Library<\/a>, Argentina (2012)<\/p>\n<p><a href=\"http:\/\/www.raices.mincyt.gov.ar\/\">Ra\u00edces Programme<\/a>, Ministry of Science, Technology, and Productive Innovation (MINCYT), Argentina (2012)<\/p>\n<p><a href=\"http:\/\/www.agencia.mincyt.gob.ar\/\">National Agency for the Promotion of Science and Technology<\/a>, Ministry of Science, Technology, and Productive Innovation (MINCYT), Argentina (2012)<\/p>\n<p><a href=\"http:\/\/www.flacso.edu.mx\/\">Latin American Faculty of Social Sciences (FLACSO)<\/a>, Mexico (2011)<\/p>\n<p><a href=\"http:\/\/prpg.usp.br\/procam\">Postgraduate Programme in Environmental Science (PROCAM)<\/a>, University of Sao Paulo, Brazil (2010)<\/p>\n<p><a href=\"http:\/\/www.geografia.fflch.usp.br\/posgraduacao\/posgradhumana\/index.html\">Postgraduate Programme in Human Geography<\/a>, University of Sao Paulo, Brazil (2010)<\/p>\n<p><a href=\"http:\/\/www.iea.usp.br\/iea\/\">Institute of Advanced Studies<\/a>, University of Sao Paulo, Brazil (2010)<\/p>\n<p><a href=\"http:\/\/www.cnpq.br\/\">National Council for Scientific and Technological Development (CNPq)<\/a>, Brazil (2010)<\/p>\n<p><a href=\"http:\/\/www.capes.gov.br\/\">Federal Agency for the Support and Evaluation of Graduate Education (CAPES)<\/a>, Brazil (2010)<\/p>\n<p>Centre of Brazilian Studies for Latin America,\u00a0<a href=\"http:\/\/www.memorial.sp.gov.br\/memorial\/index.jsp\">Memorial Foundation<\/a>, and <a href=\"http:\/\/www.memorial.sp.gov.br\/memorial\/AgendaDetalhe.do?agendaId=792\">UNESCO\u2019s Latin American Memorial Chair<\/a>, Brazil\u00a0(2010)<\/p>\n<p><a href=\"https:\/\/aca-web.gencat.cat\/\">Catalonian Water Agency<\/a>, Barcelona, Spain (2009)<\/p>\n<p>The <a href=\"http:\/\/www.leverhulme.ac.uk\/\">Leverhulme Trust<\/a>, International Networks Programme, United Kingdom, (2009-2011)<\/p>\n","protected":false},"excerpt":{"rendered":"<p>Our network has received financial and logistic support from several sources to carry out\u00a0its activities. Since 2012 most activities\u00a0have been self-funded by its members, with additional support from a number of public institutions. We list our main supporters in chronological order. &nbsp; Centro de Investigaciones y Estudios Superiores en Antropolog\u00eda Social (CIESAS), Mexico City, M\u00e9xico [&hellip;]<\/p>\n","protected":false},"author":1,"featured_media":0,"parent":12520,"menu_order":0,"comment_status":"closed","ping_status":"open","template":"","meta":{"footnotes":""},"class_list":["post-19","page","type-page","status-publish","hentry"],"_links":{"self":[{"href":"https:\/\/roxpublicidade.com.br\/waterlat\/01\/wp-json\/wp\/v2\/pages\/19","targetHints":{"allow":["GET"]}}],"collection":[{"href":"https:\/\/roxpublicidade.com.br\/waterlat\/01\/wp-json\/wp\/v2\/pages"}],"about":[{"href":"https:\/\/roxpublicidade.com.br\/waterlat\/01\/wp-json\/wp\/v2\/types\/page"}],"author":[{"embeddable":true,"href":"https:\/\/roxpublicidade.com.br\/waterlat\/01\/wp-json\/wp\/v2\/users\/1"}],"replies":[{"embeddable":true,"href":"https:\/\/roxpublicidade.com.br\/waterlat\/01\/wp-json\/wp\/v2\/comments?post=19"}],"version-history":[{"count":1,"href":"https:\/\/roxpublicidade.com.br\/waterlat\/01\/wp-json\/wp\/v2\/pages\/19\/revisions"}],"predecessor-version":[{"id":13038,"href":"https:\/\/roxpublicidade.com.br\/waterlat\/01\/wp-json\/wp\/v2\/pages\/19\/revisions\/13038"}],"up":[{"embeddable":true,"href":"https:\/\/roxpublicidade.com.br\/waterlat\/01\/wp-json\/wp\/v2\/pages\/12520"}],"wp:attachment":[{"href":"https:\/\/roxpublicidade.com.br\/waterlat\/01\/wp-json\/wp\/v2\/media?parent=19"}],"curies":[{"name":"wp","href":"https:\/\/api.w.org\/{rel}","templated":true}]}}