{"id":1832,"date":"2016-08-25T23:23:39","date_gmt":"2016-08-25T23:23:39","guid":{"rendered":"http:\/\/waterlat.org\/es\/?page_id=1832"},"modified":"2016-08-25T23:23:39","modified_gmt":"2016-08-25T23:23:39","slug":"at2","status":"publish","type":"page","link":"https:\/\/roxpublicidade.com.br\/waterlat\/01\/es\/areas-tematicas-2\/at2\/","title":{"rendered":"\u00c1rea Tem\u00e1tica 2 \u2013 Agua y Megaproyectos"},"content":{"rendered":"<h2>Presentaci\u00f3n<\/h2>\n<p>El \u00c1rea Tem\u00e1tica 2 surgi\u00f3 de conversaciones durante la <a href=\"https:\/\/roxpublicidade.com.br\/waterlat\/01\/es\/encuentros\/public-meetings\/waterlat-2010\/\">Segunda Reuni\u00f3n Internacional de la red WATERLAT<\/a> realizada en San Pablo en 2010. El nombre del \u00c1rea Tem\u00e1tica, \u201cAgua y Megaproyectos\u201d, se\u00f1ala nuestra preocupaci\u00f3n con cambios a nivel territorial en las relaciones entre poblaciones humanas y el agua. Consideramos que tales cambios son provocados por un amplio espectro de actividades, tales como las represas, las minas, la explotaci\u00f3n de energ\u00edas f\u00f3siles, el monocultivo en la agricultura, las plantaciones de la industria agro-forestal, y tambi\u00e9n la expansi\u00f3n del entorno construido relacionado a la transportaci\u00f3n, la expansi\u00f3n urbana y el turismo. Desde m\u00faltiples perspectivas disciplinarias, y a trav\u00e9s de la colaboraci\u00f3n transdisciplinaria, el trabajo realizado por los investigadores del AT2 examina las diferentes maneras en que los \u201cmegaproyectos\u201d transforman el acceso al agua y su uso por diferentes comunidades y actores econ\u00f3micos. Nuestro trabajo tambi\u00e9n indaga en las condiciones para la movilizaci\u00f3n social contra los megaproyectos y en defensa del agua y de las comunidades afectadas. Existen claras intersecciones entre el trabajo del AT2 y de varios de los otros \u00e1reas tem\u00e1ticas, especialmente AT8 Agua y Desastres, y AT10 Agua y Violencia.<\/p>\n<p>&nbsp;<\/p>\n<p><strong>Temas destacados que abordan los miembros del AT2<\/strong><\/p>\n<ul>\n<li>Teor\u00edas de cambio socio-ecol\u00f3gico, relacionadas a la identificaci\u00f3n de relaciones entre el poder pol\u00edtico-econ\u00f3mico y los megaproyectos en el contexto de la globalizaci\u00f3n econ\u00f3mica y la integraci\u00f3n regional.<\/li>\n<li>Los impactos socio-ecol\u00f3gicos de los megaproyectos como la miner\u00eda a cielo abierto y las grandes represas, especialmente en torno a sus efectos en comunidades ind\u00edgenas y rurales.<\/li>\n<li>El alcance y las implicaciones de la expansi\u00f3n e intensificaci\u00f3n de las industrias extractivas a trav\u00e9s de Latinoam\u00e9rica.<\/li>\n<li>El papel de las pol\u00edticas p\u00fablicas en relaci\u00f3n a la intensificaci\u00f3n del extractivismo, la modernizaci\u00f3n ecol\u00f3gica y la regulaci\u00f3n socio-ambiental de los procesos y proyectos de desarrollo.<\/li>\n<li>Las condiciones para la movilizaci\u00f3n de comunidades y de la sociedad civil como respuesta a las amenazas a los recursos h\u00eddricos a nivel territorial, tanto como las estrategias estatales para contener, domesticar o criminalizar tales movilizaciones.<\/li>\n<li>Los procesos psicosociales de la formaci\u00f3n de subjetividades asociadas a la experiencia individual y colectiva de megaproyectos y de la movilizaci\u00f3n en su contra.<\/li>\n<li>Las estrategias utilizadas por los movimientos sociales en defensa del agua, incluyendo la colaboraci\u00f3n transnacional dentro de redes anti-represas y anti-miner\u00eda.<\/li>\n<li>Las dimensiones discursivas del poder pol\u00edtico en las contiendas sobre recursos h\u00eddricos, incluyendo el papel de la violencia epist\u00e9mica en callar las perspectivas de pueblos ind\u00edgenas y otras voces no-expertas.<\/li>\n<\/ul>\n<p>&nbsp;<\/p>\n<p><strong>Relaci\u00f3n de estos temas con los\u00a0<a href=\"https:\/\/roxpublicidade.com.br\/waterlat\/01\/es\/comienzo\/objetivos\/\">Objetivos<\/a>\u00a0y\u00a0<a href=\"https:\/\/roxpublicidade.com.br\/waterlat\/01\/es\/comienzo\/prioridades-de-investigacion\/\">Prioridades de investigaci\u00f3n<\/a> de la Red<\/strong><\/p>\n<p>El AT2 est\u00e1 comprometida con el objetivo estrat\u00e9gico de construir una red internacional de investigadores que promueva una v\u00eda m\u00e1s sustentable y democr\u00e1tica para gobernar las relaciones entre la sociedad humana y los recursos h\u00eddricos. Las publicaciones del AT2 presentan un an\u00e1lisis cr\u00edtico de megaproyectos emblem\u00e1ticos de varios pa\u00edses, destacando abusos de poder econ\u00f3mico y pol\u00edtico, y tambi\u00e9n apuntando a los esfuerzos de los movimientos sociales y las comunidades para demandar mayor transparencia, democracia y justicia. Nuestras investigaciones han tocado dimensiones sociales, culturales, econ\u00f3micas y pol\u00edticas. Es adem\u00e1s importante se\u00f1alar que hemos perseguido activamente el objetivo de la red de estimular la colaboraci\u00f3n transdisciplinaria, y nuestro trabajo ha incluido colaboraciones entre antrop\u00f3logos, ge\u00f3grafos, polit\u00f3logos, soci\u00f3logos y otros. Finalmente, hemos trabajo en un formato que no es solamente transdisciplinario si no tambi\u00e9n transectorial, creando espacios para hacer presente las voces de actores de la sociedad civil y de organizaciones comunitarias en nuestras actividades.<\/p>\n<p>Muchas de las prioridades espec\u00edficas de la red est\u00e1n claramente presente en los temas mencionados aqu\u00ed. Cabe se\u00f1alar varias de las prioridades que son especialmente relevantes al \u00c1rea Tem\u00e1tica:<\/p>\n<p>&nbsp;<\/p>\n<ul>\n<li>La necesidad de cuestionar y re-politizar los discursos dominantes relacionados con el gobierno y la gesti\u00f3n del agua.<\/li>\n<li>La relaci\u00f3n entre conflicto y gobernanza participativa en relaci\u00f3n al agua (ej. la contradicci\u00f3n entre empoderamiento y desmovilizaci\u00f3n resultante de los procesos participativos).<\/li>\n<li>Estudio de los conflictos por el agua. Temas de justicia ambiental (lenguajes de valoraci\u00f3n), relaciones de poder, causas de los conflictos.<\/li>\n<li>Las consecuencias sociales y ambientales de los instrumentos de \u201cgobernabilidad\u201d del agua (leyes, mecanismos administrativos, etc.)<\/li>\n<li>El rol de la ciencia, especialmente las ciencias de gesti\u00f3n del agua. C\u00f3mo se desarrollan y aplican estos conocimientos (cr\u00edtica de la pretendida neutralidad de los mismos)<\/li>\n<li>El desarrollo de una ecolog\u00eda pol\u00edtica del agua que trascienda las divisiones disciplinarias entre naturaleza y sociedad.<\/li>\n<\/ul>\n<p>&nbsp;<\/p>\n<h2><a href=\"https:\/\/roxpublicidade.com.br\/waterlat\/01\/es\/areas-tematicas\/at2\/libros-del-at2\/\">Libros del AT2<\/a><\/h2>\n<h2><a href=\"https:\/\/roxpublicidade.com.br\/waterlat\/01\/es\/areas-tematicas\/at2\/cuadernos-de-trabajo-del-at2\/\">Cuadernos de Trabajo del AT2<\/a><\/h2>\n<h2><a href=\"https:\/\/roxpublicidade.com.br\/waterlat\/01\/es\/areas-tematicas\/at2\/galeria-multimedios-del-at2\/\">Galer\u00eda Multimedios del AT2<\/a><\/h2>\n<p>&nbsp;<\/p>\n<hr \/>\n","protected":false},"excerpt":{"rendered":"<p>Presentaci\u00f3n El \u00c1rea Tem\u00e1tica 2 surgi\u00f3 de conversaciones durante la Segunda Reuni\u00f3n Internacional de la red WATERLAT realizada en San Pablo en 2010. El nombre del \u00c1rea Tem\u00e1tica, \u201cAgua y Megaproyectos\u201d, se\u00f1ala nuestra preocupaci\u00f3n con cambios a nivel territorial en las relaciones entre poblaciones humanas y el agua. Consideramos que tales cambios son provocados por [&hellip;]<\/p>\n","protected":false},"author":1,"featured_media":0,"parent":12747,"menu_order":0,"comment_status":"closed","ping_status":"closed","template":"page-templates\/full-width.php","meta":{"footnotes":""},"class_list":["post-1832","page","type-page","status-publish","hentry"],"_links":{"self":[{"href":"https:\/\/roxpublicidade.com.br\/waterlat\/01\/wp-json\/wp\/v2\/pages\/1832","targetHints":{"allow":["GET"]}}],"collection":[{"href":"https:\/\/roxpublicidade.com.br\/waterlat\/01\/wp-json\/wp\/v2\/pages"}],"about":[{"href":"https:\/\/roxpublicidade.com.br\/waterlat\/01\/wp-json\/wp\/v2\/types\/page"}],"author":[{"embeddable":true,"href":"https:\/\/roxpublicidade.com.br\/waterlat\/01\/wp-json\/wp\/v2\/users\/1"}],"replies":[{"embeddable":true,"href":"https:\/\/roxpublicidade.com.br\/waterlat\/01\/wp-json\/wp\/v2\/comments?post=1832"}],"version-history":[{"count":0,"href":"https:\/\/roxpublicidade.com.br\/waterlat\/01\/wp-json\/wp\/v2\/pages\/1832\/revisions"}],"up":[{"embeddable":true,"href":"https:\/\/roxpublicidade.com.br\/waterlat\/01\/wp-json\/wp\/v2\/pages\/12747"}],"wp:attachment":[{"href":"https:\/\/roxpublicidade.com.br\/waterlat\/01\/wp-json\/wp\/v2\/media?parent=1832"}],"curies":[{"name":"wp","href":"https:\/\/api.w.org\/{rel}","templated":true}]}}