{"id":1815,"date":"2016-09-04T16:29:08","date_gmt":"2016-09-04T16:29:08","guid":{"rendered":"http:\/\/waterlat.org\/es\/?page_id=1815"},"modified":"2016-09-04T16:29:08","modified_gmt":"2016-09-04T16:29:08","slug":"galeria-multimedios-del-at7","status":"publish","type":"page","link":"https:\/\/roxpublicidade.com.br\/waterlat\/01\/es\/areas-tematicas-2\/at7\/galeria-multimedios-del-at7\/","title":{"rendered":"Galer\u00eda Multimedios del AT7"},"content":{"rendered":"<h2>Lista de Reproducci\u00f3n en Youtube<\/h2>\n<p>Miembros del AT7 crearon y mantienen el Canal de Youtube de la Red. El canal contiene entrevistas, videos de sesiones en las reuniones regulares de la Red, videos de actividades de investigaci\u00f3n incluyendo entrevistas, visitas de campo, y otros materiales. Adem\u00e1s, el AT7 tiene su propia Lista de Reproducci\u00f3n en el Canal de Youtube de la Red.<\/p>\n<p><span style=\"text-decoration: underline;\">Lista de Reproducci\u00f3n del AT7 en el Canal de Youtube de la Red<\/span><\/p>\n<p><iframe loading=\"lazy\" src=\"https:\/\/www.youtube.com\/embed\/videoseries?list=PLx6qphzdSP6u_RzjcUyQOWXZ9v3Y-H2kc\" width=\"560\" height=\"315\" frameborder=\"0\" allowfullscreen=\"allowfullscreen\"><\/iframe><\/p>\n<p>&nbsp;<\/p>\n<h2>\u00c1lbumes en la galer\u00eda fotogr\u00e1fica en Flickr<\/h2>\n<p>Miembros del AT7 crearon y mantienen la galer\u00eda fotogr\u00e1fica de la Red en Flickr, la cual contiene una serie de \u00e1lbumes tem\u00e1ticos.<\/p>\n<p><span style=\"text-decoration: underline;\">Visite la galer\u00eda fotogr\u00e1fica de la Red en Flickr<\/span><\/p>\n<p><a title=\"Projeto Integra\u00e7\u00e3o do Rio S\u00e3o Francisco \/ S\u00e3o Francisco River Integration Project, Para\u00edba, Brasil\" href=\"https:\/\/www.flickr.com\/photos\/125391306@N03\/29111393435\/in\/dateposted-public\/\" data-flickr-embed=\"true\"><img loading=\"lazy\" decoding=\"async\" src=\"https:\/\/c4.staticflickr.com\/9\/8304\/29111393435_a60c950d84_z.jpg\" alt=\"Projeto Integra\u00e7\u00e3o do Rio S\u00e3o Francisco \/ S\u00e3o Francisco River Integration Project, Para\u00edba, Brasil\" width=\"640\" height=\"427\" \/><\/a><script async src=\"\/\/embedr.flickr.com\/assets\/client-code.js\" charset=\"utf-8\"><\/script><\/p>\n<p>&nbsp;<\/p>\n<p><a href=\"https:\/\/roxpublicidade.com.br\/waterlat\/01\/es\/areas-tematicas\/at7\/\">Volver a la Presentaci\u00f3n del AT7<\/a><\/p>\n","protected":false},"excerpt":{"rendered":"<p>Lista de Reproducci\u00f3n en Youtube Miembros del AT7 crearon y mantienen el Canal de Youtube de la Red. El canal contiene entrevistas, videos de sesiones en las reuniones regulares de la Red, videos de actividades de investigaci\u00f3n incluyendo entrevistas, visitas de campo, y otros materiales. Adem\u00e1s, el AT7 tiene su propia Lista de Reproducci\u00f3n en [&hellip;]<\/p>\n","protected":false},"author":1,"featured_media":0,"parent":1813,"menu_order":0,"comment_status":"closed","ping_status":"closed","template":"page-templates\/full-width.php","meta":{"footnotes":""},"class_list":["post-1815","page","type-page","status-publish","hentry"],"_links":{"self":[{"href":"https:\/\/roxpublicidade.com.br\/waterlat\/01\/wp-json\/wp\/v2\/pages\/1815","targetHints":{"allow":["GET"]}}],"collection":[{"href":"https:\/\/roxpublicidade.com.br\/waterlat\/01\/wp-json\/wp\/v2\/pages"}],"about":[{"href":"https:\/\/roxpublicidade.com.br\/waterlat\/01\/wp-json\/wp\/v2\/types\/page"}],"author":[{"embeddable":true,"href":"https:\/\/roxpublicidade.com.br\/waterlat\/01\/wp-json\/wp\/v2\/users\/1"}],"replies":[{"embeddable":true,"href":"https:\/\/roxpublicidade.com.br\/waterlat\/01\/wp-json\/wp\/v2\/comments?post=1815"}],"version-history":[{"count":0,"href":"https:\/\/roxpublicidade.com.br\/waterlat\/01\/wp-json\/wp\/v2\/pages\/1815\/revisions"}],"up":[{"embeddable":true,"href":"https:\/\/roxpublicidade.com.br\/waterlat\/01\/wp-json\/wp\/v2\/pages\/1813"}],"wp:attachment":[{"href":"https:\/\/roxpublicidade.com.br\/waterlat\/01\/wp-json\/wp\/v2\/media?parent=1815"}],"curies":[{"name":"wp","href":"https:\/\/api.w.org\/{rel}","templated":true}]}}