{"id":1797,"date":"2017-01-22T16:36:45","date_gmt":"2017-01-22T16:36:45","guid":{"rendered":"http:\/\/waterlat.org\/pt\/?page_id=1797"},"modified":"2017-01-22T16:36:45","modified_gmt":"2017-01-22T16:36:45","slug":"cadernos","status":"publish","type":"page","link":"https:\/\/roxpublicidade.com.br\/waterlat\/01\/pt\/areas-tematicas\/at5\/cadernos\/","title":{"rendered":"Cadernos de Trabalho da AT5"},"content":{"rendered":"<p>A AT5 tem uma S\u00e9rie dentro dos Cadernos de Trabalho da Rede WATERLAT-GOBACIT: Serie \u00c1reas Tem\u00e1ticas, AT5 \u00c1gua e Sa\u00fade.<\/p>\n<h2><\/h2>\n<h2><\/h2>\n<p><a href=\"https:\/\/roxpublicidade.com.br\/waterlat\/01\/wp-content\/uploads\/2017\/03\/Tapa-SATGSA-1.jpg\"><img loading=\"lazy\" decoding=\"async\" class=\"alignnone size-medium wp-image-2717\" src=\"https:\/\/roxpublicidade.com.br\/waterlat\/01\/wp-content\/uploads\/2017\/03\/Tapa-SATGSA-1.jpg\" alt=\"Tapa WPSATAM22\" width=\"212\" height=\"300\" \/><\/a>.<\/p>\n<h2><\/h2>\n<p><b>Desigualdade estrutural e microcefalia: a determina\u00e7\u00e3o social de uma epidemia. <\/b>. (em ingl\u00eas, portugu\u00eas, e espanhol).<br \/>\n Editado por J.E.Castro e A. Monteiro Costa, com art\u00edgos de J.E. Castro, E. Maricato, P. R. Santiago, A. Monteiro Costa, L. Giraldo da Silva Augusto, S.Laurentino dos Santos,F. Diderichsen, I. Gomes Dantas Gurgel, A. do Monte Gurgel, C. Azevedo Guedes and A. Carlile Holanda Lavor. <\/p>\n<h2><\/h2>\n<p><a href=\"https:\/\/roxpublicidade.com.br\/waterlat\/01\/pt\/areas-tematicas\/at5\/\">Voltar \u00e0 Apresenta\u00e7\u00e3o da AT5<\/a><\/p>\n","protected":false},"excerpt":{"rendered":"<p>A AT5 tem uma S\u00e9rie dentro dos Cadernos de Trabalho da Rede WATERLAT-GOBACIT: Serie \u00c1reas Tem\u00e1ticas, AT5 \u00c1gua e Sa\u00fade. . Desigualdade estrutural e microcefalia: a determina\u00e7\u00e3o social de uma epidemia. . (em ingl\u00eas, portugu\u00eas, e espanhol). Editado por J.E.Castro e A. Monteiro Costa, com art\u00edgos de J.E. Castro, E. Maricato, P. R. Santiago, A. [&hellip;]<\/p>\n","protected":false},"author":1,"featured_media":0,"parent":1766,"menu_order":0,"comment_status":"closed","ping_status":"closed","template":"page-templates\/full-width.php","meta":{"footnotes":""},"class_list":["post-1797","page","type-page","status-publish","hentry"],"_links":{"self":[{"href":"https:\/\/roxpublicidade.com.br\/waterlat\/01\/wp-json\/wp\/v2\/pages\/1797","targetHints":{"allow":["GET"]}}],"collection":[{"href":"https:\/\/roxpublicidade.com.br\/waterlat\/01\/wp-json\/wp\/v2\/pages"}],"about":[{"href":"https:\/\/roxpublicidade.com.br\/waterlat\/01\/wp-json\/wp\/v2\/types\/page"}],"author":[{"embeddable":true,"href":"https:\/\/roxpublicidade.com.br\/waterlat\/01\/wp-json\/wp\/v2\/users\/1"}],"replies":[{"embeddable":true,"href":"https:\/\/roxpublicidade.com.br\/waterlat\/01\/wp-json\/wp\/v2\/comments?post=1797"}],"version-history":[{"count":0,"href":"https:\/\/roxpublicidade.com.br\/waterlat\/01\/wp-json\/wp\/v2\/pages\/1797\/revisions"}],"up":[{"embeddable":true,"href":"https:\/\/roxpublicidade.com.br\/waterlat\/01\/wp-json\/wp\/v2\/pages\/1766"}],"wp:attachment":[{"href":"https:\/\/roxpublicidade.com.br\/waterlat\/01\/wp-json\/wp\/v2\/media?parent=1797"}],"curies":[{"name":"wp","href":"https:\/\/api.w.org\/{rel}","templated":true}]}}