{"id":1794,"date":"2016-06-30T17:38:08","date_gmt":"2016-06-30T17:38:08","guid":{"rendered":"http:\/\/waterlat.org\/es\/?page_id=1794"},"modified":"2016-06-30T17:38:08","modified_gmt":"2016-06-30T17:38:08","slug":"cuadernos-de-trabajo-del-at8","status":"publish","type":"page","link":"https:\/\/roxpublicidade.com.br\/waterlat\/01\/es\/areas-tematicas-2\/at8\/cuadernos-de-trabajo-del-at8\/","title":{"rendered":"Cuadernos de Trabajo del AT8"},"content":{"rendered":"<p>El AT8 tiene una Serie propia dentro de los Cuadernos de Trabajo de la Red WATERLAT-GOBACIT: Serie \u00c1reas Tem\u00e1ticas, AT8 Desastres Relacionados con el Agua.<br \/>\nEl AT tambi\u00e9n ha publicado n\u00fameros de los Cuadernos de Trabajo conjuntamente con otras \u00c1reas Tem\u00e1ticas sobre temas de inter\u00e9s com\u00fan.<\/p>\n<h2><\/h2>\n<h2><\/h2>\n<p><a href=\"https:\/\/roxpublicidade.com.br\/waterlat\/01\/wp-content\/uploads\/2023\/05\/SATADV1No1.jpg\"><img loading=\"lazy\" decoding=\"async\" class=\"alignnone size-medium wp-image-2717\" src=\"https:\/\/roxpublicidade.com.br\/waterlat\/01\/wp-content\/uploads\/2023\/05\/SATADV1No1.jpg\" alt=\"Tapa WPSATAM22\" width=\"212\" height=\"300\" \/><\/a>.<\/p>\n<h2><\/h2>\n<p><b>Desastres relacionados con el agua: de los desaf\u00edos transescalares a la multivocalidad interpretativa<\/b> (espa\u00f1ol y portugu\u00e9s). Editado por N. Valencio, con art\u00edculos de J. P. Roze,R. Taddei, L. Louren\u00e7o, A. Nunes, R. L. do Carmo, T. Mayumi Anazawa, I. Cavallini Johansen, S. Younes-Ibrahim, L. H. de S\u00e1, C. S. da Costa,D. A. Bernal Arias, E. Marandola Jr., R. Duarte Venturato-Landmann e Norma Valencio. <\/p>\n<h2><\/h2>\n<p>Vol. 1 No 1, septiembre de  2014. <a href=\"https:\/\/roxpublicidade.com.br\/waterlat\/01\/WPapers\/WPSATADNo1.pdf\">Baje el n\u00famero aqu\u00ed<\/a>.<\/p>\n<h2><\/h2>\n<p><a href=\"https:\/\/roxpublicidade.com.br\/waterlat\/01\/wp-content\/uploads\/2023\/05\/CapaSATAD217.jpg\"><img loading=\"lazy\" decoding=\"async\" class=\"alignnone size-medium wp-image-2717\" src=\"https:\/\/roxpublicidade.com.br\/waterlat\/01\/wp-content\/uploads\/2023\/05\/CapaSATAD217.jpg\" alt=\"Tapa WPSATAM22\" width=\"212\" height=\"300\" \/><\/a>.<\/p>\n<h2><\/h2>\n<p><b>El contexto brasile\u00f1o de discusi\u00f3n human\u00edstica sobre la desnaturalizaci\u00f3n de los desastres<\/b> (en portugu\u00e9s). Editado por N. Valencio, con art\u00edculos de C. Losekann, A. C. de Oliveira S\u00e1, A. Augusto Santos,<br \/>\nB. Jesus, J. Castro, L. Lima, L. Tin\u00f4co, L.eonardo Muniz,L. Cavalcante Fragotti, T. Batista Costa, W. Galv\u00e3o,<br \/>\nS. Portella, S. Santos Oliveira,M. de Jesus Morais, S. Simione da Silva, E. Andrade de Paula, A. P. C. Ferreira, A. Siqueira y V.  Marchezini. <\/p>\n<h2><\/h2>\n<p>Vol. 2 No 17, diciembre de  2015. <a href=\"https:\/\/roxpublicidade.com.br\/waterlat\/01\/WPapers\/WPSATAD217.pdf\">Baje el n\u00famero aqu\u00ed<\/a>.<\/p>\n<h2><\/h2>\n<p><a href=\"https:\/\/roxpublicidade.com.br\/waterlat\/01\/wp-content\/uploads\/2023\/05\/WPSATAD31.jpg\"><img loading=\"lazy\" decoding=\"async\" class=\"alignnone size-medium wp-image-2717\" src=\"https:\/\/roxpublicidade.com.br\/waterlat\/01\/wp-content\/uploads\/2023\/05\/WPSATAD31.jpg\" alt=\"Tapa WPSATAM22\" width=\"212\" height=\"300\" \/><\/a>.<\/p>\n<h2><\/h2>\n<p><b>Aguas turbulentas: la construcci\u00f3n social de desastres en diferentes contextos nacionales<\/b> (en espa\u00f1ol y portugu\u00e9s). Editado por N. Valencio, con art\u00edculos de J. P. Roze, K. da Costa,J. D. Mor\u00e1n Escamilla, e I. dos Santos Paquete Fernandes. <\/p>\n<h2><\/h2>\n<p>Vol. 3 No 1, junio de  2016. <a href=\"https:\/\/roxpublicidade.com.br\/waterlat\/01\/WPapers\/WPSATAD31.pdf\">Baje el n\u00famero aqu\u00ed<\/a>.<\/p>\n<h2><\/h2>\n<p><a href=\"https:\/\/roxpublicidade.com.br\/waterlat\/01\/es\/areas-tematicas\/at8\/\">Volver a la Presentaci\u00f3n del AT8<\/a><\/p>\n","protected":false},"excerpt":{"rendered":"<p>El AT8 tiene una Serie propia dentro de los Cuadernos de Trabajo de la Red WATERLAT-GOBACIT: Serie \u00c1reas Tem\u00e1ticas, AT8 Desastres Relacionados con el Agua. El AT tambi\u00e9n ha publicado n\u00fameros de los Cuadernos de Trabajo conjuntamente con otras \u00c1reas Tem\u00e1ticas sobre temas de inter\u00e9s com\u00fan. . Desastres relacionados con el agua: de los desaf\u00edos [&hellip;]<\/p>\n","protected":false},"author":1,"featured_media":0,"parent":1791,"menu_order":0,"comment_status":"closed","ping_status":"closed","template":"page-templates\/full-width.php","meta":{"footnotes":""},"class_list":["post-1794","page","type-page","status-publish","hentry"],"_links":{"self":[{"href":"https:\/\/roxpublicidade.com.br\/waterlat\/01\/wp-json\/wp\/v2\/pages\/1794","targetHints":{"allow":["GET"]}}],"collection":[{"href":"https:\/\/roxpublicidade.com.br\/waterlat\/01\/wp-json\/wp\/v2\/pages"}],"about":[{"href":"https:\/\/roxpublicidade.com.br\/waterlat\/01\/wp-json\/wp\/v2\/types\/page"}],"author":[{"embeddable":true,"href":"https:\/\/roxpublicidade.com.br\/waterlat\/01\/wp-json\/wp\/v2\/users\/1"}],"replies":[{"embeddable":true,"href":"https:\/\/roxpublicidade.com.br\/waterlat\/01\/wp-json\/wp\/v2\/comments?post=1794"}],"version-history":[{"count":0,"href":"https:\/\/roxpublicidade.com.br\/waterlat\/01\/wp-json\/wp\/v2\/pages\/1794\/revisions"}],"up":[{"embeddable":true,"href":"https:\/\/roxpublicidade.com.br\/waterlat\/01\/wp-json\/wp\/v2\/pages\/1791"}],"wp:attachment":[{"href":"https:\/\/roxpublicidade.com.br\/waterlat\/01\/wp-json\/wp\/v2\/media?parent=1794"}],"curies":[{"name":"wp","href":"https:\/\/api.w.org\/{rel}","templated":true}]}}