{"id":1791,"date":"2016-06-30T17:14:46","date_gmt":"2016-06-30T17:14:46","guid":{"rendered":"http:\/\/waterlat.org\/es\/?page_id=1791"},"modified":"2016-06-30T17:14:46","modified_gmt":"2016-06-30T17:14:46","slug":"at8","status":"publish","type":"page","link":"https:\/\/roxpublicidade.com.br\/waterlat\/01\/es\/areas-tematicas-2\/at8\/","title":{"rendered":"AT8 &#8211; Desastres Relacionados con el Agua"},"content":{"rendered":"<h2>Presentaci\u00f3n<\/h2>\n<p>El AT8 es un espacio de encuentro de investigadores, autoridades comunitarias, activistas, y luchadores y luchadoras sociales interesados en conocer, analizar y discutir la relaci\u00f3n entre agua y desastres. Esto, dentro del marco de los <a href=\"https:\/\/roxpublicidade.com.br\/waterlat\/01\/es\/comienzo\/objetivos\/\">objetivos estrat\u00e9gicos<\/a> de la Red WATERLAT-GOBACIT, particularmente: contribuir al debate te\u00f3rico y metodol\u00f3gico relacionados con la investigaci\u00f3n en temas del agua; consolidar una red internacional de investigaci\u00f3n dedicada al estudio de las condiciones y requisitos para el desarrollo de una gesti\u00f3n sustentable y democr\u00e1tica del agua; as\u00ed como contribuir a mejorar las condiciones que permitan un mayor grado de \u00e9xito a nivel local en el logro de avances concretos en relaci\u00f3n al bienestar y bienvivir de las comunidades humanas.<\/p>\n<p>Como espacio de di\u00e1logo y acci\u00f3n, partimos de la idea de que los desastres relacionados con el agua son procesos sociales multidimensionales, <strong>nunca exclusivamente naturales<\/strong>. Los mismos se encuentran \u00edntimamente vinculados al contexto sociopol\u00edtico, cultural y econ\u00f3mico donde se registran y desarrollan. En este sentido la lluvia, el agua que corre por el cauce de un r\u00edo y desborda, la presa que abre las compuertas para que escurra agua por el r\u00edo represado, para mencionar unos pocos ejemplos, se encuentran amalgamados con una producci\u00f3n hist\u00f3rica, material, simb\u00f3lica, econ\u00f3mica y pol\u00edtica del espacio y del tiempo urbano-rural en el que se construyen los desastres.<\/p>\n<p>En relaci\u00f3n a lo anterior, en el AT8 identificamos una serie de puntos axiales de observaci\u00f3n para fundar nuestra reflexi\u00f3n intelectual y pol\u00edtica sobre c\u00f3mo se construyen socialmente los desastres relacionados con el agua. Entre otros temas, observamos la construcci\u00f3n de grandes obras hidr\u00e1ulicas, las formas de propiedad y otros elementos normativos y regulatorios en relaci\u00f3n al agua, los usos del agua, las pol\u00edticas p\u00fablicas dirigidas a la protecci\u00f3n contra fen\u00f3menos clim\u00e1ticos extremos, las movilizaciones sociales de grupos afectados por desastres relacionados con el agua, etc. Tambi\u00e9n nos proponemos registrar y analizar c\u00f3mo se controla, acumula, distribuye y trasvasa el agua, y las consecuencias de estas actividades sobre las poblaciones humanas. Nuestro enfoque busca examinar y profundizar en la discusi\u00f3n sobre la construcci\u00f3n social de los desastres y su interrelaci\u00f3n con complejas escalas de poder social, en un contexto de amplia desigualdad e injusticia social y jur\u00eddica.<\/p>\n<p>Los temas e intereses de investigaci\u00f3n del AT8 se intersectan con los de varias \u00c1reas Tem\u00e1ticas: <a href=\"https:\/\/roxpublicidade.com.br\/waterlat\/01\/es\/areas-tematicas\/at1\/\">La X-disciplinaridad en la Investigaci\u00f3n y la Acci\u00f3n<\/a>, <a href=\"https:\/\/roxpublicidade.com.br\/waterlat\/01\/es\/areas-tematicas\/at3\/\">AT3, Ciclo Urbano del Agua y Servicios P\u00fablicos Esenciales<\/a>; AT5 Agua y Salud; y <a href=\"https:\/\/roxpublicidade.com.br\/waterlat\/01\/es\/areas-tematicas\/at6\/\">AT6 Cuencas, Territorios y Espacios Hidrosociales<\/a>. El AT8 tambi\u00e9n tiene una cercan\u00eda evidente con los temas que cubre el AT7, Arte, Comunicaci\u00f3n, Cultura y Educaci\u00f3n. En relaci\u00f3n con el AT7, la fragilidad ante las amenazas construidas por la ambici\u00f3n de grupos de poder, la vulnerabilidad de los sectores sociales excluidos y la solidaridad humana ante la adversidad derivada de los impactos de los desastres relacionados con el agua, son solo algunos de los temas registrados en la pintura, el cine, la fotograf\u00eda y la narrativa y la poes\u00eda de todos los tiempos. Por todas estas razones, el AT8 se propone trabajar en estrecha colaboraci\u00f3n con las otras ATs, aprovechando los puntos de intersecci\u00f3n tem\u00e1ticos.<\/p>\n<p>Bajo estas consideraciones, el AT8 procura contribuir al debate te\u00f3rico y metodol\u00f3gico sobre el tema de Desastres Relacionados con el Agua entre los integrantes de la RED WATERLAT-GOBACIT. Tambi\u00e9n nos interesa hacer una contribuci\u00f3n en el campo de las pol\u00edticas p\u00fablicas, con el objeto de apoyar la renovaci\u00f3n del pensamiento en las esferas de la administraci\u00f3n gubernamental y la acci\u00f3n civil para prevenir y responder a los desastres desde una perspectiva democr\u00e1tica y de equidad social.<\/p>\n<h2><\/h2>\n<h2><a href=\"https:\/\/roxpublicidade.com.br\/waterlat\/01\/es\/areas-tematicas\/at8\/libros-del-at8\/%20%E2%80%8E\">Libros del AT8<\/a><\/h2>\n<h2><a href=\"https:\/\/roxpublicidade.com.br\/waterlat\/01\/es\/areas-tematicas\/at8\/cuadernos-de-trabajo-del-at8\/\">Cuadernos de Trabajo del AT8<\/a><\/h2>\n<h2><a href=\"https:\/\/roxpublicidade.com.br\/waterlat\/01\/es\/areas-tematicas\/at8\/galeria-multimedios-del-at8\/\">Galer\u00eda Multimedios del AT8<\/a><\/h2>\n<h2><\/h2>\n<hr \/>\n","protected":false},"excerpt":{"rendered":"<p>Presentaci\u00f3n El AT8 es un espacio de encuentro de investigadores, autoridades comunitarias, activistas, y luchadores y luchadoras sociales interesados en conocer, analizar y discutir la relaci\u00f3n entre agua y desastres. Esto, dentro del marco de los objetivos estrat\u00e9gicos de la Red WATERLAT-GOBACIT, particularmente: contribuir al debate te\u00f3rico y metodol\u00f3gico relacionados con la investigaci\u00f3n en temas [&hellip;]<\/p>\n","protected":false},"author":1,"featured_media":0,"parent":12747,"menu_order":0,"comment_status":"closed","ping_status":"closed","template":"page-templates\/full-width.php","meta":{"footnotes":""},"class_list":["post-1791","page","type-page","status-publish","hentry"],"_links":{"self":[{"href":"https:\/\/roxpublicidade.com.br\/waterlat\/01\/wp-json\/wp\/v2\/pages\/1791","targetHints":{"allow":["GET"]}}],"collection":[{"href":"https:\/\/roxpublicidade.com.br\/waterlat\/01\/wp-json\/wp\/v2\/pages"}],"about":[{"href":"https:\/\/roxpublicidade.com.br\/waterlat\/01\/wp-json\/wp\/v2\/types\/page"}],"author":[{"embeddable":true,"href":"https:\/\/roxpublicidade.com.br\/waterlat\/01\/wp-json\/wp\/v2\/users\/1"}],"replies":[{"embeddable":true,"href":"https:\/\/roxpublicidade.com.br\/waterlat\/01\/wp-json\/wp\/v2\/comments?post=1791"}],"version-history":[{"count":0,"href":"https:\/\/roxpublicidade.com.br\/waterlat\/01\/wp-json\/wp\/v2\/pages\/1791\/revisions"}],"up":[{"embeddable":true,"href":"https:\/\/roxpublicidade.com.br\/waterlat\/01\/wp-json\/wp\/v2\/pages\/12747"}],"wp:attachment":[{"href":"https:\/\/roxpublicidade.com.br\/waterlat\/01\/wp-json\/wp\/v2\/media?parent=1791"}],"curies":[{"name":"wp","href":"https:\/\/api.w.org\/{rel}","templated":true}]}}