{"id":1766,"date":"2017-01-22T16:16:23","date_gmt":"2017-01-22T16:16:23","guid":{"rendered":"http:\/\/waterlat.org\/pt\/?page_id=1766"},"modified":"2017-01-22T16:16:23","modified_gmt":"2017-01-22T16:16:23","slug":"at5","status":"publish","type":"page","link":"https:\/\/roxpublicidade.com.br\/waterlat\/01\/pt\/areas-tematicas\/at5\/","title":{"rendered":"AT5 &#8211; \u00c1gua e Sa\u00fade"},"content":{"rendered":"<h2>Apresenta\u00e7\u00e3o<\/h2>\n<p>A AT5 se concentra nas rela\u00e7\u00f5es entre a \u00e1gua e a sa\u00fade ambiental e humana em sus diversas manifesta\u00e7\u00f5es, e se prop\u00f5e contribuir na produ\u00e7\u00e3o de conhecimento orientado pelos <a href=\"https:\/\/roxpublicidade.com.br\/waterlat\/01\/es\/comienzo\/objetivos\/\">Objetivos<\/a> e <a href=\"https:\/\/roxpublicidade.com.br\/waterlat\/01\/es\/comienzo\/prioridades-de-investigacion\/\">Prioridades de pesquisa<\/a> da Rede.<\/p>\n<p>Uma sub\u00e1rea priorit\u00e1ria da AT5 tem que ver com a rela\u00e7\u00e3o entre os servi\u00e7os de saneamento essenciais e a sa\u00fade humana. Tradicionalmente, o acesso aos servi\u00e7os de saneamento b\u00e1sico em rela\u00e7\u00e3o a cobertura \u2013no necessariamente em qualidade\u2013 se ha tomado como condi\u00e7\u00e3o necess\u00e1ria para o bem-estar e a sa\u00fade humana. Embora, quando analisamos o tema do acesso a estes servi\u00e7os, devemos perguntar tamb\u00e9m pela sua qualidade e distribui\u00e7\u00e3o entre os distintos grupos sociais. De outro lado, desde o modelo da determina\u00e7\u00e3o social da sa\u00fade, \u00e9 bem conhecido que a situa\u00e7\u00e3o de pobreza numa sociedade particular reproduz e mant\u00e9m inequidades historicamente constru\u00eddas, que parecem justificar uma esp\u00e9cie de determinismo social sem esperan\u00e7a para os grupos mais vulner\u00e1veis. Tamb\u00e9m, al\u00e9m da vulnerabiliza\u00e7\u00e3o social, a din\u00e2mica hidrol\u00f3gica atual da \u00e1gua tem sido afetada pelo novo tensor ambiental global da mudan\u00e7a e variabilidade clim\u00e1ticas. Este tensor exacerba os efeitos de eventos de \u201cexcessiva abundancia\u201d e \u201cescassez\u201d de \u00e1gua sobre distintos grupos sociais, que tem maior severidade sobre os grupos precisamente mais vulner\u00e1veis localizados usualmente em territ\u00f3rios com uma mala qualidade ambiental e sem acesso adequado aos servi\u00e7os de saneamento b\u00e1sico. Desta forma, ainda se o v\u00ednculo entre \u00e1gua e sa\u00fade se apresenta como obvio, resulta que a sustentabilidade \u2013e n\u00e3o somente a tradicional vis\u00e3o tecnocr\u00e1tica de quantidade e qualidade\u2013 dos servi\u00e7os de saneamento b\u00e1sico, surge como uma propriedade vital para garantir, em \u00faltima instancia, a sa\u00fade humana. De este modo, emergem duas dimens\u00f5es para enfrentar os problemas de acesso aos servi\u00e7os de saneamento b\u00e1sico e de sa\u00fade: por uma parte, a desigualdade social associada as condi\u00e7\u00f5es de vida o ao estado de pobreza e, por outra parte, a sustentabilidade. Este enfoque requer indagar pelas categorias pol\u00edticas, socioecon\u00f3micas, culturais e de justi\u00e7a social, que em \u00faltima instancia constituem a determina\u00e7\u00e3o estrutural do atual <em>status quo<\/em> de inequidade que continua afetando a muitas comunidades humanas.<\/p>\n<p>&nbsp;<\/p>\n<h2><a href=\"https:\/\/roxpublicidade.com.br\/waterlat\/01\/pt\/areas-tematicas\/at5\/livros-da-at5\/\">Livros da AT5<\/a><\/h2>\n<h2><a href=\"https:\/\/roxpublicidade.com.br\/waterlat\/01\/pt\/areas-tematicas\/at5\/cadernos\/\">Cadernos de Trabalho da AT5<\/a><\/h2>\n<h2><a href=\"https:\/\/roxpublicidade.com.br\/waterlat\/01\/pt\/areas-tematicas\/at5\/galeria-multi-midia-da-at5\/\">Galer\u00eda multim\u00eddia<\/a><\/h2>\n","protected":false},"excerpt":{"rendered":"<p>Apresenta\u00e7\u00e3o A AT5 se concentra nas rela\u00e7\u00f5es entre a \u00e1gua e a sa\u00fade ambiental e humana em sus diversas manifesta\u00e7\u00f5es, e se prop\u00f5e contribuir na produ\u00e7\u00e3o de conhecimento orientado pelos Objetivos e Prioridades de pesquisa da Rede. Uma sub\u00e1rea priorit\u00e1ria da AT5 tem que ver com a rela\u00e7\u00e3o entre os servi\u00e7os de saneamento essenciais e [&hellip;]<\/p>\n","protected":false},"author":1,"featured_media":0,"parent":12707,"menu_order":0,"comment_status":"closed","ping_status":"closed","template":"page-templates\/full-width.php","meta":{"footnotes":""},"class_list":["post-1766","page","type-page","status-publish","hentry"],"_links":{"self":[{"href":"https:\/\/roxpublicidade.com.br\/waterlat\/01\/wp-json\/wp\/v2\/pages\/1766","targetHints":{"allow":["GET"]}}],"collection":[{"href":"https:\/\/roxpublicidade.com.br\/waterlat\/01\/wp-json\/wp\/v2\/pages"}],"about":[{"href":"https:\/\/roxpublicidade.com.br\/waterlat\/01\/wp-json\/wp\/v2\/types\/page"}],"author":[{"embeddable":true,"href":"https:\/\/roxpublicidade.com.br\/waterlat\/01\/wp-json\/wp\/v2\/users\/1"}],"replies":[{"embeddable":true,"href":"https:\/\/roxpublicidade.com.br\/waterlat\/01\/wp-json\/wp\/v2\/comments?post=1766"}],"version-history":[{"count":0,"href":"https:\/\/roxpublicidade.com.br\/waterlat\/01\/wp-json\/wp\/v2\/pages\/1766\/revisions"}],"up":[{"embeddable":true,"href":"https:\/\/roxpublicidade.com.br\/waterlat\/01\/wp-json\/wp\/v2\/pages\/12707"}],"wp:attachment":[{"href":"https:\/\/roxpublicidade.com.br\/waterlat\/01\/wp-json\/wp\/v2\/media?parent=1766"}],"curies":[{"name":"wp","href":"https:\/\/api.w.org\/{rel}","templated":true}]}}