{"id":1678,"date":"2014-11-05T12:51:16","date_gmt":"2014-11-05T12:51:16","guid":{"rendered":"http:\/\/waterlat.org\/?page_id=1678"},"modified":"2025-12-11T13:35:12","modified_gmt":"2025-12-11T16:35:12","slug":"waterlat-gobacit-student-prize-2014","status":"publish","type":"page","link":"https:\/\/roxpublicidade.com.br\/waterlat\/01\/waterlat-student-prize\/waterlat-gobacit-student-prize-2014\/","title":{"rendered":"2014 WATERLAT-GOBACIT Student Prize"},"content":{"rendered":"<p style=\"text-align: left;\">The first call for applications to the WATERLAT-GOBACIT Student Prize was for dissertations approved between 1 January 2012 and 31 December 2013 and closed on 31 January 2014. We had 12 applications, 5 for the Masters Prize and 7 for the Doctoral Prize. We appointed an Evaluation Commission composed by 15 academics, including several external to our Network. We provide below the details of the Evaluation Commission.<\/p>\n<p>There were two winners, who will have their thesis published as a book by a consortium led by the State University of Paraiba Press (UEPB), Paraiba, Brazil. The awards were announced during the <a title=\"WATERLAT 2014\" href=\"https:\/\/roxpublicidade.com.br\/waterlat\/01\/meetings\/public-meetings\/waterlat-2014\/\">VI WATERLAT-GOBACIT Annual Meeting<\/a> that took place on 27-31 October 2014 in Manizales, Colombia.<\/p>\n<p>Also, given that we had a very strong field, the <a href=\"https:\/\/roxpublicidade.com.br\/waterlat\/01\/publications\/publications-commission\/\">Editorial Commission<\/a> decided to invite all other candidates to submit an article based on their thesis for publication in the Student Prize Series (SPREMIO) of the Network&#8217;s <a href=\"https:\/\/roxpublicidade.com.br\/waterlat\/01\/publications\/working-papers-series\/\">Working Papers<\/a>. The articles were published in Antonio Rodr\u00edguez S\u00e1nchez (Ed.), WATERLAT-GOBACIT Working Papers, Vol. 2, No 5, December 2015, <a href=\"https:\/\/roxpublicidade.com.br\/waterlat\/01\/WPapers\/WPSPREMIO25.pdf\">downloadable here<\/a>.<\/p>\n<hr \/>\n<h3>The Prize<\/h3>\n<p><span style=\"text-decoration: underline;\">Doctoral Prize 2014<\/span><\/p>\n<p><strong>Alice Poma<\/strong>. Thesis title: \u201cEnvironmental Conflicts and Cultural Change. An Analysis from the Perspective of the Affected\u201d. PhD in Social Sciences, University Pablo de Olavide, Seville, Spain, 2012. <a href=\"https:\/\/roxpublicidade.com.br\/waterlat\/01\/Thesis\/TESIS_POMA.pdf\">Downloadable here<\/a>.<\/p>\n<p><strong><a href=\"https:\/\/roxpublicidade.com.br\/waterlat\/01\/publications\/books\/defending\/\">Download here<\/a> <\/strong>the book corresponding to the prize, which was published as <span style=\"text-decoration: underline;\">Defending Territory and Dignity. Emotions and Cultural Change in the Struggles against Dams in Spain and Mexico<\/span> [in Spanish].<\/p>\n<p>&nbsp;<\/p>\n<p><span style=\"text-decoration: underline;\">Masters Prize 2014<\/span><\/p>\n<p><strong>Alexandre S\u00e1vio Pereira Ramos<\/strong>. Thesis title: \u201cWater Rationing in Rural Water Supplies in Pernambuco\u2019s Zona da Mata\u201d. Professional Master in Environmental Technology, Technology Institute Association of Pernambuco, Recife, Brazil, 2012. <a href=\"https:\/\/roxpublicidade.com.br\/waterlat\/01\/es\/equipo\/publicaciones-de-miembros\/tesis\/documents\/dissertacaoalexandre.pdf\">Downloadable here<\/a>.<\/p>\n<p>&nbsp;<\/p>\n<hr \/>\n<h3>This is the full list with the 12 candidates that participated:<\/h3>\n<p><strong><span style=\"text-decoration: underline;\">Doctoral Prize<\/span><\/strong><\/p>\n<p><strong>Mar\u00eda Ang\u00e9lica Maciel Costa<\/strong>. Thesis title: \u201cFlows of Water in the Metropolis. Multiple Uses and Participatory Management in Guanabara Bay (RJ), Brazil\u201d. PhD in Urban and Regional Planning, Federal University of Rio de Janeiro, Rio de Janeiro, Brazil, 2013. <a href=\"https:\/\/roxpublicidade.com.br\/waterlat\/01\/Thesis\/MAMacielCosta.pdf\">Downloadable here<\/a>.<\/p>\n<p><strong>Uende Aparecida Figueiredo Gomes<\/strong>. Thesis title: \u201cWater in a Situation of Scarcity: Rainwater for Whom?\u201d PhD in Water and Sanitation, Environment, and Water Resources, Federal University of Minas Gerais, Belo Horizonte, Brazil, 2012. <a href=\"https:\/\/roxpublicidade.com.br\/waterlat\/01\/Thesis\/Gomes.pdf\">Downloadable here<\/a>.<\/p>\n<p><strong>Cicera Maria dos Santos Gomes<\/strong>. Thesis title: \u201cOn the Track of Political Ecology: the Construction of the Pirapama Dam and the Association Ecological Vanguard in the Municipality of Cabo de Santo Agostinho\u201d. PhD in Social Services, Federal University of Pernambuco, Recife, Brazil, 2012. <a href=\"https:\/\/roxpublicidade.com.br\/waterlat\/01\/Thesis\/CiceraGomes.pdf\">Downloadable here<\/a>.<\/p>\n<p><strong>Fernanda Mello Sant\u2019Anna<\/strong>. Thesis title: \u201cMulti-scale Governance of Transboundary Water Resources in the Amazon\u201d. PhD in Human Geography, University of Sao Paulo, Sao Paulo, Brazil, 2013. <a href=\"http:\/\/www.teses.usp.br\/teses\/disponiveis\/8\/8136\/tde-07012014-102610\/pt-br.php\">Downloadable here<\/a>.<\/p>\n<p><strong>Alice Poma<\/strong>. Thesis title: \u201cEnvironmental Conflicts and Cultural Change. An Analysis from the Perspective of the Affected\u201d. PhD in Social Sciences, University Pablo de Olavide, Seville, Spain, 2012. <a href=\"https:\/\/roxpublicidade.com.br\/waterlat\/01\/Thesis\/TESIS_POMA.pdf\">Downloadable here<\/a>.<\/p>\n<p><strong>Pilar Carolina Villar<\/strong>. Thesis title: \u201cThe Search for Governance of the Transboundary Aquifers and the case of the Guarani Aquifer\u201d. PhD in Environmental Science, University of Sao Paulo, Sao Paulo, Brazil, 2012. <a href=\"https:\/\/roxpublicidade.com.br\/waterlat\/01\/Thesis\/Villar.pdf\">Downloadable here<\/a>.<\/p>\n<p><strong>Itzkuauhtli Zamora<\/strong>. Thesis title: \u201cThe Broken Bridges of Collective Action. Social Participation Social in the Recovery of Urban Rivers. The case of the Magdalena River in Mexico City\u201d. PhD in Sociology, Latin American Faculty of Social Sciences (FLACSO), Mexico City, Mexico, 2013. <a href=\"https:\/\/roxpublicidade.com.br\/waterlat\/01\/Thesis\/Tesis_DCS_IZamora.pdf\">Downloadable here<\/a>.<\/p>\n<p>&nbsp;<\/p>\n<p><strong><span style=\"text-decoration: underline;\">Masters Prize<\/span><\/strong><\/p>\n<p><strong>Mari Ximena Celis Barquera<\/strong>. Thesis title: \u201cWater Governance in Mexico and International Cooperation. Case Studies in Xalapa and Tuxtla Guti\u00e9rrez 2009-2011\u201d. Master in International Cooperation for Development, Research Institute Dr Jos\u00e9 Mar\u00eda Luis Mora, Mexico City, Mexico, 2012. <a href=\"https:\/\/roxpublicidade.com.br\/waterlat\/01\/Thesis\/XimenaCelis.pdf\">Downloadable here<\/a>.<\/p>\n<p><strong>Alexandre S\u00e1vio Pereira Ramos<\/strong>. Thesis title: \u201cWater Rationing in Rural Water Supplies in Pernambuco\u2019s Zona da Mata\u201d. Professional Master in Environmental Technology, Technology Institute Association of Pernambuco, Recife, Brazil, 2012. <a href=\"https:\/\/roxpublicidade.com.br\/waterlat\/01\/es\/equipo\/publicaciones-de-miembros\/tesis\/documents\/dissertacaoalexandre.pdf\">Downloadable here<\/a>.<\/p>\n<p><strong>Hermelinda Maria Rocha Ferreira<\/strong>. Thesis title: \u201cSocio-technical Innovations of Integrated Sanitation in Precarious Areas of Recife, Pernambuco\u201d. Professional Master in Environmental Technology, Technology Institute Association of Pernambuco, Recife, Brazil, 2012. <a href=\"https:\/\/roxpublicidade.com.br\/waterlat\/01\/Thesis\/Rocha.pdf\">Downloadable here<\/a>.<\/p>\n<p><strong>Dem\u00e9trius Rodrigues de Freitas Ferreira<\/strong>. Thesis title: \u201cPossibilities and Limitations of Municipal Management in Recife during the Worker\u2019s Party Government (2001-2012)\u201d. Master in Urban Development, Federal University of Pernambuco, Recife, Brazil, 2012. <a href=\"https:\/\/roxpublicidade.com.br\/waterlat\/01\/Thesis\/DemetriusRodrigues.pdf\">Downloadable here<\/a>.<\/p>\n<p><strong>Mar\u00eda de los \u00c1ngeles Sol\u00e1 \u00c1lvarez<\/strong>. Thesis title: \u201cSocio-environmental Conflicts around Open-Cast Metal Megamining. The Case of Famatina, La Rioja, Argentina\u201d. Master in Sociology, University of Buenos Aires, Buenos Aires, Argentina, 2012. <a href=\"https:\/\/roxpublicidade.com.br\/waterlat\/01\/Thesis\/Sola Alvarez.pdf\">Downloadable here<\/a>.<\/p>\n<p>&nbsp;<\/p>\n<hr \/>\n<h3>Evaluation Commission, 2014 edition of the WATERLAT-GOBACIT Student\u2019s Prize<\/h3>\n<p>Dr Ana L\u00facia Britto, Federal University of Rio de Janeiro (UFRJ), Brazil<\/p>\n<p>Dr Alex Caldera, University of Guanajuato, Leon, Guanajuato, Mexico<\/p>\n<p>Dr Pa\u00fal Cisneros, Institute of Higher National Studies (IAEN), Quito, Ecuador<\/p>\n<p>Dr Luis Henrique Cunha, Federal University of Campina Grande (UFCG), Paraiba, Brazil<\/p>\n<p>Dr Marcionila Fernandes, State University of Paraiba (UEPB), Brazil<\/p>\n<p>Dr Javier Gonzaga, University of Caldas, Manizales, Colombia<\/p>\n<p>Dr Alex Latta, Wilfrid Laurier University, Waterloo, Ontario, Canada<\/p>\n<p>Dr Telma Menicucci, Federal University of Minas Gerais (UFMG), Belo Horizonte, Brazil<\/p>\n<p>Dr Andr\u00e9 Monteiro, Aggeu Magalh\u00e3es Research Centre (CPqAM), Oswaldo Cruz Foundation (Fiocruz), Recife, Brazil<\/p>\n<p>Dr Helo\u00edsa Moura, Federal University of Minas Gerais (UFMG), Belo Horizonte, Brazil<\/p>\n<p>Dr Jes\u00fas Ra\u00fal Navarro Garc\u00eda, Higher Council of Scientific Research (CSIC), Seville, Spain<\/p>\n<p>Dr Sonaly Rezende,\u00a0Federal University of Minas Gerais (UFMG), Belo Horizonte, Brazil<\/p>\n<p>Dr Helena Ribeiro,\u00a0University of Sao Paulo, Sao Paulo, Brazil<\/p>\n<p>Dr Em\u00edlia Wanda Rutkowsky, University of Campinas, Sao Paulo, Brazil<\/p>\n<p>Dr Norma Valencio, University of Sao Paulo, Sao Paulo, Brazil<\/p>\n<p>&nbsp;<\/p>\n<p>&nbsp;<\/p>\n<hr \/>\n<p style=\"text-align: center;\">For queries or comments about the WATERLAT-GOBACIT Student Prize, please contact the Network&#8217;s <a href=\"mailto:redwaterlat@gmail.com\">Secretary<\/a>.<\/p>\n<p>&nbsp;<\/p>\n","protected":false},"excerpt":{"rendered":"<p>The first call for applications to the WATERLAT-GOBACIT Student Prize was for dissertations approved between 1 January 2012 and 31 December 2013 and closed on 31 January 2014. We had 12 applications, 5 for the Masters Prize and 7 for the Doctoral Prize. We appointed an Evaluation Commission composed by 15 academics, including several external [&hellip;]<\/p>\n","protected":false},"author":1,"featured_media":0,"parent":365,"menu_order":0,"comment_status":"closed","ping_status":"closed","template":"","meta":{"footnotes":""},"class_list":["post-1678","page","type-page","status-publish","hentry"],"_links":{"self":[{"href":"https:\/\/roxpublicidade.com.br\/waterlat\/01\/wp-json\/wp\/v2\/pages\/1678","targetHints":{"allow":["GET"]}}],"collection":[{"href":"https:\/\/roxpublicidade.com.br\/waterlat\/01\/wp-json\/wp\/v2\/pages"}],"about":[{"href":"https:\/\/roxpublicidade.com.br\/waterlat\/01\/wp-json\/wp\/v2\/types\/page"}],"author":[{"embeddable":true,"href":"https:\/\/roxpublicidade.com.br\/waterlat\/01\/wp-json\/wp\/v2\/users\/1"}],"replies":[{"embeddable":true,"href":"https:\/\/roxpublicidade.com.br\/waterlat\/01\/wp-json\/wp\/v2\/comments?post=1678"}],"version-history":[{"count":1,"href":"https:\/\/roxpublicidade.com.br\/waterlat\/01\/wp-json\/wp\/v2\/pages\/1678\/revisions"}],"predecessor-version":[{"id":13008,"href":"https:\/\/roxpublicidade.com.br\/waterlat\/01\/wp-json\/wp\/v2\/pages\/1678\/revisions\/13008"}],"up":[{"embeddable":true,"href":"https:\/\/roxpublicidade.com.br\/waterlat\/01\/wp-json\/wp\/v2\/pages\/365"}],"wp:attachment":[{"href":"https:\/\/roxpublicidade.com.br\/waterlat\/01\/wp-json\/wp\/v2\/media?parent=1678"}],"curies":[{"name":"wp","href":"https:\/\/api.w.org\/{rel}","templated":true}]}}