{"id":1614,"date":"2016-02-20T11:10:32","date_gmt":"2016-02-20T11:10:32","guid":{"rendered":"http:\/\/waterlat.org\/es\/?page_id=1614"},"modified":"2016-02-20T11:10:32","modified_gmt":"2016-02-20T11:10:32","slug":"at3-cuardenos-de-trabajo","status":"publish","type":"page","link":"https:\/\/roxpublicidade.com.br\/waterlat\/01\/es\/areas-tematicas-2\/at3\/at3-cuardenos-de-trabajo\/","title":{"rendered":"Cuadernos de Trabajo del AT3 (2014-16)"},"content":{"rendered":"<p>El AT3 tiene una Serie propia dentro de los Cuadernos de Trabajo de la Red WATERLAT-GOBACIT: Serie \u00c1reas Tem\u00e1ticas, AT3 El Ciclo Urbano del Agua y los Servicios P\u00fablicos Esenciales.<br \/>\nEl AT tambi\u00e9n ha publicado n\u00fameros de los Cuadernos de Trabajo conjuntamente con otras \u00c1reas Tem\u00e1ticas sobre temas de inter\u00e9s com\u00fan.<br \/>\nAdicionalmente, los proyectos m\u00e1s importantes del AT3, PRINWASS y DESAFIO tienen series individuales de los Cuadernos de Trabajo. Ver abajo los v\u00ednculos de acceso a sus respectivas sub p\u00e1ginas.<\/p>\n<h2><\/h2>\n<h2><\/h2>\n<p><a href=\"https:\/\/roxpublicidade.com.br\/waterlat\/01\/wp-content\/uploads\/2023\/05\/Tapa-prueba-1.jpg\"><img loading=\"lazy\" decoding=\"async\" class=\"alignnone size-medium wp-image-2717\" src=\"https:\/\/roxpublicidade.com.br\/waterlat\/01\/wp-content\/uploads\/2023\/05\/Tapa-prueba-1.jpg\" alt=\"Tapa WPSATAM22\" width=\"212\" height=\"300\" \/><\/a>.<\/p>\n<h2><\/h2>\n<p><b>Contradicciones, obst\u00e1culos y oportunidades que presenta la implementaci\u00f3n del derecho humano al agua. <\/b>. Editado por J.E. Castro, con art\u00edculos de  J. Echaide, H. March D. Saur\u00ed Pujol, S. Quintslr, A. L. Britto, R. Colmenares, C. Piccini y A. Aharonian.<br \/>\nVol. 1 No 2, diciembre de  2014. <a href=\"https:\/\/roxpublicidade.com.br\/waterlat\/01\/WPapers\/WPSATCUASPENo2.pdf\">Bajar aqu\u00ed el n\u00famero<\/a>.<\/p>\n<h2><\/h2>\n<p><a href=\"https:\/\/roxpublicidade.com.br\/waterlat\/01\/wp-content\/uploads\/2023\/05\/WPSATCUASPE35-scaled.jpg\"><img loading=\"lazy\" decoding=\"async\" class=\"alignnone size-medium wp-image-2717\" src=\"https:\/\/roxpublicidade.com.br\/waterlat\/01\/wp-content\/uploads\/2023\/05\/WPSATCUASPE35-scaled.jpg\" alt=\"Tapa WPSATAM22\" width=\"212\" height=\"300\" \/><\/a>.<\/p>\n<h2><\/h2>\n<p><b>Agua vieja en  c\u00e1ntaros nuevos: an\u00e1lisis cr\u00edticos de la nueva ola de pol\u00edticas de privatizaci\u00f3n<\/b>. Editado porJ.E. Castro, con art\u00edculos de  D. Hall y E.Lobina.<br \/>\nVol. 3 No 5, diciembre de 2016. <a href=\"https:\/\/roxpublicidade.com.br\/waterlat\/01\/WPapers\/WPSATCUASPE35.pdf\">Bajar aqu\u00ed el n\u00famero<\/a>.<\/p>\n<h2><\/h2>\n<h2><\/h2>\n<p><a href=\"https:\/\/roxpublicidade.com.br\/waterlat\/01\/wp-content\/uploads\/2023\/05\/WPSATCUASPE36.jpg\"><img loading=\"lazy\" decoding=\"async\" class=\"alignnone size-medium wp-image-2717\" src=\"https:\/\/roxpublicidade.com.br\/waterlat\/01\/wp-content\/uploads\/2023\/05\/WPSATCUASPE36.jpg\" alt=\"Tapa WPSATAM22\" width=\"212\" height=\"300\" \/><\/a>.<\/p>\n<h2><\/h2>\n<p><b>Las pol\u00edticas del deterioro: la din\u00e1mica urbano-industrial en torno al R\u00edo Santiago, Jalisco, M\u00e9xico<\/b>. Editado  por  C.McCulligh, L. Santana y C. Lezama, con art\u00edculos de A. Carmona,  J.A Gran Castro, y X.Romo. Vol. 3 No 6, diciembre de  2016. <a href=\"https:\/\/roxpublicidade.com.br\/waterlat\/01\/WPapers\/WPSATCUASPE36.pdf\">Bajar aqu\u00ed el n\u00famero<\/a>.<\/p>\n<h2><\/h2>\n<p><a href=\"https:\/\/roxpublicidade.com.br\/waterlat\/01\/wp-content\/uploads\/2023\/05\/Tapa-vol3No7.jpg\"><img loading=\"lazy\" decoding=\"async\" class=\"alignnone size-medium wp-image-2717\" src=\"https:\/\/roxpublicidade.com.br\/waterlat\/01\/wp-content\/uploads\/2023\/05\/Tapa-vol3No7.jpg\" alt=\"Tapa WPSATAM22\" width=\"212\" height=\"300\" \/><\/a>.<\/p>\n<h2><\/h2>\n<p><b>La ecolog\u00eda pol\u00edtica del agua urbana: contribuciones conceptuales y emp\u00edricas<\/b>. Editado porJ.E. Castro, con art\u00edculos de E. Swyngedouw, M.Ka\u00efka, J.E. Castro, D. Hall, A.P. Quintana Ram\u00edrez, C.A.Badillo Salas, J. R. Elie y E. Barbosa da Silva.<br \/>\nVol. 3 No 7, diciembre de 2016. <a href=\"https:\/\/roxpublicidade.com.br\/waterlat\/01\/WPapers\/WPSATCUASPE36.pdf\">Bajar aqu\u00ed el n\u00famero<\/a>.<\/p>\n<h2><\/h2>\n<h2><\/h2>\n<p>&nbsp;<\/p>\n<h2><a href=\"https:\/\/roxpublicidade.com.br\/waterlat\/01\/es\/areas-tematicas\/at3\/at3-cuardenos-de-trabajo\/cuadernos-de-tra%E2%80%A6a-at3-desde-2017\/\">Cuadernos de Trabajo del AT3 (desde 2017).<\/a><\/h2>\n<h2><a href=\"https:\/\/roxpublicidade.com.br\/waterlat\/01\/es\/areas-tematicas\/at3\/cuadernos-prinwassat3\/\">Serie de Cuadernos de Trabajo del Proyecto PRINWASS del AT3.<\/a><\/h2>\n<h2><a href=\"https:\/\/roxpublicidade.com.br\/waterlat\/01\/es\/areas-tematicas\/at3\/at3-cuardenos-de-trabajo\/serie-de-cuadern%E2%80%A6-desafio-del-at3\/\"> Serie de Cuadernos de Trabajo del Proyecto  DESAFIO del AT3.<\/a><\/h2>\n<p>&nbsp;<\/p>\n<h2><\/h2>\n<p><a href=\"https:\/\/roxpublicidade.com.br\/waterlat\/01\/es\/at3\/\">Volver a la Presentaci\u00f3n del AT3<\/a><\/p>\n","protected":false},"excerpt":{"rendered":"<p>El AT3 tiene una Serie propia dentro de los Cuadernos de Trabajo de la Red WATERLAT-GOBACIT: Serie \u00c1reas Tem\u00e1ticas, AT3 El Ciclo Urbano del Agua y los Servicios P\u00fablicos Esenciales. El AT tambi\u00e9n ha publicado n\u00fameros de los Cuadernos de Trabajo conjuntamente con otras \u00c1reas Tem\u00e1ticas sobre temas de inter\u00e9s com\u00fan. Adicionalmente, los proyectos m\u00e1s [&hellip;]<\/p>\n","protected":false},"author":1,"featured_media":0,"parent":1568,"menu_order":0,"comment_status":"closed","ping_status":"closed","template":"page-templates\/full-width.php","meta":{"footnotes":""},"class_list":["post-1614","page","type-page","status-publish","hentry"],"_links":{"self":[{"href":"https:\/\/roxpublicidade.com.br\/waterlat\/01\/wp-json\/wp\/v2\/pages\/1614","targetHints":{"allow":["GET"]}}],"collection":[{"href":"https:\/\/roxpublicidade.com.br\/waterlat\/01\/wp-json\/wp\/v2\/pages"}],"about":[{"href":"https:\/\/roxpublicidade.com.br\/waterlat\/01\/wp-json\/wp\/v2\/types\/page"}],"author":[{"embeddable":true,"href":"https:\/\/roxpublicidade.com.br\/waterlat\/01\/wp-json\/wp\/v2\/users\/1"}],"replies":[{"embeddable":true,"href":"https:\/\/roxpublicidade.com.br\/waterlat\/01\/wp-json\/wp\/v2\/comments?post=1614"}],"version-history":[{"count":0,"href":"https:\/\/roxpublicidade.com.br\/waterlat\/01\/wp-json\/wp\/v2\/pages\/1614\/revisions"}],"up":[{"embeddable":true,"href":"https:\/\/roxpublicidade.com.br\/waterlat\/01\/wp-json\/wp\/v2\/pages\/1568"}],"wp:attachment":[{"href":"https:\/\/roxpublicidade.com.br\/waterlat\/01\/wp-json\/wp\/v2\/media?parent=1614"}],"curies":[{"name":"wp","href":"https:\/\/api.w.org\/{rel}","templated":true}]}}