{"id":1542,"date":"2015-12-11T17:32:17","date_gmt":"2015-12-11T17:32:17","guid":{"rendered":"http:\/\/waterlat.org\/es\/?page_id=1542"},"modified":"2015-12-11T17:32:17","modified_gmt":"2015-12-11T17:32:17","slug":"waterlat-gobacit-viii-san-jose-2017","status":"publish","type":"page","link":"https:\/\/roxpublicidade.com.br\/waterlat\/01\/es\/encuentros\/public-meetings\/waterlat-gobacit-viii-san-jose-2017\/","title":{"rendered":"WATERLAT-GOBACIT VIII, San Jos\u00e9, 2017"},"content":{"rendered":"<p>&nbsp;<\/p>\n<p style=\"text-align: center;\"><a href=\"https:\/\/roxpublicidade.com.br\/waterlat\/01\/es\/wp-content\/uploads\/sites\/2\/2015\/12\/LOGOSp.jpg\"><img loading=\"lazy\" decoding=\"async\" class=\" wp-image-1850 aligncenter\" src=\"https:\/\/roxpublicidade.com.br\/waterlat\/01\/es\/wp-content\/uploads\/sites\/2\/2015\/12\/LOGOSp-300x168.jpg\" alt=\"LOGOSp\" width=\"457\" height=\"256\" \/><\/a><br \/>\n<a href=\"https:\/\/roxpublicidade.com.br\/waterlat\/01\/es\/encuentros\/public-meetings\/logo\/\">Lea aqu\u00ed sobre la fuente de inspiraci\u00f3n de nuestro logo<\/a><\/p>\n<p>&nbsp;<\/p>\n<h2 style=\"text-align: center;\"><span style=\"color: #0000ff;\">Agua, poder e impunidad: resistencias sociales y alternativas emergentes en la construcci\u00f3n de pol\u00edticas del agua igualitarias e inclusivas<\/span><\/h2>\n<p style=\"text-align: center;\"><a href=\"http:\/\/www.uned.ac.cr\/\">Universidad Estatal a Distancia (UNED)<\/a><a href=\"\/%3Ca%20href=\">, San Jos\u00e9, Costa Rica, 3-7 de abril de 2017<\/a><\/p>\n<p>&nbsp;<\/p>\n<p style=\"text-align: center;\"><strong><em>El tema de la VIII Reuni\u00f3n fue elegido en memoria de las v\u00edctimas de la represi\u00f3n y el asesinato por defender el derecho al acceso igualitario a las fuentes de agua, a los servicios basados en el agua, y a la\u00a0protecci\u00f3n contra los impactos derivados de los riesgos y amenazas socio-naturales relacionados.<\/em><\/strong><\/p>\n<h3>Declaraci\u00f3n de la VIII Reuni\u00f3n Internacional<\/h3>\n<p>El documento est\u00e1 compuesto por una Declaraci\u00f3n General, complementada con cuatro Declaraciones espec\u00edficas para los casos de Costa Rica, Brasil, Colombia y M\u00e9xico.<\/p>\n<h3><a href=\"https:\/\/roxpublicidade.com.br\/waterlat\/01\/es\/encuentros\/public-meetings\/waterlat-gobacit-viii-san-jose-2017\/justificacion\/\">Ver aqu\u00ed la Declaraci\u00f3n completa de la VIII Reuni\u00f3n<\/a><\/h3>\n<p>&nbsp;<\/p>\n<h3>Videos de sesiones y entrevistas de la VIII Reuni\u00f3n<\/h3>\n<p><iframe loading=\"lazy\" width=\"560\" height=\"315\" src=\"https:\/\/www.youtube.com\/embed\/videoseries?list=PLx6qphzdSP6vVxuxrOo11nRJxKf0s6KjV\" frameborder=\"0\" allowfullscreen><\/iframe><br \/>\n&nbsp;<\/p>\n<hr \/>\n<h3><a href=\"http:\/\/www.ondauned.com\/transmision.php?ou=1165\">Vea aqu\u00ed los videos de la transmisi\u00f3n en vivo de las mesas plenarias de la VIII Reuni\u00f3n Internacional por la Onda UNED<\/a><\/h3>\n<hr \/>\n<h3><a href=\"https:\/\/roxpublicidade.com.br\/waterlat\/01\/GeneralPDFs\/ProgramaVIIIReunion.pdf\">Baje aqu\u00ed el Programa de la VIII Reuni\u00f3n Internacional<\/a><\/h3>\n<p>&nbsp;<\/p>\n<hr \/>\n<p>La Reuni\u00f3n fue organizada conjuntamente por la Red WATERLAT-GOBACIT y el Centro de Investigaci\u00f3n en Cultura y Desarrollo (CICDE) de la UNED, con el apoyo de la Internacional de Servicios P\u00fablicos (ISP), la Asociaci\u00f3n Nacional de Empleados P\u00fablicos y Privados de\u00a0Costa Rica (ANEP), la Comisi\u00f3n de Agua y Saneamiento (CAS), Consejo Nacional de Rectores (CONARE) de Costa Rica, y el Instituto Costarricense de Acueductos y Alcantarillados (AyA).<\/p>\n<p><a href=\"https:\/\/roxpublicidade.com.br\/waterlat\/01\/pt\/wp-content\/uploads\/sites\/3\/2015\/12\/WATERLAT-DOS-LINEAS.jpg\"><img loading=\"lazy\" decoding=\"async\" class=\"alignnone wp-image-1693\" src=\"https:\/\/roxpublicidade.com.br\/waterlat\/01\/pt\/wp-content\/uploads\/sites\/3\/2015\/12\/WATERLAT-DOS-LINEAS-300x105.jpg\" alt=\"waterlat-dos-lineas\" width=\"160\" height=\"56\" srcset=\"https:\/\/roxpublicidade.com.br\/waterlat\/01\/wp-content\/uploads\/2015\/12\/WATERLAT-DOS-LINEAS-300x105.jpg 300w, https:\/\/roxpublicidade.com.br\/waterlat\/01\/wp-content\/uploads\/2015\/12\/WATERLAT-DOS-LINEAS-1024x359.jpg 1024w, https:\/\/roxpublicidade.com.br\/waterlat\/01\/wp-content\/uploads\/2015\/12\/WATERLAT-DOS-LINEAS-768x269.jpg 768w, https:\/\/roxpublicidade.com.br\/waterlat\/01\/wp-content\/uploads\/2015\/12\/WATERLAT-DOS-LINEAS.jpg 1419w\" sizes=\"auto, (max-width: 160px) 100vw, 160px\" \/><\/a>\u00a0<a href=\"https:\/\/roxpublicidade.com.br\/waterlat\/01\/pt\/wp-content\/uploads\/sites\/3\/2015\/12\/Logo-Alpha-UNED.jpg\"><img loading=\"lazy\" decoding=\"async\" class=\"alignnone wp-image-1691\" src=\"https:\/\/roxpublicidade.com.br\/waterlat\/01\/pt\/wp-content\/uploads\/sites\/3\/2015\/12\/Logo-Alpha-UNED-300x300.jpg\" alt=\"logo-alpha-uned\" width=\"94\" height=\"94\" \/><\/a>\u00a0<a href=\"https:\/\/roxpublicidade.com.br\/waterlat\/01\/pt\/wp-content\/uploads\/sites\/3\/2015\/12\/logo_cicde.jpg\"><img loading=\"lazy\" decoding=\"async\" class=\"alignnone wp-image-1703\" src=\"https:\/\/roxpublicidade.com.br\/waterlat\/01\/pt\/wp-content\/uploads\/sites\/3\/2015\/12\/logo_cicde-270x300.jpg\" alt=\"logo_cicde\" width=\"84\" height=\"93\" \/><\/a><\/p>\n<p><a href=\"https:\/\/roxpublicidade.com.br\/waterlat\/01\/wp-content\/uploads\/2015\/09\/ISP-Logo.gif\"><img loading=\"lazy\" decoding=\"async\" class=\"alignnone wp-image-2032\" src=\"https:\/\/roxpublicidade.com.br\/waterlat\/01\/wp-content\/uploads\/2015\/09\/ISP-Logo.gif\" alt=\"ISP Logo\" width=\"105\" height=\"57\" \/><\/a>\u00a0<a href=\"https:\/\/roxpublicidade.com.br\/waterlat\/01\/wp-content\/uploads\/2015\/12\/ANEP.jpg\"><img loading=\"lazy\" decoding=\"async\" class=\"alignnone wp-image-3541\" src=\"https:\/\/roxpublicidade.com.br\/waterlat\/01\/wp-content\/uploads\/2015\/12\/ANEP-300x300.jpg\" alt=\"\" width=\"71\" height=\"71\" srcset=\"https:\/\/roxpublicidade.com.br\/waterlat\/01\/wp-content\/uploads\/2015\/12\/ANEP-300x300.jpg 300w, https:\/\/roxpublicidade.com.br\/waterlat\/01\/wp-content\/uploads\/2015\/12\/ANEP-150x150.jpg 150w, https:\/\/roxpublicidade.com.br\/waterlat\/01\/wp-content\/uploads\/2015\/12\/ANEP.jpg 640w\" sizes=\"auto, (max-width: 71px) 100vw, 71px\" \/><\/a> <a href=\"https:\/\/roxpublicidade.com.br\/waterlat\/01\/wp-content\/uploads\/2017\/03\/conare1.png\"><img loading=\"lazy\" decoding=\"async\" class=\"alignnone wp-image-3439\" src=\"https:\/\/roxpublicidade.com.br\/waterlat\/01\/wp-content\/uploads\/2017\/03\/conare1.png\" alt=\"\" width=\"82\" height=\"69\" \/><\/a> <a href=\"https:\/\/roxpublicidade.com.br\/waterlat\/01\/wp-content\/uploads\/2015\/12\/Logo-AyA-of1.jpg\"><img loading=\"lazy\" decoding=\"async\" class=\"alignnone wp-image-3545\" src=\"https:\/\/roxpublicidade.com.br\/waterlat\/01\/wp-content\/uploads\/2015\/12\/Logo-AyA-of1-300x292.jpg\" alt=\"\" width=\"73\" height=\"71\" srcset=\"https:\/\/roxpublicidade.com.br\/waterlat\/01\/wp-content\/uploads\/2015\/12\/Logo-AyA-of1-300x292.jpg 300w, https:\/\/roxpublicidade.com.br\/waterlat\/01\/wp-content\/uploads\/2015\/12\/Logo-AyA-of1.jpg 580w\" sizes=\"auto, (max-width: 73px) 100vw, 73px\" \/><\/a><br \/>\n&nbsp;<\/p>\n<h3><a href=\"https:\/\/roxpublicidade.com.br\/waterlat\/01\/es\/encuentros\/public-meetings\/waterlat-gobacit-viii-san-jose-2017\/team\/\">Ver aqu\u00ed los detalles de la Coordinaci\u00f3n General de la VIII Reuni\u00f3n<\/a><\/h3>\n<p>&nbsp;<\/p>\n<hr \/>\n<p>Visite aqu\u00ed el \u00e1lbum fotogr\u00e1fico de la VIII Reuni\u00f3n Internacional:<\/p>\n<p><a data-flickr-embed=\"true\"  href=\"https:\/\/www.flickr.com\/photos\/125391306@N03\/albums\/72157659865473473\" title=\"VIII Reuni\u00f3n de la Red WATERLAT-GOBACIT\"><img loading=\"lazy\" decoding=\"async\" src=\"https:\/\/c1.staticflickr.com\/3\/2834\/33905585701_34257f9c02_k.jpg\" width=\"2048\" height=\"1365\" alt=\"VIII Reuni\u00f3n de la Red WATERLAT-GOBACIT\"><\/a><script async src=\"\/\/embedr.flickr.com\/assets\/client-code.js\" charset=\"utf-8\"><\/script><\/p>\n<p>&nbsp;<\/p>\n","protected":false},"excerpt":{"rendered":"<p>&nbsp; Lea aqu\u00ed sobre la fuente de inspiraci\u00f3n de nuestro logo &nbsp; Agua, poder e impunidad: resistencias sociales y alternativas emergentes en la construcci\u00f3n de pol\u00edticas del agua igualitarias e inclusivas Universidad Estatal a Distancia (UNED), San Jos\u00e9, Costa Rica, 3-7 de abril de 2017 &nbsp; El tema de la VIII Reuni\u00f3n fue elegido en [&hellip;]<\/p>\n","protected":false},"author":1,"featured_media":0,"parent":12750,"menu_order":0,"comment_status":"closed","ping_status":"closed","template":"page-templates\/full-width.php","meta":{"footnotes":""},"class_list":["post-1542","page","type-page","status-publish","hentry"],"_links":{"self":[{"href":"https:\/\/roxpublicidade.com.br\/waterlat\/01\/wp-json\/wp\/v2\/pages\/1542","targetHints":{"allow":["GET"]}}],"collection":[{"href":"https:\/\/roxpublicidade.com.br\/waterlat\/01\/wp-json\/wp\/v2\/pages"}],"about":[{"href":"https:\/\/roxpublicidade.com.br\/waterlat\/01\/wp-json\/wp\/v2\/types\/page"}],"author":[{"embeddable":true,"href":"https:\/\/roxpublicidade.com.br\/waterlat\/01\/wp-json\/wp\/v2\/users\/1"}],"replies":[{"embeddable":true,"href":"https:\/\/roxpublicidade.com.br\/waterlat\/01\/wp-json\/wp\/v2\/comments?post=1542"}],"version-history":[{"count":0,"href":"https:\/\/roxpublicidade.com.br\/waterlat\/01\/wp-json\/wp\/v2\/pages\/1542\/revisions"}],"up":[{"embeddable":true,"href":"https:\/\/roxpublicidade.com.br\/waterlat\/01\/wp-json\/wp\/v2\/pages\/12750"}],"wp:attachment":[{"href":"https:\/\/roxpublicidade.com.br\/waterlat\/01\/wp-json\/wp\/v2\/media?parent=1542"}],"curies":[{"name":"wp","href":"https:\/\/api.w.org\/{rel}","templated":true}]}}