{"id":1460,"date":"2016-02-20T11:39:25","date_gmt":"2016-02-20T11:39:25","guid":{"rendered":"http:\/\/waterlat.org\/pt\/?page_id=1460"},"modified":"2016-02-20T11:39:25","modified_gmt":"2016-02-20T11:39:25","slug":"cadernos-de-trabalho-da-at3","status":"publish","type":"page","link":"https:\/\/roxpublicidade.com.br\/waterlat\/01\/pt\/areas-tematicas\/at3\/cadernos-de-trabalho-da-at3\/","title":{"rendered":"Cadernos de Trabalho da AT3(2014-16)"},"content":{"rendered":"<p>A AT3 tem uma S\u00e9rie dentro dos Cadernos de Trabalho da Rede WATERLAT-GOBACIT: Serie \u00c1reas Tem\u00e1ticas, AT3 Ciclo Urbano da \u00c1gua e Servi\u00e7os P\u00fablicos Essenciais.<\/p>\n<p>A AT tamb\u00e9m  tem  publicado n\u00fameros dos Cadernos de Trabaho conjuntamente com outras \u00c1reas Tem\u00e1ticas sobre temas de interesse comum.<br \/>\nAdicionalmente, os projetos mais importantes da AT3, PRINWASS e DESAFIO t\u00eam s\u00e9ries individuais dos Cadernos de Trabalho. Ver abaixo os v\u00ednculos de accesso \u00e0 suas respectivas sub p\u00e1ginas.<\/p>\n<h2><\/h2>\n<h2><\/h2>\n<p><a href=\"https:\/\/roxpublicidade.com.br\/waterlat\/01\/wp-content\/uploads\/2023\/05\/Tapa-prueba-1.jpg\"><img loading=\"lazy\" decoding=\"async\" class=\"alignnone size-medium wp-image-2717\" src=\"https:\/\/roxpublicidade.com.br\/waterlat\/01\/wp-content\/uploads\/2023\/05\/Tapa-prueba-1.jpg\" alt=\"Tapa WPSATAM22\" width=\"212\" height=\"300\" \/><\/a>.<\/p>\n<h2><\/h2>\n<p><b>Contradi\u00e7\u00e3o, obst\u00e1culos e oportunidades que apresenta a implementa\u00e7\u00e3o do direito humano a \u00e1gua<\/b> (em portugu\u00eas e espanhol). Editado por J.E. Castro, com artigos de  J. Echaide, H. March D. Saur\u00ed Pujol, S. Quintslr, A. L. Britto, R. Colmenares, C. Piccini e A. Aharonian.<br \/>\nVol. 1 No 2, dezembro de  2014. <a href=\"https:\/\/roxpublicidade.com.br\/waterlat\/01\/WPapers\/WPSATCUASPENo2.pdf\">Baixar aqui o n\u00famero<\/a>.<\/p>\n<h2><\/h2>\n<p><a href=\"https:\/\/roxpublicidade.com.br\/waterlat\/01\/wp-content\/uploads\/2023\/05\/WPSATCUASPE35-scaled.jpg\"><img loading=\"lazy\" decoding=\"async\" class=\"alignnone size-medium wp-image-2717\" src=\"https:\/\/roxpublicidade.com.br\/waterlat\/01\/wp-content\/uploads\/2023\/05\/WPSATCUASPE35-scaled.jpg\" alt=\"Tapa WPSATAM22\" width=\"212\" height=\"300\" \/><\/a>.<\/p>\n<h2><\/h2>\n<p><b>\u00c1gua velha em jarros novos: an\u00e1lises cr\u00edticas da nova onda de pol\u00edticas de  privatiza\u00e7\u00e3o<\/b> (em ingl\u00eas).  Editado por J.E. Castro, com artigos  de  D. Hall e E.Lobina.<br \/>\nVol. 3 No 5, dezembro de 2016. <a href=\"https:\/\/roxpublicidade.com.br\/waterlat\/01\/WPapers\/WPSATCUASPE35.pdf\">Baixar aqui o n\u00famero<\/a>.<\/p>\n<h2><\/h2>\n<h2><\/h2>\n<p><a href=\"https:\/\/roxpublicidade.com.br\/waterlat\/01\/wp-content\/uploads\/2023\/05\/WPSATCUASPE36.jpg\"><img loading=\"lazy\" decoding=\"async\" class=\"alignnone size-medium wp-image-2717\" src=\"https:\/\/roxpublicidade.com.br\/waterlat\/01\/wp-content\/uploads\/2023\/05\/WPSATCUASPE36.jpg\" alt=\"Tapa WPSATAM22\" width=\"212\" height=\"300\" \/><\/a>.<\/p>\n<h2><\/h2>\n<p><b>As pol\u00edticas do deterioro: as din\u00e2micas urbano-industriais do Rio Santiago, Jalisco, M\u00e9xico <\/b> (em espanhol). Editado  por  C.McCulligh, L. Santana e C. Lezama, com artigos de A. Carmona,  J.A Gran Castro, e X.Romo. Vol. 3 No 6, dezembro de  2016. <a href=\"https:\/\/roxpublicidade.com.br\/waterlat\/01\/WPapers\/WPSATCUASPE36.pdf\">Baixar aqui o n\u00famero<\/a>.<\/p>\n<h2><\/h2>\n<p><a href=\"https:\/\/roxpublicidade.com.br\/waterlat\/01\/wp-content\/uploads\/2023\/05\/Tapa-vol3No7.jpg\"><img loading=\"lazy\" decoding=\"async\" class=\"alignnone size-medium wp-image-2717\" src=\"https:\/\/roxpublicidade.com.br\/waterlat\/01\/wp-content\/uploads\/2023\/05\/Tapa-vol3No7.jpg\" alt=\"Tapa WPSATAM22\" width=\"212\" height=\"300\" \/><\/a>.<\/p>\n<h2><\/h2>\n<p><b>A ecologia pol\u00edtica da \u00e1gua urbana: contribui\u00e7\u00f5es conceptuais e emp\u00edricas<\/b> (em espanhol e portugu\u00eas). Editado por J.E. Castro, com artigos de E. Swyngedouw, M.Ka\u00efka, J.E. Castro, D. Hall, A.P. Quintana Ram\u00edrez, C.A.Badillo Salas, J. R. Elie e E. Barbosa da Silva.<br \/>\nVol. 3 No 7, dezembro de 2016. <a href=\"https:\/\/roxpublicidade.com.br\/waterlat\/01\/WPapers\/WPSATCUASPE36.pdf\">Baixar aqui o n\u00famero<\/a>.<\/p>\n<h2><\/h2>\n<h2><\/h2>\n<p>&nbsp;<\/p>\n<h2><a href=\"https:\/\/roxpublicidade.com.br\/waterlat\/01\/pt\/areas-tematicas\/at3\/cadernos-de-trabalho-da-at3\/cadernos-de-trab%E2%80%A6daat3-desde-2017\/\">Cadernos de Trabalho da AT3 (desde 2017).<\/a><\/h2>\n<h2><a href=\"https:\/\/roxpublicidade.com.br\/waterlat\/01\/pt\/areas-tematicas\/at3\/serie-de-caderno%E2%80%A6projeto-prinwass\/\">S\u00e9rie de Cadernos de Trabalho do Projeto PRINWASS da AT3.<\/a><\/h2>\n<h2><a href=\"https:\/\/roxpublicidade.com.br\/waterlat\/01\/pt\/areas-tematicas\/at3\/cadernos-de-trabalho-da-at3\/serie-de-caderno%E2%80%A6-projeto-desafio\/\"> S\u00e9rie de Cadernos de Trabalho do Projeto DESAFIO da AT3.<\/a><\/h2>\n<p>&nbsp;<\/p>\n<p><a href=\"https:\/\/roxpublicidade.com.br\/waterlat\/01\/pt\/areas-tematicas\/at3\/\">Voltar \u00e0 Apresenta\u00e7\u00e3o da AT3<\/a><\/p>\n","protected":false},"excerpt":{"rendered":"<p>A AT3 tem uma S\u00e9rie dentro dos Cadernos de Trabalho da Rede WATERLAT-GOBACIT: Serie \u00c1reas Tem\u00e1ticas, AT3 Ciclo Urbano da \u00c1gua e Servi\u00e7os P\u00fablicos Essenciais. A AT tamb\u00e9m tem publicado n\u00fameros dos Cadernos de Trabaho conjuntamente com outras \u00c1reas Tem\u00e1ticas sobre temas de interesse comum. Adicionalmente, os projetos mais importantes da AT3, PRINWASS e DESAFIO [&hellip;]<\/p>\n","protected":false},"author":1,"featured_media":0,"parent":1437,"menu_order":0,"comment_status":"closed","ping_status":"closed","template":"page-templates\/full-width.php","meta":{"footnotes":""},"class_list":["post-1460","page","type-page","status-publish","hentry"],"_links":{"self":[{"href":"https:\/\/roxpublicidade.com.br\/waterlat\/01\/wp-json\/wp\/v2\/pages\/1460","targetHints":{"allow":["GET"]}}],"collection":[{"href":"https:\/\/roxpublicidade.com.br\/waterlat\/01\/wp-json\/wp\/v2\/pages"}],"about":[{"href":"https:\/\/roxpublicidade.com.br\/waterlat\/01\/wp-json\/wp\/v2\/types\/page"}],"author":[{"embeddable":true,"href":"https:\/\/roxpublicidade.com.br\/waterlat\/01\/wp-json\/wp\/v2\/users\/1"}],"replies":[{"embeddable":true,"href":"https:\/\/roxpublicidade.com.br\/waterlat\/01\/wp-json\/wp\/v2\/comments?post=1460"}],"version-history":[{"count":0,"href":"https:\/\/roxpublicidade.com.br\/waterlat\/01\/wp-json\/wp\/v2\/pages\/1460\/revisions"}],"up":[{"embeddable":true,"href":"https:\/\/roxpublicidade.com.br\/waterlat\/01\/wp-json\/wp\/v2\/pages\/1437"}],"wp:attachment":[{"href":"https:\/\/roxpublicidade.com.br\/waterlat\/01\/wp-json\/wp\/v2\/media?parent=1460"}],"curies":[{"name":"wp","href":"https:\/\/api.w.org\/{rel}","templated":true}]}}