{"id":1437,"date":"2016-02-19T17:51:43","date_gmt":"2016-02-19T17:51:43","guid":{"rendered":"http:\/\/waterlat.org\/pt\/?page_id=1437"},"modified":"2016-02-19T17:51:43","modified_gmt":"2016-02-19T17:51:43","slug":"at3","status":"publish","type":"page","link":"https:\/\/roxpublicidade.com.br\/waterlat\/01\/pt\/areas-tematicas\/at3\/","title":{"rendered":"AT3 &#8211; O Ciclo Urbano da \u00c1gua e os Servi\u00e7os P\u00fablicos Essenciais"},"content":{"rendered":"<h2>Apresenta\u00e7\u00e3o<\/h2>\n<p>A AT3 surge dos trabalhos de um grupo de pesquisadores que iniciaram a Rede WATERLAT-GOBACIT atrav\u00e9s de sua participa\u00e7\u00e3o numa s\u00e9rie de projetos coletivos e individuais, que inclu\u00edram a realiza\u00e7\u00e3o de estudos monogr\u00e1ficos sobre as lutas pelo acesso a \u00e1gua em zonas urbanas da Am\u00e9rica Latina na d\u00e9cada de 1990. Outra iniciativa importante  destes  pesquisadores foi o Projeto METRON, 1998-2000), financiado pela Uni\u00e3o Europeia, que realizou estudos sobre a gest\u00e3o da \u00e1gua em grandes \u00e1reas metropolitanas da Europa (Espanha, Gr\u00e9cia, Pa\u00edses Baixos, e Reino Unido) e Meio Oriente(Israel) (Projeto METRON, 1998-2000), os que deram lugar a contribui\u00e7\u00f5es importantes ao campo da ecologia pol\u00edtica da \u00e1gua urbana. Mas o  projeto fundante da AT3 e da pr\u00f3pria Rede WATERLAT-GOBACIT foi <a href=\"https:\/\/roxpublicidade.com.br\/waterlat\/01\/pt\/projetos\/prinwass\/\">PRINWASS(2001-2004)<\/a>, um estudo sobre as pol\u00edticas de privatiza\u00e7\u00e3o em \u00c1frica (Qu\u00e9nia, Tanz\u00e2nia), Am\u00e9rica Latina(Argentina, Bol\u00edvia, Brasil, M\u00e9xico) e Europa(Finl\u00e2ndia, Gr\u00e9cia e o Reino Unido), que deu lugar a uma s\u00e9rie de publica\u00e7\u00f5es de membros da Rede e colaboradores externos. Ao concluir PRINWASS em 2004, um grupo dos pesquisadores do projeto decidiu criar a Rede GOBACIT, que posteriormente se transformaria em WATERLAT-GOBACIT. A AT3 cresceu nos anos seguintes com a incorpora\u00e7\u00e3o de novos pesquisadores, estudantes, especialistas do setor p\u00fablico, e representantes de organiza\u00e7\u00f5es sociais, sindicatos, e outros setores da sociedade civil, especialmente em Am\u00e9rica Latina e Europa. Desde ent\u00e3o, a AT3 tem contribu\u00eddo \u00e0 Rede com outros projetos de pesquisa internacionais, particularmente <a href=\" https:\/\/roxpublicidade.com.br\/waterlat\/01\/pt\/projetos\/desafio\/\">DESAFIO (2013-2015)<\/a>,tamb\u00e9m financiado pela Uni\u00e3o Europeia, e realizado por s\u00f3cios institucionais de Argentina, Brasil, Col\u00f4mbia e Reino Unido.DESAFIO contribuiu \u00e0 cria\u00e7\u00e3o dos <a href=\"https:\/\/roxpublicidade.com.br\/waterlat\/01\/pt\/working-papers-series\/\">Cadernos de Trabalho da Rede WATERLAT-GOBACIT<\/a>.A AT3 cobre dois amplos campos de pesquisa, ensino, e interven\u00e7\u00e3o  pr\u00e1tica. O primeiro \u00e9  o  \u201cciclo urbano da \u00e1gua\u201d, que inclui os processos de extra\u00e7\u00e3o, produ\u00e7\u00e3o, circula\u00e7\u00e3o, uso, e descarga \u00e0s fontes de \u00e1gua, nas suas m\u00faltiplas dimens\u00f5es e formas. O segundo campo est\u00e1 interconectado com o primeiro, mas tamb\u00e9m inclui processos localizados fora do meio urbano, j\u00e1 que aborda a quest\u00e3o  dos servi\u00e7os p\u00fablicos essenciais  baseados, de uma ou outra forma, no uso da \u00e1gua, incluindo a distribui\u00e7\u00e3o  da \u00e1gua para consumo humano, a gest\u00e3o  de \u00e1guas residuais e de coleta e usos de fontes alternativas, como a \u00e1gua de chuva e outras. Pelo seu leque tem\u00e1tico, a AT3 tamb\u00e9m tem intersec\u00e7\u00f5es com outras ATs, incluindo <a href=\"https:\/\/roxpublicidade.com.br\/waterlat\/01\/pt\/areas-tematicas\/at5\/\">AT5 \u00c1gua e Sa\u00fade <\/a>, <a href=\"https:\/\/roxpublicidade.com.br\/waterlat\/01\/pt\/areas-tematicas\/at6\/\">AT6  Bacias, Territ\u00f3rios e Espa\u00e7os Hidrossociais <\/a>, e <a href=\"https:\/\/roxpublicidade.com.br\/waterlat\/01\/pt\/areas-tematicas\/at8\/\">AT8 Desastres relacionados con a \u00c1gua<\/a>.<\/p>\n<h2><\/h2>\n<p>&nbsp;<\/p>\n<h2><a href=\"https:\/\/roxpublicidade.com.br\/waterlat\/01\/pt\/areas-tematicas\/at3\/livros-da-at3\/\">Livros da AT3<\/a><\/h2>\n<h2><a href=\"https:\/\/roxpublicidade.com.br\/waterlat\/01\/pt\/areas-tematicas\/at3\/cadernos-de-trabalho-da-at3\/\">Cadernos de Trabalho da AT3<\/a><\/h2>\n<h2><a href=\"https:\/\/roxpublicidade.com.br\/waterlat\/01\/pt\/areas-tematicas\/at3\/serie-de-caderno%E2%80%A6projeto-prinwass\/\">S\u00e9rie de Cadernos de Trabalho do Projeto PRINWASS da AT3.<\/a><\/h2>\n<h2><a href=\"https:\/\/roxpublicidade.com.br\/waterlat\/01\/pt\/areas-tematicas\/at3\/cadernos-de-trabalho-da-at3\/serie-de-caderno%E2%80%A6-projeto-desafio\/\"> S\u00e9rie de Cadernos de Trabalho do Projeto DESAFIO da AT3.<\/a><\/h2>\n<p>&nbsp;<\/p>\n<h2><a href=\"https:\/\/roxpublicidade.com.br\/waterlat\/01\/pt\/areas-tematicas\/at3\/galeria-multimedia-da-at3\/\">Galeria multim\u00eddia da AT3<\/a><\/h2>\n<hr \/>\n<p>&nbsp;<\/p>\n","protected":false},"excerpt":{"rendered":"<p>Apresenta\u00e7\u00e3o A AT3 surge dos trabalhos de um grupo de pesquisadores que iniciaram a Rede WATERLAT-GOBACIT atrav\u00e9s de sua participa\u00e7\u00e3o numa s\u00e9rie de projetos coletivos e individuais, que inclu\u00edram a realiza\u00e7\u00e3o de estudos monogr\u00e1ficos sobre as lutas pelo acesso a \u00e1gua em zonas urbanas da Am\u00e9rica Latina na d\u00e9cada de 1990. Outra iniciativa importante destes [&hellip;]<\/p>\n","protected":false},"author":1,"featured_media":0,"parent":12707,"menu_order":0,"comment_status":"closed","ping_status":"closed","template":"page-templates\/full-width.php","meta":{"footnotes":""},"class_list":["post-1437","page","type-page","status-publish","hentry"],"_links":{"self":[{"href":"https:\/\/roxpublicidade.com.br\/waterlat\/01\/wp-json\/wp\/v2\/pages\/1437","targetHints":{"allow":["GET"]}}],"collection":[{"href":"https:\/\/roxpublicidade.com.br\/waterlat\/01\/wp-json\/wp\/v2\/pages"}],"about":[{"href":"https:\/\/roxpublicidade.com.br\/waterlat\/01\/wp-json\/wp\/v2\/types\/page"}],"author":[{"embeddable":true,"href":"https:\/\/roxpublicidade.com.br\/waterlat\/01\/wp-json\/wp\/v2\/users\/1"}],"replies":[{"embeddable":true,"href":"https:\/\/roxpublicidade.com.br\/waterlat\/01\/wp-json\/wp\/v2\/comments?post=1437"}],"version-history":[{"count":0,"href":"https:\/\/roxpublicidade.com.br\/waterlat\/01\/wp-json\/wp\/v2\/pages\/1437\/revisions"}],"up":[{"embeddable":true,"href":"https:\/\/roxpublicidade.com.br\/waterlat\/01\/wp-json\/wp\/v2\/pages\/12707"}],"wp:attachment":[{"href":"https:\/\/roxpublicidade.com.br\/waterlat\/01\/wp-json\/wp\/v2\/media?parent=1437"}],"curies":[{"name":"wp","href":"https:\/\/api.w.org\/{rel}","templated":true}]}}