{"id":1433,"date":"2015-09-16T16:21:22","date_gmt":"2015-09-16T16:21:22","guid":{"rendered":"http:\/\/waterlat.org\/es\/?page_id=1433"},"modified":"2015-09-16T16:21:22","modified_gmt":"2015-09-16T16:21:22","slug":"libro-politicas-publicas-e-gestao-de-servicos-de-saneamento","status":"publish","type":"page","link":"https:\/\/roxpublicidade.com.br\/waterlat\/01\/es\/publicaciones\/libros\/libro-politicas-publicas-e-gestao-de-servicos-de-saneamento\/","title":{"rendered":"Libro Pol\u00edticas P\u00fablicas e Gest\u00e3o de Servi\u00e7os de Saneamento"},"content":{"rendered":"<p><a href=\"https:\/\/roxpublicidade.com.br\/waterlat\/01\/es\/wp-content\/uploads\/sites\/2\/2013\/11\/CAPA_PoliticasPublicasSaneamento_2013.jpg\"><img loading=\"lazy\" decoding=\"async\" class=\"alignnone size-medium wp-image-167\" src=\"https:\/\/roxpublicidade.com.br\/waterlat\/01\/es\/wp-content\/uploads\/sites\/2\/2013\/11\/CAPA_PoliticasPublicasSaneamento_2013-300x201.jpg\" alt=\"CAPA_PoliticasPublicasSaneamento_2013\" width=\"300\" height=\"201\" \/><\/a><\/p>\n<p>L\u00e9o Heller y Jos\u00e9 Esteban Castro (Eds.),\u00a0<span style=\"text-decoration: underline;\">Pol\u00edticas P\u00fablicas e Gest\u00e3o de Servi\u00e7os de Saneamento<\/span>, Belo Horizonte y Rio de Janeiro:\u00a0<a href=\"http:\/\/www.editoraufmg.com.br\/\">Editora da Universidade Federal de Minas Gerais (UFMG)<\/a>\u00a0y\u00a0<a href=\"http:\/\/www.fiocruz.br\/editora\">Editora Fiocruz<\/a>, 2013. DOI: 10.5281\/zenodo.55855. <\/p>\n<p>Este libro es una versi\u00f3n actualizada y ampliada de Jos\u00e9 Esteban Castro y L\u00e9o Heller (Eds.),\u00a0<a href=\"http:\/\/www.earthscan.co.uk\/?tabid=42724\">Water and Sanitation Services: Public Policy and Management<\/a>\u00a0(Earthscan, 2009; Routledge, 2012) y contiene 5 nuevos cap\u00edtulos sobre Brasil y 1 sobre Venezuela.<\/p>\n<p><a href=\"http:\/\/portal.fiocruz.br\/pt-br\/content\/pol%C3%ADtica-p%C3%BAblica-e-gest%C3%A3o-de-servi%C3%A7os-de-saneamento-0\">El libro en la Editora Fiocruz<\/a>.<\/p>\n<p><a href=\"http:\/\/www.editoraufmg.com.br\/pages\/obra\/55\/politica-publica-e-gestao-de-servicos-de-saneamento\">El libro en la Editora UFMG<\/a>.<\/p>\n<p><strong>Recomendaciones de la versi\u00f3n original del libro<\/strong><\/p>\n<p>\u201cEstoy muy impresionado por el rango y perfil de los temas y de los autores de los cap\u00edtulos. Existe una creciente conciencia de que resolver los problemas de agua y saneamiento implica m\u00e1s que ca\u00f1er\u00edas y v\u00e1lvulas \u2013la conducta humana y las instituciones son components importantes del conjunto de medidas requeridas.\u201d<br \/>\nSandy Cairncross, London School of Hygiene and Tropical Medicine, UK<\/p>\n<p>\u201cEste libro es muy oportuno\u2026 El \u00e9nfasis del libro es absolutamente correcto, vinculando las tecnolog\u00edas con los aspectos socio-culturales, politicos y econ\u00f3micos de los servicios de agua y saneamiento.\u201d<br \/>\nDuncan Mara, University of Leeds, UK<\/p>\n<p>\u201cEl libro ser\u00e1 de gran inter\u00e9s a estudiantes avanzados, investigadores, profesionales y ONGs en muchas disciplinas, incluyendo pol\u00edticas p\u00fablicas y planificaci\u00f3n, ciencia ambiental, sociolog\u00eda ambiental, historia de la tecnolog\u00eda, ingenier\u00eda civil y ambiental, salud p\u00fablica, y estudios del desarrollo.\u201d<br \/>\nRichard H. McCuen, Professor of Civil Engineering, University of Maryland, USA<\/p>\n<p>\u201cIntroduci\u00e9ndose m\u00e1s profundamente en este libro, el lector tiene acceso a una fuente de informaci\u00f3n rica y profunda, an\u00e1lisis y asesoramiento para todos aquellos comprometidos con el mejoramiento del acceso y de la calidad de los servicios de agua y saneamiento.\u201d<br \/>\nDavid Sutherland, ATKINS, Waterlines<\/p>\n<p>&nbsp;<\/p>\n<h3>Rese\u00f1as del libro<\/h3>\n<p>Rese\u00f1a por Luiz Roberto Santos Moraes, <span style=\"text-decoration: underline;\">Engenharia Sanitaria e Ambiental<\/span>, Vol. 14, No 2, 2009. <a href=\"http:\/\/www.scielo.br\/pdf\/esa\/v14n2\/a01v14n2.pdf\">Accesible aqu\u00ed<\/a>.<\/p>\n<p>Rese\u00f1a por Ilana Cohen (en ingl\u00e9s), <span style=\"text-decoration: underline;\">International Journal of Water Resources Development<\/span>, Vol. 29, No 3, 2013, p\u00e1gs. 497-500. DOI: 10.1080\/07900627.2013.768942. <a href=\"http:\/\/www.tandfonline.com\/doi\/pdf\/10.1080\/07900627.2013.768942?redirect=1\">Accesible aqu\u00ed<\/a>.<\/p>\n<p>Rese\u00f1a por Eduardo Marques, <span style=\"text-decoration: underline;\">Brazilian Political Science Review<\/span>, Vol. 8, No 2, 2014. DOI: 10.1590\/1981-38212014000100015. <a href=\"http:\/\/www.fflch.usp.br\/centrodametropole\/upload\/aaa\/875-resenha_ECM_%20213-783-1-PB.pdf\">Accesible aqu\u00ed<\/a>.<\/p>\n<p>Rese\u00f1a de la <a href=\"https:\/\/roxpublicidade.com.br\/waterlat\/01\/es\/publicaciones\/libros\/libro-politicas-publicas-e-gestao-de-servicos-de-saneamento\/\">versi\u00f3n en portugu\u00e9s del libro<\/a>, por Mariana Gutierres Arteiro da Paz, <span style=\"text-decoration: underline;\">Ambiente e Sociedade<\/span>, Vol. 18, No 1, 2015. DOI: 10.1590\/1809-4422ASOC1252V1812015. <a href=\"http:\/\/www.scielo.br\/scielo.php?script=sci_arttext&amp;pid=S1414-753X2015000100014\">Accesible aqu\u00ed<\/a>.<\/p>\n","protected":false},"excerpt":{"rendered":"<p>L\u00e9o Heller y Jos\u00e9 Esteban Castro (Eds.),\u00a0Pol\u00edticas P\u00fablicas e Gest\u00e3o de Servi\u00e7os de Saneamento, Belo Horizonte y Rio de Janeiro:\u00a0Editora da Universidade Federal de Minas Gerais (UFMG)\u00a0y\u00a0Editora Fiocruz, 2013. DOI: 10.5281\/zenodo.55855. Este libro es una versi\u00f3n actualizada y ampliada de Jos\u00e9 Esteban Castro y L\u00e9o Heller (Eds.),\u00a0Water and Sanitation Services: Public Policy and Management\u00a0(Earthscan, 2009; [&hellip;]<\/p>\n","protected":false},"author":1,"featured_media":0,"parent":12751,"menu_order":0,"comment_status":"closed","ping_status":"closed","template":"page-templates\/full-width.php","meta":{"footnotes":""},"class_list":["post-1433","page","type-page","status-publish","hentry"],"_links":{"self":[{"href":"https:\/\/roxpublicidade.com.br\/waterlat\/01\/wp-json\/wp\/v2\/pages\/1433","targetHints":{"allow":["GET"]}}],"collection":[{"href":"https:\/\/roxpublicidade.com.br\/waterlat\/01\/wp-json\/wp\/v2\/pages"}],"about":[{"href":"https:\/\/roxpublicidade.com.br\/waterlat\/01\/wp-json\/wp\/v2\/types\/page"}],"author":[{"embeddable":true,"href":"https:\/\/roxpublicidade.com.br\/waterlat\/01\/wp-json\/wp\/v2\/users\/1"}],"replies":[{"embeddable":true,"href":"https:\/\/roxpublicidade.com.br\/waterlat\/01\/wp-json\/wp\/v2\/comments?post=1433"}],"version-history":[{"count":0,"href":"https:\/\/roxpublicidade.com.br\/waterlat\/01\/wp-json\/wp\/v2\/pages\/1433\/revisions"}],"up":[{"embeddable":true,"href":"https:\/\/roxpublicidade.com.br\/waterlat\/01\/wp-json\/wp\/v2\/pages\/12751"}],"wp:attachment":[{"href":"https:\/\/roxpublicidade.com.br\/waterlat\/01\/wp-json\/wp\/v2\/media?parent=1433"}],"curies":[{"name":"wp","href":"https:\/\/api.w.org\/{rel}","templated":true}]}}