{"id":12787,"date":"2023-05-20T21:42:29","date_gmt":"2023-05-20T21:42:29","guid":{"rendered":"https:\/\/waterlat.org\/es\/?page_id=4060"},"modified":"2023-05-20T21:42:29","modified_gmt":"2023-05-20T21:42:29","slug":"serie-de-cuadernos-de-trabajo-del-proyecto-desafio-del-at3","status":"publish","type":"page","link":"https:\/\/roxpublicidade.com.br\/waterlat\/01\/es\/areas-tematicas-2\/at3\/at3-cuardenos-de-trabajo\/serie-de-cuadernos-de-trabajo-del-proyecto-desafio-del-at3\/","title":{"rendered":"Serie de Cuadernos de Trabajo del Proyecto  DESAFIO del  AT3"},"content":{"rendered":"<h2><\/h2>\n<p><b>Innovaciones y desaf\u00edos para la democratizaci\u00f3n de los servicios de agua y saneamiento (en portugu\u00e9s), Newcastle upon Tyne y Recife, Brasil. S\u00edntesis del a Primera Conferencia International<\/b>.Editado por J.E. Castro, Organizado por H.M. Rocha Ferreira y A. Ramos, con  art\u00edculos de L. Roberto Rosas de Siqueira, A. Brasileiro, C. Marcuzzo, A. Araujo, J.E.Castro, W. A. Ribeiro, M. Pigeon, A. da Costa Miranda Neto, A. Le Strat, J. C. Melo, P. Campos Borja, A. Monteiro, M. R. Pena, R. Cavalcanti Tavares, E. A. da Silva,B. Saraiva, M. Montenegro, y L.Heller.<br \/>\nVol. 1 No 1 (Old ISSN), Octubre de 2013.<a href=\"https:\/\/roxpublicidade.com.br\/waterlat\/01\/WPapers\/WATERLAT%20Working%20Paper%20SPIDES%201.pdf\">Bajar el n\u00famero aqu\u00ed<\/a>.<\/p>\n<h2><\/h2>\n<p><a href=\"https:\/\/roxpublicidade.com.br\/waterlat\/01\/wp-content\/uploads\/2023\/05\/WPSPIDES26.jpg\"><img loading=\"lazy\" decoding=\"async\" class=\"alignnone size-medium wp-image-2717\" src=\"https:\/\/roxpublicidade.com.br\/waterlat\/01\/wp-content\/uploads\/2023\/05\/WPSPIDES26.jpg\" alt=\"Tapa WPSATAM22\" width=\"212\" height=\"300\" \/><\/a>.<\/p>\n<h2><\/h2>\n<p><b>El Sistema Integrado de Agua y Saneamento Rural (SISAR) en Brasil<\/b>(en portugu\u00e9s). Editado por J.E. Castro, con art\u00edculos de E. de Souza Martins Freitas, S. V. de Castro, J. L. Pena, S. Rezende, y L.Heller.<br \/>\nVol. 2 No 6, diciembre de 2015.<br \/>\n<a href=\"https:\/\/roxpublicidade.com.br\/waterlat\/01\/WPapers\/WPSPIDES26.pdf\">Bajar el n\u00famero aqu\u00ed<\/a>.<\/p>\n<h2><\/h2>\n<p><a href=\"https:\/\/roxpublicidade.com.br\/waterlat\/01\/wp-content\/uploads\/2023\/05\/WPSPIDES27.jpg\"><img loading=\"lazy\" decoding=\"async\" class=\"alignnone size-medium wp-image-2717\" src=\"https:\/\/roxpublicidade.com.br\/waterlat\/01\/wp-content\/uploads\/2023\/05\/WPSPIDES27.jpg\" alt=\"Tapa WPSATAM22\" width=\"212\" height=\"300\" \/><\/a>.<\/p>\n<h2><\/h2>\n<p><b>El Sistema Condominial de Saneamiento en Zonas Especiales de Inter\u00e9s Social (ZEIS) en Recife, Brasil<\/b>(en portugu\u00e9s). J.E. Castro, e H. M. Rocha Ferreira.<br \/>\nVol. 2 No 7, diciembre de  2015.<br \/>\n<a href=\"https:\/\/roxpublicidade.com.br\/waterlat\/01\/WPapers\/WPSPIDES27.pdf\">Bajar el n\u00famero aqu\u00ed<\/a>.<\/p>\n<p><a href=\"https:\/\/roxpublicidade.com.br\/waterlat\/01\/wp-content\/uploads\/2023\/05\/WPSPIDES28.jpg\"><img loading=\"lazy\" decoding=\"async\" class=\"alignnone size-medium wp-image-2717\" src=\"https:\/\/roxpublicidade.com.br\/waterlat\/01\/wp-content\/uploads\/2023\/05\/WPSPIDES28.jpg\" alt=\"Tapa WPSATAM22\" width=\"212\" height=\"300\" \/><\/a>.<\/p>\n<h2><\/h2>\n<p><b>Evaluaci\u00f3n de Tecnolog\u00edas Apropiadas para el Acceso a Agua en Comunidades Vulnerables en la Baixada Fluminense, Rio de Janeiro, Brasil <\/b>(en portugu\u00e9s). Editado por J.E. Castro, con art\u00edculos de A.L. Britto, A. Maiello, y S. Quintslr.<br \/>\nVol. 2 No 8, diciembre de 2015.<br \/>\n<a href=\"https:\/\/roxpublicidade.com.br\/waterlat\/01\/WPapers\/WPSPIDES28.pdf\">Bajar el n\u00famero aqu\u00ed<\/a>.<\/p>\n<h2><\/h2>\n<p><a href=\"https:\/\/roxpublicidade.com.br\/waterlat\/01\/wp-content\/uploads\/2023\/05\/WPSPIDES29.jpg\"><img loading=\"lazy\" decoding=\"async\" class=\"alignnone size-medium wp-image-2717\" src=\"https:\/\/roxpublicidade.com.br\/waterlat\/01\/wp-content\/uploads\/2023\/05\/WPSPIDES29.jpg\" alt=\"Tapa WPSATAM22\" width=\"212\" height=\"300\" \/><\/a>.<\/p>\n<h2><\/h2>\n<p><b>Empoderamiento, Resiliencia y Sustentabilidad: Evaluaci\u00f3n de un Sistema Integrado de Agua y Saneamiento en una Comunidad Rural en Colombia<\/b>. Editado por J.E. Castro, con  art\u00edculos de M. Garcia, M. Pena, A. F. Toro, J. Vargas, V. A. Ceron, S. P. Tamayo, E. Mena, V. Orjuela, D. Morales, S.I.Bolanos y R. J. Vidal.<br \/>\nVol. 2 No 9, diciembre de 2015.<br \/>\n<a href=\"https:\/\/roxpublicidade.com.br\/waterlat\/01\/WPapers\/WPSPIDES29.pdf\">Bajar el n\u00famero aqu\u00ed<\/a>.<\/p>\n<h2><\/h2>\n<p><a href=\"https:\/\/roxpublicidade.com.br\/waterlat\/01\/wp-content\/uploads\/2023\/05\/WPSPIDES210.jpg\"><img loading=\"lazy\" decoding=\"async\" class=\"alignnone size-medium wp-image-2717\" src=\"https:\/\/roxpublicidade.com.br\/waterlat\/01\/wp-content\/uploads\/2023\/05\/WPSPIDES210.jpg\" alt=\"Tapa WPSATAM22\" width=\"212\" height=\"300\" \/><\/a>.<\/p>\n<h2><\/h2>\n<p><b>Dimensiones Socio-T\u00e9cnicas del Sistema de \u2018Saneamiento Integrado\u2019 en Barrios de Bajos Ingresos en Recife, Brasil <\/b>(en portugu\u00e9s). J.E. Castro, y H. M. Rocha Ferreira.<br \/>\nVol. 2 No 10, diciembre de 2015.<br \/>\n<a href=\"https:\/\/roxpublicidade.com.br\/waterlat\/01\/WPapers\/WPSPIDES210.pdf\">Bajar el n\u00famero aqu\u00ed<\/a>.<\/p>\n<h2><\/h2>\n<p><a href=\"https:\/\/roxpublicidade.com.br\/waterlat\/01\/wp-content\/uploads\/2023\/05\/WPSPIDES211.jpg\"><img loading=\"lazy\" decoding=\"async\" class=\"alignnone size-medium wp-image-2717\" src=\"https:\/\/roxpublicidade.com.br\/waterlat\/01\/wp-content\/uploads\/2023\/05\/WPSPIDES211.jpg\" alt=\"Tapa WPSATAM22\" width=\"212\" height=\"300\" \/><\/a>.<\/p>\n<h2><\/h2>\n<p><b>Gesti\u00f3n Comunitaria del Agua Rural y Asociatividad en Colombia <\/b>.Editado por J.E. Castro, com art\u00edculos de M. Garcia, M. Pena, A. F. Toro, J. Vargas, V. A. Ceron, S. P. Tamayo, E. Mena, V. Orjuela, D. Morales, S.I. Bolanos y R. J. Vidal.<br \/>\nVol. 2 No 11, diciembre de 2015.<a href=\"https:\/\/roxpublicidade.com.br\/waterlat\/01\/WPapers\/WPSPIDES211.pdf\">Bajar el n\u00famero aqu\u00ed<\/a>.<\/p>\n<h2><\/h2>\n<p><a href=\"https:\/\/roxpublicidade.com.br\/waterlat\/01\/wp-content\/uploads\/2023\/05\/WPSPIDES212.jpg\"><img loading=\"lazy\" decoding=\"async\" class=\"alignnone size-medium wp-image-2717\" src=\"https:\/\/roxpublicidade.com.br\/waterlat\/01\/wp-content\/uploads\/2023\/05\/WPSPIDES212.jpg\" alt=\"Tapa WPSATAM22\" width=\"212\" height=\"300\" \/><\/a>.<\/p>\n<h2><\/h2>\n<p><b>Generaci\u00f3n Participativa de un Sistema de Tratamiento de Agua en una Comunidad Quilombola en Minas Gerais, Brasil <\/b>.Editado por J.E. Castro, con  art\u00edculos de V. L. de P\u00e1dua, D. Roncarati Vilela, y A. Sullyvan Rodrigues Silva.<br \/>\nVol. 2 No 12, diciembre de 2015.<br \/>\n<a href=\"https:\/\/roxpublicidade.com.br\/waterlat\/01\/WPapers\/WPSPIDES212.pdf\">Bajar el n\u00famero aqu\u00ed<\/a>.<\/p>\n<h2><\/h2>\n<p><a href=\"https:\/\/roxpublicidade.com.br\/waterlat\/01\/wp-content\/uploads\/2023\/05\/WPSPIDES213.jpg\"><img loading=\"lazy\" decoding=\"async\" class=\"alignnone size-medium wp-image-2717\" src=\"https:\/\/roxpublicidade.com.br\/waterlat\/01\/wp-content\/uploads\/2023\/05\/WPSPIDES213.jpg\" alt=\"Tapa WPSATAM22\" width=\"212\" height=\"300\" \/><\/a>.<\/p>\n<h2><\/h2>\n<p><b>Desarrollo de Capacidades para Monitorear la Calidad del Agua en Comunidades Vulnerables en Argentina.Editado por J.E. Castro, con art\u00edculos de M. Portapila, J. C. Marin, S. Omelianiuk, M.Orta, H. Escobar, G. Anton, G. Forte, G. Maydana, A. Rigall, M. Romagnoli, D. Tagliavini, y N. Torres.<br \/>\nVol. 2 No 13, diciembre de 2015.<br \/>\n<a href=\"https:\/\/roxpublicidade.com.br\/waterlat\/01\/WPapers\/WPSPIDES213.pdf\">Bajar el n\u00famero aqu\u00ed<\/a>.<\/p>\n<h2><\/h2>\n<p><a href=\"https:\/\/roxpublicidade.com.br\/waterlat\/01\/wp-content\/uploads\/2023\/05\/WPSPIDES214.jpg\"><img loading=\"lazy\" decoding=\"async\" class=\"alignnone size-medium wp-image-2717\" src=\"https:\/\/roxpublicidade.com.br\/waterlat\/01\/wp-content\/uploads\/2023\/05\/WPSPIDES214.jpg\" alt=\"Tapa WPSATAM22\" width=\"212\" height=\"300\" \/><\/a>.<\/p>\n<h2><\/h2>\n<p><b>Marco Te\u00f3rico Metodol\u00f3gico.Proyecto DESAFIO<\/b>(en ingl\u00e9s).Editado por J.E. Castro, con apoyo de los  miembros del Consorcio del Proyecto DESAFIO.<br \/>\nVol. 2 No 14, diciembre de  2015.<br \/>\n<a href=\"https:\/\/roxpublicidade.com.br\/waterlat\/01\/WPapers\/WPSPIDES214.pdf\">Bajar el n\u00famero aqu\u00ed<\/a>.<\/p>\n<h2><\/h2>\n<p><a href=\"https:\/\/roxpublicidade.com.br\/waterlat\/01\/wp-content\/uploads\/2023\/05\/WPSPIDES215.jpg\"><img loading=\"lazy\" decoding=\"async\" class=\"alignnone size-medium wp-image-2717\" src=\"https:\/\/roxpublicidade.com.br\/waterlat\/01\/wp-content\/uploads\/2023\/05\/WPSPIDES215.jpg\" alt=\"Tapa WPSATAM22\" width=\"212\" height=\"300\" \/><\/a>.<\/p>\n<h2><\/h2>\n<p><b>An\u00e1lisis Cros-Comparativo. Proyecto DESAFIO<\/b>(en ingl\u00e9s). Editado por J.E. Castro, con  art\u00edculos de R. Pinto, Z. Teixeira, M. da C. Cunha, y J.E. Castro, con apoyo de los  miembros del Consorcio del Proyecto DESAFIO.<br \/>\nVol. 2 No 15, diciembre de  2015.<br \/>\n<a href=\"https:\/\/roxpublicidade.com.br\/waterlat\/01\/WPapers\/WPSPIDES215.pdf\"Bajar el n\u00famero aqu\u00ed<\/a>.<\/p>\n<h2><\/h2>\n<p><a href=\"https:\/\/roxpublicidade.com.br\/waterlat\/01\/wp-content\/uploads\/2023\/05\/WPSPIDES216.jpg\"><img loading=\"lazy\" decoding=\"async\" class=\"alignnone size-medium wp-image-2717\" src=\"https:\/\/roxpublicidade.com.br\/waterlat\/01\/wp-content\/uploads\/2023\/05\/WPSPIDES216.jpg\" alt=\"Tapa WPSATAM22\" width=\"212\" height=\"300\" \/><\/a>.<\/p>\n<h2><\/h2>\n<p><b>Informes Finales del Proyecto DESAFIO<\/b>(en ingl\u00e9s). J.E. Castro, con apoyo de los  miembros del Consorcio del Proyecto DESAFIO.<br \/>\nVol. 2 No 16, diciembre de 2015.<br \/>\n<a href=\"https:\/\/roxpublicidade.com.br\/waterlat\/01\/WPapers\/WPSPIDES216.pdf\">Bajar el n\u00famero aqu\u00ed<\/a>.<\/p>\n<h2><\/h2>\n<p><a href=\"https:\/\/roxpublicidade.com.br\/waterlat\/01\/es\/at3\/\">Volver a la Presentaci\u00f3n del AT3<\/a><\/p>\n","protected":false},"excerpt":{"rendered":"<p>Innovaciones y desaf\u00edos para la democratizaci\u00f3n de los servicios de agua y saneamiento (en portugu\u00e9s), Newcastle upon Tyne y Recife, Brasil. S\u00edntesis del a Primera Conferencia International.Editado por J.E. Castro, Organizado por H.M. Rocha Ferreira y A. Ramos, con art\u00edculos de L. Roberto Rosas de Siqueira, A. Brasileiro, C. Marcuzzo, A. Araujo, J.E.Castro, W. A. [&hellip;]<\/p>\n","protected":false},"author":1,"featured_media":0,"parent":1614,"menu_order":0,"comment_status":"closed","ping_status":"closed","template":"page-templates\/full-width.php","meta":{"footnotes":""},"class_list":["post-12787","page","type-page","status-publish","hentry"],"_links":{"self":[{"href":"https:\/\/roxpublicidade.com.br\/waterlat\/01\/wp-json\/wp\/v2\/pages\/12787","targetHints":{"allow":["GET"]}}],"collection":[{"href":"https:\/\/roxpublicidade.com.br\/waterlat\/01\/wp-json\/wp\/v2\/pages"}],"about":[{"href":"https:\/\/roxpublicidade.com.br\/waterlat\/01\/wp-json\/wp\/v2\/types\/page"}],"author":[{"embeddable":true,"href":"https:\/\/roxpublicidade.com.br\/waterlat\/01\/wp-json\/wp\/v2\/users\/1"}],"replies":[{"embeddable":true,"href":"https:\/\/roxpublicidade.com.br\/waterlat\/01\/wp-json\/wp\/v2\/comments?post=12787"}],"version-history":[{"count":0,"href":"https:\/\/roxpublicidade.com.br\/waterlat\/01\/wp-json\/wp\/v2\/pages\/12787\/revisions"}],"up":[{"embeddable":true,"href":"https:\/\/roxpublicidade.com.br\/waterlat\/01\/wp-json\/wp\/v2\/pages\/1614"}],"wp:attachment":[{"href":"https:\/\/roxpublicidade.com.br\/waterlat\/01\/wp-json\/wp\/v2\/media?parent=12787"}],"curies":[{"name":"wp","href":"https:\/\/api.w.org\/{rel}","templated":true}]}}