{"id":12785,"date":"2022-12-22T15:08:13","date_gmt":"2022-12-22T15:08:13","guid":{"rendered":"https:\/\/waterlat.org\/es\/?page_id=3851"},"modified":"2022-12-22T15:08:13","modified_gmt":"2022-12-22T15:08:13","slug":"vol8-no4","status":"publish","type":"page","link":"https:\/\/roxpublicidade.com.br\/waterlat\/01\/es\/working-papers-series-3\/volumen-8-2021\/vol8-no4\/","title":{"rendered":"Vol8, No4"},"content":{"rendered":"<style>\n.entry-content img, .comment-content img, .widget img, img.header-image, .author-avatar img, img.wp-post-image {\nbox-shadow: none;\n}\n.box {\n  width: 40%;\n  margin: 0 auto;\n  background: rgba(255,255,255,0.2);\n  padding: 35px;\n  border: 2px solid #fff;\n  border-radius: 20px\/50px;\n  background-clip: padding-box;\n  text-align: center;\n}<\/p>\n<p>.pl_issn{text-align: right;    margin-bottom: 25px !important;font-size: 14px;display: inline;float: right;}\n.overlay {\n  position: fixed;\n  top: 0;\n  bottom: 0;\n  left: 0;\n  right: 0;\n  background: rgba(0, 0, 0, 0.7);\n  transition: opacity 500ms;\n  visibility: hidden;\n  opacity: 0;\n}\n.overlay:target {\n  visibility: visible;\n  opacity: 1;\n}<\/p>\n<p>.popup {\n  margin: 70px auto;\n  padding: 20px;\n  background: #fff;\n  border-radius: 5px;\n  width: 30%;\n  position: relative;\n  transition: all 5s ease-in-out;\n}<\/p>\n<p>.popup h2 {\n  margin-top: 0;\n  color: #333;\n  font-family: Tahoma, Arial, sans-serif;\n}\n.popup .close {\n  position: absolute;\n  top: 20px;\n  right: 30px;\n  transition: all 200ms;\n  font-size: 30px;\n  font-weight: bold;\n  text-decoration: none;\n  color: #333;\n}\n.popup .close:hover {\n  color: rgb(0, 66, 126);\n}\n.popup .content {\n  max-height: 30%;\n  overflow: auto;\n}<\/p>\n<p>@media screen and (max-width: 700px){\n  .box{\n    width: 70%;\n  }\n  .popup{\n    width: 70%;\n  }\n}\n.entry-content p {\nline-height: normal;\nmargin: 0;\n}<\/p>\n<p>.wp_cuaderno {display: inline-block; background-color: #ededed; box-shadow: 0 4px 8px 0 rgba(0, 0, 0, 0.2), 0 6px 20px 0 rgba(0, 0, 0, 0.19); padding: 20px 50px;}\n.wp_portada {float:left;}\n.wp_info{margin-left: 170px;}\np.titulo{font-size:18px;}\n.wp_info.desc{width: 90%; margin: 5px 0px;}\n.wp_info p {margin-bottom:3px;}\n.wp_info.serie{width: 360px;}\n.wp_info a {margin-top:8px;}<\/p>\n<p>.wp_descargas{clear: both; padding-top: 3px;}<\/p>\n<p>.dw_pdf {\n        background-color: rgba(251, 116, 116, 0);\n    padding: 8px 9px;\n    color: #b52335;\n    text-decoration: none;\n    border: 2px #b52335 solid;\n    transition: 0.2s all;\n    border-radius: 4px;\n    font-weight: 600;}\n.dw_pdf:hover{background-color: #b52335; color:white;}\n.dw_pdf i {font-size:25px; vertical-align: bottom; margin-right: 3px;}<\/p>\n<p>.dw_pdf-full {\n        background-color: rgba(251, 116, 116, 0);\n    padding: 8px 51px;\n    color: #b52335;\n    text-decoration: none;\n    border: 2px #b52335 solid;\n    transition: 0.2s all;\n    border-radius: 4px;\n    font-weight: 600;}\n.dw_pdf-full:hover{background-color: #b52335; color:white;}\n.dw_pdf-full i {font-size:25px; vertical-align: bottom; margin-right: 3px;}<\/p>\n<p>.dw_epub {background-color: rgba(251, 116, 116, 0);\n    padding: 8px 6px;\n    color: #0964bd;\n    text-decoration: none;\n    border: 2px #0964bd solid;\n    transition: 0.2s all;\n    border-radius: 4px;\n    margin-left: 5px;\n    font-weight: 600;}\n.dw_epub:hover{background-color: #0964bd; color:white;}\n.dw_epub i {font-size:25px; vertical-align: bottom; margin-right: 3px;}<\/p>\n<p>.wp_sec-art{padding-left: 50px; padding-top: 10px;}\n.wp_articulo{padding-top:40px;}\n.wp_articulo.tituloar{font-size:17px;}\na.desar {text-decoration: none; float:left; margin-right: 20px;}<\/p>\n<\/style>\n<p><!-- CUADERNO !--><\/p>\n<p class=\"pl_issn\">ISSN: (Print)<b> 2056-4856<\/b><br \/>ISSN: (Online) <b>2056-4864<\/b><\/p>\n<div class=\"wp_cuaderno\">\n<p><!-- PORTADA !--><\/p>\n<div class=\"wp_portada\">\n    <img width=\"158px \"src=\"https:\/\/roxpublicidade.com.br\/waterlat\/01\/wp-content\/uploads\/2022\/12\/Tapa-Vol8.4.jpg\" \/>\n  <\/div>\n<p>  <!-- INFORMACION DERECHA !--><\/p>\n<div class=\"wp_info\">\n<p>      <!-- TITULO !--> <b><\/p>\n<p class=\"titulo\">Vol. 8, No. 4<\/p>\n<p><\/b><br \/>\n      <!-- FECHA !-->  <\/p>\n<p>diciembre de 2021<\/p>\n<p>       <!-- AUTOR !-->  <\/p>\n<p>Wagner Costa Ribeiro y Fl\u00e1via Darre Barbosa (Eds.)<\/p>\n<p>      <!-- DOI !-->    <i><\/p>\n<p>DOI: 10.5281\/zenodo.7469827<\/p>\n<p><\/i><br \/>\n      <!-- DESCR !-->  <b><\/p>\n<p class=\"desc\"> Pol\u00edtica y Aguas Transfronterizas:Experiencias de Brasil, M\u00e9xico, Paraguay y Uruguay<\/b> (en espa\u00f1ol y portugu\u00e9s)<\/p>\n<p>      <!-- SERIE   <i>\n\n<p class=\"serie\">??? (serie)<\/p>\n\n<\/i>!--><br \/>\n      <!-- CITA !-->    <i><a href=\"https:\/\/zenodo.org\/record\/7469827#invenio-csl\" class=\"desar\" style=\"color:#9ad3f9;\">Exportar Cita<\/a><\/i>\n  <\/div>\n<p>  <!-- DESCARGAS !--><\/p>\n<div class=\"wp_descargas\">\n    <!-- PDF LINK !-->  <a href=\"https:\/\/zenodo.org\/record\/7469827\" class=\"dw_pdf-full\" target=\"_blank\" rel=\"noopener noreferrer\"><i class=\"fa fa-file-pdf-o\" aria-hidden=\"true\" fa-3x><\/i>PDF<\/a><br \/>\n    <!-- PDF LINK  <a href=\"#\" class=\"dw_pdf\"><i class=\"fa fa-file-pdf-o\" aria-hidden=\"true\" fa-3x><\/i>PDF<\/a>\n    EPUB LINK  <a href=\"#\" class=\"dw_epub\"><i class=\"fa fa-file-text-o\" aria-hidden=\"true\"><\/i>EPUB<\/a>!-->\n  <\/div>\n<\/div>\n<p><!-- SECCION ARTICULOS !--><\/p>\n<div style=\"margin-top: 30px;\">\n<h3 style=\" margin-bottom:5px;\">Art\u00edculos<\/h3>\n<hr style=\"margin: 0;\">\n<p><!-- ARTICULOS !--><\/p>\n<div class=\"wp_sec-art\">\n<p>    <!-- ARTICULO INDIVIDUAL !--><\/p>\n<div class=\"wp_articulo\">\n        <!-- TITULO !-->  <b><\/p>\n<p class=\"tituloar\"> Gobernabilidad de sub-cuencas hidrogr\u00e1ficas transfronterizas: las cuencas de los r\u00edos Apa(Brasil-Paraguay) y Quara\u00ed (Brasil-Uruguay) (en portugu\u00e9s), p\u00e1gs. 6-34<\/p>\n<p><\/b><br \/>\n        <!-- AUTOR  !-->  <\/p>\n<p> Luis Paulo Batista da Silva  <\/p>\n<p>        <!-- DOI    !-->  <\/p>\n<p style=\"float:left;\">DOI: <\/p>\n<p>10.5281\/zenodo.7469983<\/p>\n<p>        <!-- PDF LINK  !-->  <a class=\"desar\"  href=\"https:\/\/zenodo.org\/record\/7469983\"><b><\/p>\n<p style=\"color:#ff5e73;\">PDF<\/p>\n<p><\/b><\/a><br \/>\n        <!-- EPUB LINK   <a class=\"desar\"  href=\"#\"><b>\n\n<p style=\"color:#3e99f9;\">EPUB<\/p>\n\n<\/b><\/a>!--><br \/>\n        <!-- CITA LINK !-->  <a class=\"desar\"  href=\"https:\/\/zenodo.org\/record\/7469983#invenio-csl\"><\/p>\n<p style=\"color:#9ad3f9;\">Exportar Cita<\/p>\n<p><\/a>\n<\/div>\n<p><!-- ARTICULO INDIVIDUAL !--><\/p>\n<div class=\"wp_articulo\">\n        <!-- TITULO !-->  <b><\/p>\n<p class=\"tituloar\"> Brasil\/Paraguay:hidrohegemon\u00eda, tensiones y cooperaci\u00f3n en torno a la planta hidroel\u00e9ctrica binacional de Itaip\u00fa (en portugu\u00e9s), p\u00e1gs. 35-70<\/p>\n<p><\/b><br \/>\n        <!-- AUTOR  !-->  <\/p>\n<p> Mariana de Paula, Mariana Cristina Oliveira Luis Paulo Batista da Silva y Wagner Costa Ribeiro <\/p>\n<p>        <!-- DOI    !-->  <\/p>\n<p style=\"float:left;\">DOI: <\/p>\n<p>10.5281\/zenodo.7470016<\/p>\n<p>        <!-- PDF LINK  !-->  <a class=\"desar\"  href=\"https:\/\/zenodo.org\/record\/7470016\"><b><\/p>\n<p style=\"color:#ff5e73;\">PDF<\/p>\n<p><\/b><\/a><br \/>\n        <!-- EPUB LINK   <a class=\"desar\"  href=\"#\"><b>\n\n<p style=\"color:#3e99f9;\">EPUB<\/p>\n\n<\/b><\/a>!--><br \/>\n        <!-- CITA LINK !-->  <a class=\"desar\"  href=\"https:\/\/zenodo.org\/record\/7470016#invenio-csl\"><\/p>\n<p style=\"color:#9ad3f9;\">Exportar Cita<\/p>\n<p><\/a><\/p>\n<\/div>\n<p><!-- ARTICULO INDIVIDUAL !--><\/p>\n<div class=\"wp_articulo\">\n        <!-- TITULO !-->  <b><\/p>\n<p class=\"tituloar\"> Agua-poder: la gesti\u00f3n del agua subterr\u00e1nea en M\u00e9xico, y su soslayada dimensi\u00f3n transfronteriza, 1948-2018, p\u00e1gs. 71-94<\/p>\n<p><\/b><br \/>\n        <!-- AUTOR  !-->  <\/p>\n<p> Gonzalo Hatch-Kuri,Samuel Schmidt Nedvedovich, y Jos\u00e9 Joel Carrillo-Rivera <\/p>\n<p>        <!-- DOI    !-->  <\/p>\n<p style=\"float:left;\">DOI: <\/p>\n<p>10.5281\/zenodo.7470039<\/p>\n<p>        <!-- PDF LINK  !-->  <a class=\"desar\"  href=\"https:\/\/zenodo.org\/record\/7470039\"><b><\/p>\n<p style=\"color:#ff5e73;\">PDF<\/p>\n<p><\/b><\/a><br \/>\n        <!-- EPUB LINK   <a class=\"desar\"  href=\"#\"><b>\n\n<p style=\"color:#3e99f9;\">EPUB<\/p>\n\n<\/b><\/a>!--><br \/>\n        <!-- CITA LINK !-->  <a class=\"desar\"  href=\"https:\/\/zenodo.org\/record\/7470039#invenio-csl\"><\/p>\n<p style=\"color:#9ad3f9;\">Exportar Cita<\/p>\n<p><\/a><\/p>\n<\/div>\n<p><!-- ARTICULO INDIVIDUAL !--><\/p>\n<div class=\"wp_articulo\">\n        <!-- TITULO !-->  <b><\/p>\n<p class=\"tituloar\"> Securitizaci\u00f3n de la energ\u00eda el\u00e9ctrica en el desarrollo brasile\u00f1o: los l\u00edmites en las negociaciones del Tratado de Itaip\u00fa durante el gobierno del ex-Presidente In\u00e1cio Lula da Silva (2003-2010) (en portugu\u00e9s), p\u00e1gs. 95-111<\/p>\n<p><\/b><br \/>\n        <!-- AUTOR  !-->  <\/p>\n<p> Paulo In\u00e1cio Junior <\/p>\n<p>        <!-- DOI    !-->  <\/p>\n<p style=\"float:left;\">DOI: <\/p>\n<p>10.5281\/zenodo.7470078<\/p>\n<p>        <!-- PDF LINK  !-->  <a class=\"desar\"  href=\"https:\/\/zenodo.org\/record\/7470078\"><b><\/p>\n<p style=\"color:#ff5e73;\">PDF<\/p>\n<p><\/b><\/a><br \/>\n        <!-- EPUB LINK   <a class=\"desar\"  href=\"#\"><b>\n\n<p style=\"color:#3e99f9;\">EPUB<\/p>\n\n<\/b><\/a>!--><br \/>\n        <!-- CITA LINK !-->  <a class=\"desar\"  href=\"https:\/\/zenodo.org\/record\/7470078#invenio-csl\"><\/p>\n<p style=\"color:#9ad3f9;\">Exportar Cita<\/p>\n<p><\/a>\n<\/div>\n<\/div>\n<\/div>\n<\/div>\n<style>\n.export-list{<br \/>\n   list-style-type: none;<br \/>\n   margin-top: 10px !important;<br \/>\n}<br \/>\n.export-list li {display:inline-block; margin: 0px 0px 0px 1.4rem;}<br \/>\n.export-list a {color: #2a8bb7; text-decoration: none; transition:0.2s all;}<br \/>\n.export-list a:hover{text-decoration:underline; transition:0.2s all;}<br \/>\n<\/style>\n","protected":false},"excerpt":{"rendered":"<p>ISSN: (Print) 2056-4856ISSN: (Online) 2056-4864 Vol. 8, No. 4 diciembre de 2021 Wagner Costa Ribeiro y Fl\u00e1via Darre Barbosa (Eds.) DOI: 10.5281\/zenodo.7469827 Pol\u00edtica y Aguas Transfronterizas:Experiencias de Brasil, M\u00e9xico, Paraguay y Uruguay (en espa\u00f1ol y portugu\u00e9s) Exportar Cita PDF Art\u00edculos Gobernabilidad de sub-cuencas hidrogr\u00e1ficas transfronterizas: las cuencas de los r\u00edos Apa(Brasil-Paraguay) y Quara\u00ed (Brasil-Uruguay) (en [&hellip;]<\/p>\n","protected":false},"author":1,"featured_media":0,"parent":3798,"menu_order":0,"comment_status":"closed","ping_status":"closed","template":"page-templates\/full-width.php","meta":{"footnotes":""},"class_list":["post-12785","page","type-page","status-publish","hentry"],"_links":{"self":[{"href":"https:\/\/roxpublicidade.com.br\/waterlat\/01\/wp-json\/wp\/v2\/pages\/12785","targetHints":{"allow":["GET"]}}],"collection":[{"href":"https:\/\/roxpublicidade.com.br\/waterlat\/01\/wp-json\/wp\/v2\/pages"}],"about":[{"href":"https:\/\/roxpublicidade.com.br\/waterlat\/01\/wp-json\/wp\/v2\/types\/page"}],"author":[{"embeddable":true,"href":"https:\/\/roxpublicidade.com.br\/waterlat\/01\/wp-json\/wp\/v2\/users\/1"}],"replies":[{"embeddable":true,"href":"https:\/\/roxpublicidade.com.br\/waterlat\/01\/wp-json\/wp\/v2\/comments?post=12785"}],"version-history":[{"count":0,"href":"https:\/\/roxpublicidade.com.br\/waterlat\/01\/wp-json\/wp\/v2\/pages\/12785\/revisions"}],"up":[{"embeddable":true,"href":"https:\/\/roxpublicidade.com.br\/waterlat\/01\/wp-json\/wp\/v2\/pages\/3798"}],"wp:attachment":[{"href":"https:\/\/roxpublicidade.com.br\/waterlat\/01\/wp-json\/wp\/v2\/media?parent=12785"}],"curies":[{"name":"wp","href":"https:\/\/api.w.org\/{rel}","templated":true}]}}