{"id":12781,"date":"2020-05-26T14:36:47","date_gmt":"2020-05-26T14:36:47","guid":{"rendered":"http:\/\/waterlat.org\/es\/?page_id=3377"},"modified":"2020-05-26T14:36:47","modified_gmt":"2020-05-26T14:36:47","slug":"alcantarilla-del-progreso","status":"publish","type":"page","link":"https:\/\/roxpublicidade.com.br\/waterlat\/01\/es\/publicaciones\/libros\/alcantarilla-del-progreso\/","title":{"rendered":"Alcantarilla del Progreso. Corporaciones, corrupci\u00f3n institucionalizada y la lucha por el r\u00edo Santiago"},"content":{"rendered":"<style>\n.dw_pdf-full {<br \/>\n    background-color: rgba(251, 116, 116, 0);<br \/>\n    padding: 8px 20px;<br \/>\n    color: #b52335;<br \/>\n    text-decoration: none;<br \/>\n    border: 2px #b52335 solid;<br \/>\n    transition: 0.2s all;<br \/>\n    border-radius: 4px;<br \/>\n    font-weight: 600;<br \/>\nmargin:0px 5px;}<br \/>\n.dw_pdf-full:hover{background-color: #b52335; color:white;}<br \/>\n.dw_pdf-full i {font-size:25px; vertical-align: bottom; margin-right: 3px;}<br \/>\n<\/style>\n<p><a href=\"https:\/\/roxpublicidade.com.br\/waterlat\/01\/wp-content\/uploads\/2020\/05\/Tapa-1.jpg\"><img loading=\"lazy\" decoding=\"async\" class=\"alignnone size-medium wp-image-2744\" src=\"https:\/\/roxpublicidade.com.br\/waterlat\/01\/wp-content\/uploads\/2020\/05\/Tapa-1.jpg\" alt=\"\" width=\"207\" height=\"300\" \/><\/a><\/p>\n<p>Este libro es un producto de la <a href=\"https:\/\/roxpublicidade.com.br\/waterlat\/01\/es\/premio-waterlat-para-estudiantes\/premio-2018\/\"> Edici\u00f3n 2018 del Premio de Estudiantes (Doctorado)<\/a> de la Red WATERLAT-GOBACIT.<\/p>\n<p>Cindy McCulligh, <u> Alcantarilla del Progreso. Corporaciones, corrupci\u00f3n institucionalizada y la lucha por el r\u00edo Santiago <\/u>. ISBN: 978-987-864-564-3 (E-book). DOI: 10.5281\/zenodo.3948193.<\/p>\n<p>Co-publicado en Newcastle upon Tyne, Reino Unido, Campina Grande, Para\u00edba, Brasil, Buenos Aires, Argentina y Alcal\u00e1 de Henares, Espa\u00f1a, por la Red WATERLAT-GOBACIT, <a href=\"http:\/\/eduepb.uepb.edu.br\/\"> Editora da Universidade Estadual da Para\u00edba (EDUEPB) <\/a>, <a href=\"http:\/\/www.ciccus.org.ar\/\"> Ediciones CICCUS <\/a> e <a href=\"https:\/\/ielat.com\">Instituto Universitario de Investigaci\u00f3n en Estudios Latinoamericanos (IELAT), Universidad de Alcal\u00e1<\/a>, 2020.<\/p>\n<p><i><a class=\"desar\" style=\"color: #9ad3f9;\" href=\"https:\/\/zenodo.org\/record\/3948193#invenio-csl\">Exportar Cita<\/a><\/i><\/p>\n<h3>Descargar<\/h3>\n<p><a class=\"dw_pdf-full\" href=\"https:\/\/zenodo.org\/record\/3948193#.XiXTby3MxQI\" target=\"_blank\" rel=\"noopener noreferrer\"><i class=\"fa fa-file-pdf-o\" aria-hidden=\"true\"><\/i> PDF <\/a><\/p>\n<p>&nbsp;<\/p>\n<h3>Presentaciones del libro<\/h3>\n<p><a href=\"https:\/\/roxpublicidade.com.br\/waterlat\/01\/es\/diseminacion\/podcasts\/\"> Alcantarilla del Progreso. Corporaciones, corrupci\u00f3n institucionalizada y la lucha por el r\u00edo Santiago, Podcast 18, Serie Voces por el Agua, Alex Caldera y Jos\u00e9 Esteban Castro, con Cindy McCulligh, DOI: 10.5072\/zenodo.639120.<\/a><\/p>\n","protected":false},"excerpt":{"rendered":"<p>Este libro es un producto de la Edici\u00f3n 2018 del Premio de Estudiantes (Doctorado) de la Red WATERLAT-GOBACIT. Cindy McCulligh, Alcantarilla del Progreso. Corporaciones, corrupci\u00f3n institucionalizada y la lucha por el r\u00edo Santiago . ISBN: 978-987-864-564-3 (E-book). DOI: 10.5281\/zenodo.3948193. Co-publicado en Newcastle upon Tyne, Reino Unido, Campina Grande, Para\u00edba, Brasil, Buenos Aires, Argentina y Alcal\u00e1 [&hellip;]<\/p>\n","protected":false},"author":1,"featured_media":0,"parent":12751,"menu_order":0,"comment_status":"closed","ping_status":"closed","template":"page-templates\/full-width.php","meta":{"footnotes":""},"class_list":["post-12781","page","type-page","status-publish","hentry"],"_links":{"self":[{"href":"https:\/\/roxpublicidade.com.br\/waterlat\/01\/wp-json\/wp\/v2\/pages\/12781","targetHints":{"allow":["GET"]}}],"collection":[{"href":"https:\/\/roxpublicidade.com.br\/waterlat\/01\/wp-json\/wp\/v2\/pages"}],"about":[{"href":"https:\/\/roxpublicidade.com.br\/waterlat\/01\/wp-json\/wp\/v2\/types\/page"}],"author":[{"embeddable":true,"href":"https:\/\/roxpublicidade.com.br\/waterlat\/01\/wp-json\/wp\/v2\/users\/1"}],"replies":[{"embeddable":true,"href":"https:\/\/roxpublicidade.com.br\/waterlat\/01\/wp-json\/wp\/v2\/comments?post=12781"}],"version-history":[{"count":0,"href":"https:\/\/roxpublicidade.com.br\/waterlat\/01\/wp-json\/wp\/v2\/pages\/12781\/revisions"}],"up":[{"embeddable":true,"href":"https:\/\/roxpublicidade.com.br\/waterlat\/01\/wp-json\/wp\/v2\/pages\/12751"}],"wp:attachment":[{"href":"https:\/\/roxpublicidade.com.br\/waterlat\/01\/wp-json\/wp\/v2\/media?parent=12781"}],"curies":[{"name":"wp","href":"https:\/\/api.w.org\/{rel}","templated":true}]}}