{"id":12780,"date":"2019-12-15T21:09:15","date_gmt":"2019-12-15T21:09:15","guid":{"rendered":"http:\/\/waterlat.org\/es\/?page_id=3245"},"modified":"2019-12-15T21:09:15","modified_gmt":"2019-12-15T21:09:15","slug":"vol-6-no-2","status":"publish","type":"page","link":"https:\/\/roxpublicidade.com.br\/waterlat\/01\/es\/working-papers-series-3\/volumen-6-2019\/vol-6-no-2\/","title":{"rendered":"Vol. 6 No 2"},"content":{"rendered":"<style>\n.entry-content img, .comment-content img, .widget img, img.header-image, .author-avatar img, img.wp-post-image {\nbox-shadow: none;\n}\n.box {\n  width: 40%;\n  margin: 0 auto;\n  background: rgba(255,255,255,0.2);\n  padding: 35px;\n  border: 2px solid #fff;\n  border-radius: 20px\/50px;\n  background-clip: padding-box;\n  text-align: center;\n}<\/p>\n<p>.pl_issn{text-align: right;    margin-bottom: 25px !important;font-size: 14px;display: inline;float: right;}\n.overlay {\n  position: fixed;\n  top: 0;\n  bottom: 0;\n  left: 0;\n  right: 0;\n  background: rgba(0, 0, 0, 0.7);\n  transition: opacity 500ms;\n  visibility: hidden;\n  opacity: 0;\n}\n.overlay:target {\n  visibility: visible;\n  opacity: 1;\n}<\/p>\n<p>.popup {\n  margin: 70px auto;\n  padding: 20px;\n  background: #fff;\n  border-radius: 5px;\n  width: 30%;\n  position: relative;\n  transition: all 5s ease-in-out;\n}<\/p>\n<p>.popup h2 {\n  margin-top: 0;\n  color: #333;\n  font-family: Tahoma, Arial, sans-serif;\n}\n.popup .close {\n  position: absolute;\n  top: 20px;\n  right: 30px;\n  transition: all 200ms;\n  font-size: 30px;\n  font-weight: bold;\n  text-decoration: none;\n  color: #333;\n}\n.popup .close:hover {\n  color: rgb(0, 66, 126);\n}\n.popup .content {\n  max-height: 30%;\n  overflow: auto;\n}<\/p>\n<p>@media screen and (max-width: 700px){\n  .box{\n    width: 70%;\n  }\n  .popup{\n    width: 70%;\n  }\n}\n.entry-content p {\nline-height: normal;\nmargin: 0;\n}<\/p>\n<p>.wp_cuaderno {display: inline-block; background-color: #ededed; box-shadow: 0 4px 8px 0 rgba(0, 0, 0, 0.2), 0 6px 20px 0 rgba(0, 0, 0, 0.19); padding: 20px 50px;}\n.wp_portada {float:left;}\n.wp_info{margin-left: 170px;}\np.titulo{font-size:18px;}\n.wp_info.desc{width: 90%; margin: 5px 0px;}\n.wp_info p {margin-bottom:3px;}\n.wp_info.serie{width: 360px;}\n.wp_info a {margin-top:8px;}<\/p>\n<p>.wp_descargas{clear: both; padding-top: 3px;}<\/p>\n<p>.dw_pdf {\n        background-color: rgba(251, 116, 116, 0);\n    padding: 8px 9px;\n    color: #b52335;\n    text-decoration: none;\n    border: 2px #b52335 solid;\n    transition: 0.2s all;\n    border-radius: 4px;\n    font-weight: 600;}\n.dw_pdf:hover{background-color: #b52335; color:white;}\n.dw_pdf i {font-size:25px; vertical-align: bottom; margin-right: 3px;}<\/p>\n<p>.dw_pdf-full {\n        background-color: rgba(251, 116, 116, 0);\n    padding: 8px 51px;\n    color: #b52335;\n    text-decoration: none;\n    border: 2px #b52335 solid;\n    transition: 0.2s all;\n    border-radius: 4px;\n    font-weight: 600;}\n.dw_pdf-full:hover{background-color: #b52335; color:white;}\n.dw_pdf-full i {font-size:25px; vertical-align: bottom; margin-right: 3px;}<\/p>\n<p>.dw_epub {background-color: rgba(251, 116, 116, 0);\n    padding: 8px 6px;\n    color: #0964bd;\n    text-decoration: none;\n    border: 2px #0964bd solid;\n    transition: 0.2s all;\n    border-radius: 4px;\n    margin-left: 5px;\n    font-weight: 600;}\n.dw_epub:hover{background-color: #0964bd; color:white;}\n.dw_epub i {font-size:25px; vertical-align: bottom; margin-right: 3px;}<\/p>\n<p>.wp_sec-art{padding-left: 50px; padding-top: 10px;}\n.wp_articulo{padding-top:40px;}\n.wp_articulo.tituloar{font-size:17px;}\na.desar {text-decoration: none; float:left; margin-right: 20px;}<\/p>\n<\/style>\n<p><!-- CUADERNO !--><\/p>\n<p class=\"pl_issn\">ISSN: (Impreso)<b> 2056-4856<\/b><br \/>ISSN: (Online) <b>2056-4864<\/b><\/p>\n<div class=\"wp_cuaderno\">\n<p><!-- PORTADA !--><\/p>\n<div class=\"wp_portada\">\n    <img width=\"158px \"src=\"https:\/\/roxpublicidade.com.br\/waterlat\/01\/wp-content\/uploads\/2019\/12\/CoverVol6No2.jpg\" \/>\n  <\/div>\n<p>  <!-- INFORMACION DERECHA !--><\/p>\n<div class=\"wp_info\">\n<p>      <!-- TITULO !--> <\/p>\n<p class=\"titulo\"><b>Vol. 6, No. 2<\/b><\/p>\n<p>      <!-- FECHA !-->  <\/p>\n<p>Junio de 2019<\/p>\n<p>      <!-- AUTOR !-->  <\/p>\n<p>Paneque-G\u00e1lvez, Jaime y Marcela Morales-Maga\u00f1a (Editores) <\/p>\n<p>      <!-- DOI !-->    <i><\/p>\n<p>DOI: 10.5281\/zenodo.7529666<\/p>\n<p><\/i><br \/>\n      <!-- DESCR !-->  <\/p>\n<p class=\"desc\"><b>Experiencias comunitarias en la gesti\u00f3n del agua: aportes<br \/>\ndesde la innovaci\u00f3n social, la ciencia participativa y el di\u00e1logo de saberes\/b><\/p>\n<p>      <!-- SERIE   <i>\n\n<p class=\"serie\">??? (serie)<\/p>\n\n<\/i>!--><br \/>\n      <!-- CITA !-->    <i><a href=\"https:\/\/zenodo.org\/record\/7529666#invenio-csl\" class=\"desar\" style=\"color:#9ad3f9;\">Exportar Cita<\/a><\/i><\/p><\/div>\n<p>  <!-- DESCARGAS !--><\/p>\n<div class=\"wp_descargas\">\n    <!-- PDF LINK !-->  <a href=\"https:\/\/zenodo.org\/record\/7529666\" class=\"dw_pdf-full\" target=\"_blank\" rel=\"noopener noreferrer\"><i class=\"fa fa-file-pdf-o\" aria-hidden=\"true\" fa-3x><\/i>PDF<\/a><br \/>\n    <!-- PDF LINK  <a href=\"#\" class=\"dw_pdf\"><i class=\"fa fa-file-pdf-o\" aria-hidden=\"true\" fa-3x><\/i>PDF<\/a>\n    EPUB LINK  <a href=\"#\" class=\"dw_epub\"><i class=\"fa fa-file-text-o\" aria-hidden=\"true\"><\/i>EPUB<\/a>!-->\n  <\/div>\n<\/div>\n<p><!-- SECCION ARTICULOS !--><\/p>\n<div style=\"margin-top: 30px;\">\n<h3 style=\" margin-bottom:5px;\">Art\u00edculos<\/h3>\n<hr style=\"margin: 0;\">\n<p><!-- ARTICULOS !--><\/p>\n<div class=\"wp_sec-art\">\n<!-- ARTICULO INDIVIDUAL !--><\/p>\n<div class=\"wp_articulo\">\n        <!-- TITULO !-->  <\/p>\n<p class=\"tituloar\"> <b>Experiencias comunitarias en la gesti\u00f3n del agua: aportes desde la innovaci\u00f3n social, la ciencia participativa y el di\u00e1logo de saberes. Introducci\u00f3n a los contenidos del n\u00famero, p\u00e1gs. 3-8<\/b> <\/p>\n<p>        <!-- AUTOR  !-->  <\/p>\n<p> Jaime Paneque-G\u00e1lvez y Marcela Morales-Maga\u00f1a  <\/p>\n<p>        <!-- DOI    !-->  <\/p>\n<p style=\"float:left;\">DOI: <\/p>\n<p>10.5281\/zenodo.7529700<\/p>\n<p>        <!-- PDF LINK  !-->  <a class=\"desar\"  href=\"https:\/\/zenodo.org\/record\/7529700\"><\/p>\n<p style=\"color:#ff5e73;\">PDF<\/p>\n<p><\/b><\/a><br \/>\n        <!-- EPUB LINK   <a class=\"desar\"  href=\"#\"><b>\n\n<p style=\"color:#3e99f9;\">EPUB<\/p>\n\n<\/b><\/a>!--><br \/>\n        <!-- CITA LINK !-->  <a class=\"desar\"  href=\"https:\/\/zenodo.org\/record\/7529700#invenio-csl\"><\/p>\n<p style=\"color:#9ad3f9;\">Exportar Cita<\/p>\n<p><\/a>\n<\/div>\n<p>    <!-- ARTICULO INDIVIDUAL !--><\/p>\n<div class=\"wp_articulo\">\n        <!-- TITULO !-->  <\/p>\n<p class=\"tituloar\"> <b>Monitoreo comunitario de agua en comunidades<br \/>\nmarginalizadas del Sur Global: \u00bfciencia ciudadana desde abajo?, p\u00e1gs. 9-35 <\/b><\/p>\n<p>        <!-- AUTOR  !-->  <\/p>\n<p> Jaime Paneque-G\u00e1lvez  <\/p>\n<p>        <!-- DOI    !-->  <\/p>\n<p style=\"float:left;\">DOI: <\/p>\n<p>10.5281\/zenodo.7529718<\/p>\n<p>        <!-- PDF LINK  !-->  <a class=\"desar\"  href=\"https:\/\/zenodo.org\/record\/7529718\"><\/p>\n<p style=\"color:#ff5e73;\">PDF<\/p>\n<p><\/b><\/a><br \/>\n        <!-- EPUB LINK   <a class=\"desar\"  href=\"#\"><b>\n\n<p style=\"color:#3e99f9;\">EPUB<\/p>\n\n<\/b><\/a>!--><br \/>\n        <!-- CITA LINK !-->  <a class=\"desar\"  href=\"https:\/\/zenodo.org\/record\/7529718#invenio-csl\"><\/p>\n<p style=\"color:#9ad3f9;\">Exportar Cita<\/p>\n<p><\/a>\n<\/div>\n<p>      <!-- ARTICULO INDIVIDUAL !--><\/p>\n<div class=\"wp_articulo\">\n        <!-- TITULO !-->  <\/p>\n<p class=\"tituloar\"> <b>M\u00e1s all\u00e1 de la calidad. Hacia un monitoreo integral<br \/>\ncomunitario de agua, p\u00e1gs. 36-54 <\/b><\/p>\n<p>        <!-- AUTOR  !-->  <\/p>\n<p> Marcela Morales-Maga\u00f1a  <\/p>\n<p>        <!-- DOI    !-->  <\/p>\n<p style=\"float:left;\">DOI: <\/p>\n<p>10.5281\/zenodo.7529735<\/p>\n<p>        <!-- PDF LINK  !-->  <a class=\"desar\"  href=\"https:\/\/zenodo.org\/record\/7529735\"><\/p>\n<p style=\"color:#ff5e73;\">PDF<\/p>\n<p><\/b><\/a><br \/>\n        <!-- EPUB LINK   <a class=\"desar\"  href=\"#\"><b>\n\n<p style=\"color:#3e99f9;\">EPUB<\/p>\n\n<\/b><\/a>!--><br \/>\n        <!-- CITA LINK !-->  <a class=\"desar\"  href=\"https:\/\/zenodo.org\/record\/7529735#invenio-csl\"><\/p>\n<p style=\"color:#9ad3f9;\">Exportar Cita<\/p>\n<p><\/a>\n<\/div>\n<p>  <!-- ARTICULO INDIVIDUAL !--><\/p>\n<div class=\"wp_articulo\">\n        <!-- TITULO !-->  <\/p>\n<p class=\"tituloar\"> <b>\u2018\u00bfPa\u2019 qu\u00e9 me organizo si no hay agua?\u2019 Organizaci\u00f3n<br \/>\ncomunitaria del agua en tiempos de fractura socio-metab\u00f3lica y la emergencia de alternativas, p\u00e1gs. 55-73 <\/b><\/p>\n<p>        <!-- AUTOR  !-->  <\/p>\n<p> Ilka Roose y Alexander Panez Pinto  <\/p>\n<p>        <!-- DOI    !-->  <\/p>\n<p style=\"float:left;\">DOI: <\/p>\n<p>10.5281\/zenodo.7529748<\/p>\n<p>        <!-- PDF LINK  !-->  <a class=\"desar\"  href=\"https:\/\/zenodo.org\/record\/7529748\"><\/p>\n<p style=\"color:#ff5e73;\">PDF<\/p>\n<p><\/b><\/a><br \/>\n        <!-- EPUB LINK   <a class=\"desar\"  href=\"#\"><b>\n\n<p style=\"color:#3e99f9;\">EPUB<\/p>\n\n<\/b><\/a>!--><br \/>\n        <!-- CITA LINK !-->  <a class=\"desar\"  href=\"https:\/\/zenodo.org\/record\/7529748#invenio-csl\"><\/p>\n<p style=\"color:#9ad3f9;\">Exportar Cita<\/p>\n<p><\/a>\n<\/div>\n<p>      <!-- ARTICULO INDIVIDUAL !--><\/p>\n<div class=\"wp_articulo\">\n        <!-- TITULO !-->  <\/p>\n<p class=\"tituloar\"> <b>La gesti\u00f3n comunitaria del acceso al agua de riego<br \/>\nen el norte de la Provincia de C\u00f3rdoba, Argentina. \u00bfEl agua es un recurso escaso?, p\u00e1gs. 74-93 <\/b><\/p>\n<p>        <!-- AUTOR  !-->  <\/p>\n<p> Alejandra Moreyra y Pablo Walter  <\/p>\n<p>        <!-- DOI    !-->  <\/p>\n<p style=\"float:left;\">DOI: <\/p>\n<p>10.5281\/zenodo.7529759<\/p>\n<p>        <!-- PDF LINK  !-->  <a class=\"desar\"  href=\"https:\/\/zenodo.org\/record\/7529759\"><\/p>\n<p style=\"color:#ff5e73;\">PDF<\/p>\n<p><\/b><\/a><br \/>\n        <!-- EPUB LINK   <a class=\"desar\"  href=\"#\"><b>\n\n<p style=\"color:#3e99f9;\">EPUB<\/p>\n\n<\/b><\/a>!--><br \/>\n        <!-- CITA LINK !-->  <a class=\"desar\"  href=\"https:\/\/zenodo.org\/record\/7529759#invenio-csl\"><\/p>\n<p style=\"color:#9ad3f9;\">Exportar Cita<\/p>\n<p><\/a><br \/>\n<  \n\n<\/div>\n<\/div>\n<style>\n.export-list{\n   list-style-type: none;\n   margin-top: 10px !important;\n}\n.export-list li {display:inline-block; margin: 0px 0px 0px 1.4rem;}\n.export-list a {color: #2a8bb7; text-decoration: none; transition:0.2s all;}\n.export-list a:hover{text-decoration:underline; transition:0.2s all;}\n<\/style>\n","protected":false},"excerpt":{"rendered":"<p>ISSN: (Impreso) 2056-4856ISSN: (Online) 2056-4864 Vol. 6, No. 2 Junio de 2019 Paneque-G\u00e1lvez, Jaime y Marcela Morales-Maga\u00f1a (Editores) DOI: 10.5281\/zenodo.7529666 Experiencias comunitarias en la gesti\u00f3n del agua: aportes desde la innovaci\u00f3n social, la ciencia participativa y el di\u00e1logo de saberes\/b> Exportar Cita PDF Art\u00edculos Experiencias comunitarias en la gesti\u00f3n del agua: aportes desde la innovaci\u00f3n [&hellip;]<\/p>\n","protected":false},"author":1,"featured_media":0,"parent":3222,"menu_order":0,"comment_status":"closed","ping_status":"closed","template":"page-templates\/full-width.php","meta":{"footnotes":""},"class_list":["post-12780","page","type-page","status-publish","hentry"],"_links":{"self":[{"href":"https:\/\/roxpublicidade.com.br\/waterlat\/01\/wp-json\/wp\/v2\/pages\/12780","targetHints":{"allow":["GET"]}}],"collection":[{"href":"https:\/\/roxpublicidade.com.br\/waterlat\/01\/wp-json\/wp\/v2\/pages"}],"about":[{"href":"https:\/\/roxpublicidade.com.br\/waterlat\/01\/wp-json\/wp\/v2\/types\/page"}],"author":[{"embeddable":true,"href":"https:\/\/roxpublicidade.com.br\/waterlat\/01\/wp-json\/wp\/v2\/users\/1"}],"replies":[{"embeddable":true,"href":"https:\/\/roxpublicidade.com.br\/waterlat\/01\/wp-json\/wp\/v2\/comments?post=12780"}],"version-history":[{"count":0,"href":"https:\/\/roxpublicidade.com.br\/waterlat\/01\/wp-json\/wp\/v2\/pages\/12780\/revisions"}],"up":[{"embeddable":true,"href":"https:\/\/roxpublicidade.com.br\/waterlat\/01\/wp-json\/wp\/v2\/pages\/3222"}],"wp:attachment":[{"href":"https:\/\/roxpublicidade.com.br\/waterlat\/01\/wp-json\/wp\/v2\/media?parent=12780"}],"curies":[{"name":"wp","href":"https:\/\/api.w.org\/{rel}","templated":true}]}}