{"id":12776,"date":"2018-02-17T14:31:11","date_gmt":"2018-02-17T14:31:11","guid":{"rendered":"http:\/\/waterlat.org\/es\/?page_id=2789"},"modified":"2018-02-17T14:31:11","modified_gmt":"2018-02-17T14:31:11","slug":"cuadernos-de-trabajo-del-at10","status":"publish","type":"page","link":"https:\/\/roxpublicidade.com.br\/waterlat\/01\/es\/areas-tematicas-2\/at10\/cuadernos-de-trabajo-del-at10\/","title":{"rendered":"Cuadernos de Trabajo del AT10"},"content":{"rendered":"<p>El AT10 tiene una Serie propia dentro de los Cuadernos de Trabajo de la Red WATERLAT-GOBACIT: Serie \u00c1reas Tem\u00e1ticas, AT10 Agua y Violencia.<\/p>\n<p>El AT tambi\u00e9n ha publicado n\u00fameros de los Cuadernos de Trabajo conjuntamente con otras \u00c1reas Tem\u00e1ticas sobre temas de inter\u00e9s com\u00fan.<\/p>\n<h2><\/h2>\n<h2><\/h2>\n<p><a href=\"https:\/\/roxpublicidade.com.br\/waterlat\/01\/wp-content\/uploads\/2020\/12\/Tapa.jpg\"><img loading=\"lazy\" decoding=\"async\" class=\"alignnone size-medium wp-image-2717\" src=\"https:\/\/roxpublicidade.com.br\/waterlat\/01\/wp-content\/uploads\/2020\/12\/Tapa.jpg\" alt=\"Tapa WPSATAM22\" width=\"212\" height=\"300\" \/><\/a>.<\/p>\n<h2><\/h2>\n<p><b>Pol\u00edtica del agua, violencia e injusticia: experiencias de Brasil, Guatemala y M\u00e9xico<\/b> (en espa\u00f1ol y portugu\u00e9s). Editado por J. E. Castro, Organizado por K. Kloster, con art\u00edculos de H. B. de Morais, A. Pohlenz de Tavira, M. Fracchia Figueiredo y M. B. Pelayo P\u00e9rez. <\/p>\n<h2><\/h2>\n<p>Vol. 7 No 1, marzo de  2020. <a href=\"https:\/\/roxpublicidade.com.br\/waterlat\/01\/es\/working-papers-series\/volumen-7-2020\/vol-7-no-1\">Bajar el n\u00famero aqu\u00ed<\/a>.<\/p>\n<h2><\/h2>\n<p><a href=\"https:\/\/roxpublicidade.com.br\/waterlat\/01\/es\/areas-tematicas\/at10\/\">Volver a la Presentaci\u00f3n del AT10<\/a><\/p>\n","protected":false},"excerpt":{"rendered":"<p>El AT10 tiene una Serie propia dentro de los Cuadernos de Trabajo de la Red WATERLAT-GOBACIT: Serie \u00c1reas Tem\u00e1ticas, AT10 Agua y Violencia. El AT tambi\u00e9n ha publicado n\u00fameros de los Cuadernos de Trabajo conjuntamente con otras \u00c1reas Tem\u00e1ticas sobre temas de inter\u00e9s com\u00fan. . Pol\u00edtica del agua, violencia e injusticia: experiencias de Brasil, Guatemala [&hellip;]<\/p>\n","protected":false},"author":1,"featured_media":0,"parent":2750,"menu_order":0,"comment_status":"closed","ping_status":"closed","template":"page-templates\/full-width.php","meta":{"footnotes":""},"class_list":["post-12776","page","type-page","status-publish","hentry"],"_links":{"self":[{"href":"https:\/\/roxpublicidade.com.br\/waterlat\/01\/wp-json\/wp\/v2\/pages\/12776","targetHints":{"allow":["GET"]}}],"collection":[{"href":"https:\/\/roxpublicidade.com.br\/waterlat\/01\/wp-json\/wp\/v2\/pages"}],"about":[{"href":"https:\/\/roxpublicidade.com.br\/waterlat\/01\/wp-json\/wp\/v2\/types\/page"}],"author":[{"embeddable":true,"href":"https:\/\/roxpublicidade.com.br\/waterlat\/01\/wp-json\/wp\/v2\/users\/1"}],"replies":[{"embeddable":true,"href":"https:\/\/roxpublicidade.com.br\/waterlat\/01\/wp-json\/wp\/v2\/comments?post=12776"}],"version-history":[{"count":0,"href":"https:\/\/roxpublicidade.com.br\/waterlat\/01\/wp-json\/wp\/v2\/pages\/12776\/revisions"}],"up":[{"embeddable":true,"href":"https:\/\/roxpublicidade.com.br\/waterlat\/01\/wp-json\/wp\/v2\/pages\/2750"}],"wp:attachment":[{"href":"https:\/\/roxpublicidade.com.br\/waterlat\/01\/wp-json\/wp\/v2\/media?parent=12776"}],"curies":[{"name":"wp","href":"https:\/\/api.w.org\/{rel}","templated":true}]}}