{"id":12758,"date":"2013-12-15T11:51:39","date_gmt":"2013-12-15T11:51:39","guid":{"rendered":"http:\/\/waterlat.org\/es\/?page_id=144"},"modified":"2013-12-15T11:51:39","modified_gmt":"2013-12-15T11:51:39","slug":"latin-american-and-caribbean-congress","status":"publish","type":"page","link":"https:\/\/roxpublicidade.com.br\/waterlat\/01\/es\/encuentros\/otras-reuniones-publicas\/latin-american-and-caribbean-congress\/","title":{"rendered":"Congreso Latinoamericano y Caribe\u00f1o de FLACSO, 2010"},"content":{"rendered":"<h2>II Congreso Latinoamericano y Caribe\u00f1o de Ciencias Sociales<\/h2>\n<h3>Facultad Latinomericana de Ciencias Sociales\u00a0(FLACSO) &#8211; M\u00e9xico DF, 26-28 de mayo de\u00a02010<\/h3>\n<p>WATERLAT-GOBACIT organiz\u00f3 una sesi\u00f3n sobre\u00a0&#8220;Conflictos ecol\u00f3gicos distributivos y el dilema\u00a0&#8216;medio ambiente&#8217; vs. &#8216;desarrollo&#8217; en Am\u00e9rica Latina: el caso del agua&#8221;.<\/p>\n<p><span style=\"text-decoration: underline;\">Coordinadores de la sesi\u00f3n<\/span>:<\/p>\n<p>Jos\u00e9 Esteban Castro, Newcastle University y Mar\u00eda Luisa Torregrosa FLACSO-M\u00e9xico<\/p>\n<p>&nbsp;<\/p>\n<p>&nbsp;<\/p>\n","protected":false},"excerpt":{"rendered":"<p>II Congreso Latinoamericano y Caribe\u00f1o de Ciencias Sociales Facultad Latinomericana de Ciencias Sociales\u00a0(FLACSO) &#8211; M\u00e9xico DF, 26-28 de mayo de\u00a02010 WATERLAT-GOBACIT organiz\u00f3 una sesi\u00f3n sobre\u00a0&#8220;Conflictos ecol\u00f3gicos distributivos y el dilema\u00a0&#8216;medio ambiente&#8217; vs. &#8216;desarrollo&#8217; en Am\u00e9rica Latina: el caso del agua&#8221;. Coordinadores de la sesi\u00f3n: Jos\u00e9 Esteban Castro, Newcastle University y Mar\u00eda Luisa Torregrosa FLACSO-M\u00e9xico &nbsp; [&hellip;]<\/p>\n","protected":false},"author":1,"featured_media":0,"parent":12762,"menu_order":0,"comment_status":"closed","ping_status":"closed","template":"page-templates\/full-width.php","meta":{"footnotes":""},"class_list":["post-12758","page","type-page","status-publish","hentry"],"_links":{"self":[{"href":"https:\/\/roxpublicidade.com.br\/waterlat\/01\/wp-json\/wp\/v2\/pages\/12758","targetHints":{"allow":["GET"]}}],"collection":[{"href":"https:\/\/roxpublicidade.com.br\/waterlat\/01\/wp-json\/wp\/v2\/pages"}],"about":[{"href":"https:\/\/roxpublicidade.com.br\/waterlat\/01\/wp-json\/wp\/v2\/types\/page"}],"author":[{"embeddable":true,"href":"https:\/\/roxpublicidade.com.br\/waterlat\/01\/wp-json\/wp\/v2\/users\/1"}],"replies":[{"embeddable":true,"href":"https:\/\/roxpublicidade.com.br\/waterlat\/01\/wp-json\/wp\/v2\/comments?post=12758"}],"version-history":[{"count":0,"href":"https:\/\/roxpublicidade.com.br\/waterlat\/01\/wp-json\/wp\/v2\/pages\/12758\/revisions"}],"up":[{"embeddable":true,"href":"https:\/\/roxpublicidade.com.br\/waterlat\/01\/wp-json\/wp\/v2\/pages\/12762"}],"wp:attachment":[{"href":"https:\/\/roxpublicidade.com.br\/waterlat\/01\/wp-json\/wp\/v2\/media?parent=12758"}],"curies":[{"name":"wp","href":"https:\/\/api.w.org\/{rel}","templated":true}]}}