{"id":12715,"date":"2017-05-29T01:37:51","date_gmt":"2017-05-29T01:37:51","guid":{"rendered":"http:\/\/waterlat.org\/pt\/?page_id=2086"},"modified":"2017-05-29T01:37:51","modified_gmt":"2017-05-29T01:37:51","slug":"informes-de-politica-publica","status":"publish","type":"page","link":"https:\/\/roxpublicidade.com.br\/waterlat\/01\/pt\/informes-de-politica-publica\/","title":{"rendered":"Informes de Pol\u00edtica P\u00fablica"},"content":{"rendered":"<style>\n.entry-content img, .comment-content img, .widget img, img.header-image, .author-avatar img, img.wp-post-image {<br \/>\nbox-shadow: none;<br \/>\n}<br \/>\n<\/style>\n<style>\n#listaBreviarios {display: inline-block;}<br \/>\n.breviario{display: inline-block;text-align: center; padding: 8px; margin: 10px;background-color: rgba(232, 232, 232, 0.51); border-radius: 2px; cursor: pointer;}<br \/>\n.breviario a {text-decoration: none; color:black;}<br \/>\n.breviario:hover{background-color: rgba(232, 232, 232, 0.80); transition: 0.2s all;}<br \/>\n.br_titulo{margin: 10px 0px !important; color:black;}<br \/>\n.br_img{width: 250px; }<br \/>\n.br_download{display: block;}<br \/>\n.br_videos{display:inline-block; width:100%;}<br \/>\n.br_videos h3{text-align:center;}<br \/>\n.br_videos iframe{display:inline-block; width:45%;}<br \/>\n<\/style>\n<p>Os Informes da Rede s\u00e3o documentos sucintos, focalizados em temas espec\u00edficos e de alta relev\u00e2ncia. Seus conte\u00fados est\u00e3o fundamentados em resultados de pesquisa de membros da Rede que aportam evid\u00eancia, argumentos e propostas, que procuram contribuir ao debate p\u00fablico desde uma perspectiva cr\u00edtica.<\/p>\n<p>&nbsp;<\/p>\n<p>[lista_breviarios_PT]<\/p>\n<div class=\"br_videos\">\n<\/div>\n","protected":false},"excerpt":{"rendered":"<p>Os Informes da Rede s\u00e3o documentos sucintos, focalizados em temas espec\u00edficos e de alta relev\u00e2ncia. Seus conte\u00fados est\u00e3o fundamentados em resultados de pesquisa de membros da Rede que aportam evid\u00eancia, argumentos e propostas, que procuram contribuir ao debate p\u00fablico desde uma perspectiva cr\u00edtica. &nbsp; [lista_breviarios_PT]<\/p>\n","protected":false},"author":1,"featured_media":0,"parent":0,"menu_order":0,"comment_status":"closed","ping_status":"closed","template":"page-templates\/full-width.php","meta":{"footnotes":""},"class_list":["post-12715","page","type-page","status-publish","hentry"],"_links":{"self":[{"href":"https:\/\/roxpublicidade.com.br\/waterlat\/01\/wp-json\/wp\/v2\/pages\/12715","targetHints":{"allow":["GET"]}}],"collection":[{"href":"https:\/\/roxpublicidade.com.br\/waterlat\/01\/wp-json\/wp\/v2\/pages"}],"about":[{"href":"https:\/\/roxpublicidade.com.br\/waterlat\/01\/wp-json\/wp\/v2\/types\/page"}],"author":[{"embeddable":true,"href":"https:\/\/roxpublicidade.com.br\/waterlat\/01\/wp-json\/wp\/v2\/users\/1"}],"replies":[{"embeddable":true,"href":"https:\/\/roxpublicidade.com.br\/waterlat\/01\/wp-json\/wp\/v2\/comments?post=12715"}],"version-history":[{"count":0,"href":"https:\/\/roxpublicidade.com.br\/waterlat\/01\/wp-json\/wp\/v2\/pages\/12715\/revisions"}],"wp:attachment":[{"href":"https:\/\/roxpublicidade.com.br\/waterlat\/01\/wp-json\/wp\/v2\/media?parent=12715"}],"curies":[{"name":"wp","href":"https:\/\/api.w.org\/{rel}","templated":true}]}}