{"id":12709,"date":"2013-11-27T20:58:46","date_gmt":"2013-11-27T20:58:46","guid":{"rendered":"http:\/\/waterlat.org\/pt\/?page_id=19"},"modified":"2013-11-27T20:58:46","modified_gmt":"2013-11-27T20:58:46","slug":"encontros-abertos","status":"publish","type":"page","link":"https:\/\/roxpublicidade.com.br\/waterlat\/01\/pt\/encontros\/encontros-abertos\/","title":{"rendered":"Encontros P\u00fablicos Regulares"},"content":{"rendered":"<p>A Rede organiza reuni\u00f5es p\u00fablicas regulares de car\u00e1ter internacional.<\/p>\n<h3>Encontros Regulares<\/h3>\n<p><a title=\"WATERLAT 2019\" href=\"https:\/\/roxpublicidade.com.br\/waterlat\/01\/pt\/encontros\/encontros-abertos\/waterlat-gobacit-x-concepcion-2019\/\">X Reuni\u00e3o Internacional\u00a0da Rede WATERLAT-GOBACIT &#8211; Universidade de Concepci\u00f3n, Concepci\u00f3n, Chile, 7-11 de outubro de 2019<\/a><\/p>\n<p><a title=\"WATERLAT 2018\" href=\"https:\/\/roxpublicidade.com.br\/waterlat\/01\/pt\/encontros\/encontros-abertos\/waterlat-gobacit-ix-2018\/\">IX Reuni\u00e3o Internacional\u00a0da Rede WATERLAT-GOBACIT &#8211; Universidade Estadual da Para\u00edba, Jo\u00e3o Pessoa, Para\u00edba, Brasil, 3-7 de setembro de 2018<\/a><\/p>\n<p><a title=\"WATERLAT 2017\" href=\"https:\/\/roxpublicidade.com.br\/waterlat\/01\/pt\/encontros\/encontros-abertos\/waterlat-gobacit-2015\/\">VIII Reuni\u00e3o Internacional\u00a0da Rede WATERLAT-GOBACIT &#8211; Universidade Estatal a Distancia, San Jos\u00e9, Costa Rica, 3-7 de a<br \/>\nbril de 2017<\/a><\/p>\n<p><a title=\"WATERLAT 2015\" href=\"https:\/\/roxpublicidade.com.br\/waterlat\/01\/pt\/encontros\/encontros-abertos\/waterlat-gobacit-2015\/\">VII Reuni\u00e3o Internacional\u00a0da Rede WATERLAT-GOBACIT &#8211; Universidade ITESO, Guadalajara, M\u00e9xico, 19-23 de outubro de 2015<\/a><\/p>\n<p><a title=\"WATERLAT 2014\" href=\"https:\/\/roxpublicidade.com.br\/waterlat\/01\/pt\/encontros\/encontros-abertos\/waterlat-2014\/\">VI Reuni\u00e3o Internacional\u00a0da Rede WATERLAT-GOBACIT &#8211; Universidade de Caldas, Manizales, Col\u00f4mbia, 27-31 de outubro de 2014<\/a><\/p>\n<p><a title=\"WATERLAT 2013\" href=\"https:\/\/roxpublicidade.com.br\/waterlat\/01\/pt\/encontros\/encontros-abertos\/waterlat-2013\/\">V Reuni\u00e3o Internacional da Rede WATERLAT -Instituto de Altos Estudos Nacionais, Quito, Equador, 14-17 de outubro de 2013<\/a><\/p>\n<p><a title=\"WATERLAT 2012\" href=\"https:\/\/roxpublicidade.com.br\/waterlat\/01\/pt\/encontros\/encontros-abertos\/waterlat-2012\/\">IV Reuni\u00e3o Internacional da Rede WATERLAT &#8211; Universidade Nacional de General Sarmiento, Buenos Aires, Argentina, 22-24 de outubro de 2012<\/a><\/p>\n<p><a title=\"WATERLAT 2011\" href=\"https:\/\/roxpublicidade.com.br\/waterlat\/01\/pt\/encontros\/encontros-abertos\/waterlat-2011\/\">III Reuni\u00e3o\u00a0Internacional da Rede WATERLAT\u00a0&#8211; Faculdade Latino-americana de Ci\u00eancias Sociais, Cidade do M\u00e9xico, M\u00e9xico, 24-26 de outubro de 2011<\/a><\/p>\n<p><a title=\"WATERLAT 2010\" href=\"https:\/\/roxpublicidade.com.br\/waterlat\/01\/es\/encuentros\/public-meetings\/waterlat-2010\/\">II Reuni\u00e3o Internacional da Rede WATERLAT \u2013 Memorial da Am\u00e9rica Latina, S\u00e3o Paulo, 25-27 de outubro de 2010<\/a><\/p>\n<p><a title=\"WATERLAT 2009\" href=\"https:\/\/roxpublicidade.com.br\/waterlat\/01\/es\/encuentros\/public-meetings\/waterlat-2009\/\">I Reuni\u00e3o Internacional da Rede WATERLAT \u2013 Ag\u00eancia Catal\u00e3 da \u00c1gua, Barcelona, Espanha, 14-16 de outubro de 2009<\/a><\/p>\n<p>&nbsp;<\/p>\n<h3><a href=\"https:\/\/roxpublicidade.com.br\/waterlat\/01\/pt\/encontros\/encontros-abertos\/outros-encontros-publicos\/\">Encontros P\u00fablicos Especiais<\/a><\/h3>\n","protected":false},"excerpt":{"rendered":"<p>A Rede organiza reuni\u00f5es p\u00fablicas regulares de car\u00e1ter internacional. Encontros Regulares X Reuni\u00e3o Internacional\u00a0da Rede WATERLAT-GOBACIT &#8211; Universidade de Concepci\u00f3n, Concepci\u00f3n, Chile, 7-11 de outubro de 2019 IX Reuni\u00e3o Internacional\u00a0da Rede WATERLAT-GOBACIT &#8211; Universidade Estadual da Para\u00edba, Jo\u00e3o Pessoa, Para\u00edba, Brasil, 3-7 de setembro de 2018 VIII Reuni\u00e3o Internacional\u00a0da Rede WATERLAT-GOBACIT &#8211; Universidade Estatal a [&hellip;]<\/p>\n","protected":false},"author":1,"featured_media":0,"parent":12703,"menu_order":0,"comment_status":"closed","ping_status":"open","template":"page-templates\/full-width.php","meta":{"footnotes":""},"class_list":["post-12709","page","type-page","status-publish","hentry"],"_links":{"self":[{"href":"https:\/\/roxpublicidade.com.br\/waterlat\/01\/wp-json\/wp\/v2\/pages\/12709","targetHints":{"allow":["GET"]}}],"collection":[{"href":"https:\/\/roxpublicidade.com.br\/waterlat\/01\/wp-json\/wp\/v2\/pages"}],"about":[{"href":"https:\/\/roxpublicidade.com.br\/waterlat\/01\/wp-json\/wp\/v2\/types\/page"}],"author":[{"embeddable":true,"href":"https:\/\/roxpublicidade.com.br\/waterlat\/01\/wp-json\/wp\/v2\/users\/1"}],"replies":[{"embeddable":true,"href":"https:\/\/roxpublicidade.com.br\/waterlat\/01\/wp-json\/wp\/v2\/comments?post=12709"}],"version-history":[{"count":0,"href":"https:\/\/roxpublicidade.com.br\/waterlat\/01\/wp-json\/wp\/v2\/pages\/12709\/revisions"}],"up":[{"embeddable":true,"href":"https:\/\/roxpublicidade.com.br\/waterlat\/01\/wp-json\/wp\/v2\/pages\/12703"}],"wp:attachment":[{"href":"https:\/\/roxpublicidade.com.br\/waterlat\/01\/wp-json\/wp\/v2\/media?parent=12709"}],"curies":[{"name":"wp","href":"https:\/\/api.w.org\/{rel}","templated":true}]}}