{"id":12708,"date":"2013-11-27T20:59:05","date_gmt":"2013-11-27T20:59:05","guid":{"rendered":"http:\/\/waterlat.org\/pt\/?page_id=17"},"modified":"2013-11-27T20:59:05","modified_gmt":"2013-11-27T20:59:05","slug":"estudantes","status":"publish","type":"page","link":"https:\/\/roxpublicidade.com.br\/waterlat\/01\/pt\/equipe\/estudantes\/","title":{"rendered":"Estudantes"},"content":{"rendered":"<p>Esta p\u00e1gina est\u00e1 em constru\u00e7\u00e3o. Momentaneamente consulte a p\u00e1gina de estudantes em ingl\u00eas: <a href=\"https:\/\/roxpublicidade.com.br\/waterlat\/01\/team\/students-new\/\">clique aqui<\/a>.<\/p>\n","protected":false},"excerpt":{"rendered":"<p>Esta p\u00e1gina est\u00e1 em constru\u00e7\u00e3o. Momentaneamente consulte a p\u00e1gina de estudantes em ingl\u00eas: clique aqui.<\/p>\n","protected":false},"author":1,"featured_media":0,"parent":2116,"menu_order":0,"comment_status":"closed","ping_status":"open","template":"page-templates\/full-width.php","meta":{"footnotes":""},"class_list":["post-12708","page","type-page","status-publish","hentry"],"_links":{"self":[{"href":"https:\/\/roxpublicidade.com.br\/waterlat\/01\/wp-json\/wp\/v2\/pages\/12708","targetHints":{"allow":["GET"]}}],"collection":[{"href":"https:\/\/roxpublicidade.com.br\/waterlat\/01\/wp-json\/wp\/v2\/pages"}],"about":[{"href":"https:\/\/roxpublicidade.com.br\/waterlat\/01\/wp-json\/wp\/v2\/types\/page"}],"author":[{"embeddable":true,"href":"https:\/\/roxpublicidade.com.br\/waterlat\/01\/wp-json\/wp\/v2\/users\/1"}],"replies":[{"embeddable":true,"href":"https:\/\/roxpublicidade.com.br\/waterlat\/01\/wp-json\/wp\/v2\/comments?post=12708"}],"version-history":[{"count":0,"href":"https:\/\/roxpublicidade.com.br\/waterlat\/01\/wp-json\/wp\/v2\/pages\/12708\/revisions"}],"up":[{"embeddable":true,"href":"https:\/\/roxpublicidade.com.br\/waterlat\/01\/wp-json\/wp\/v2\/pages\/2116"}],"wp:attachment":[{"href":"https:\/\/roxpublicidade.com.br\/waterlat\/01\/wp-json\/wp\/v2\/media?parent=12708"}],"curies":[{"name":"wp","href":"https:\/\/api.w.org\/{rel}","templated":true}]}}