{"id":11607,"date":"2023-05-12T14:23:34","date_gmt":"2023-05-12T14:23:34","guid":{"rendered":"https:\/\/waterlat.org\/?page_id=11607"},"modified":"2025-12-11T14:08:15","modified_gmt":"2025-12-11T17:08:15","slug":"ta3-books","status":"publish","type":"page","link":"https:\/\/roxpublicidade.com.br\/waterlat\/01\/thematic-areas\/ta3\/ta3-books\/","title":{"rendered":"TA3 Books"},"content":{"rendered":"<p>Here we present several books produced by TA3 members as part of their activities as members of the Network (we do not include publications unrelated to our Network). These books reflect the interests and scope of TA3.Some books may also cover topics from other Thematic Areas.<\/p>\n<h2>Books that are the result of the <a href=\"https:\/\/roxpublicidade.com.br\/waterlat\/01\/waterlat-student-prize\/\">WATERLAT-GOBACIT Student Prize<\/a>.<\/h2>\n<p><a href=\"https:\/\/roxpublicidade.com.br\/waterlat\/01\/wp-content\/uploads\/2022\/06\/CoverPanez-scaled-1.jpg\"><img loading=\"lazy\" decoding=\"async\" class=\"alignnone size-medium wp-image-2744\" src=\"https:\/\/roxpublicidade.com.br\/waterlat\/01\/wp-content\/uploads\/2022\/06\/CoverPanez-scaled-1.jpg\" alt=\"\" width=\"207\" height=\"300\" \/><\/a><\/p>\n<p>This book is a product of WATERLAT-GOBACIT Network&#8217;s <a href=\"https:\/\/roxpublicidade.com.br\/waterlat\/01\/waterlat-student-prize\/2020-prize\/\">2020 Student Prize (Doctorate).<\/a><br \/>\nAlexander Panez Pinto, <a href=\"https:\/\/roxpublicidade.com.br\/waterlat\/01\/publications\/books\/the-river-recove%E2%80%A6chile-in-spanish\/\"> The river recovering its riverbed. Spoils, and resistances in conflicts over water-land-territory under neoliberalism in Chile (in Spanish). ISBN: 978-85-7879-690-7 (E-book). <\/a>DOI:10.5281\/zenodo.6647297.<br \/>\nCo-published in Newcastle upon Tyne (UK),and Campina Grande, Paraiba, Brazil, by WATERLAT-GOBACIT Network, and <a href=\"http:\/\/eduepb.uepb.edu.br\/\"> State University of Paraiba Press (EDUEPB)<\/a>, 2022.<\/p>\n<p>&nbsp;<\/p>\n<p><a href=\"https:\/\/roxpublicidade.com.br\/waterlat\/01\/wp-content\/uploads\/2020\/05\/Tapa-1.jpg\"><img loading=\"lazy\" decoding=\"async\" class=\"alignnone size-medium wp-image-2744\" src=\"https:\/\/roxpublicidade.com.br\/waterlat\/01\/wp-content\/uploads\/2020\/05\/Tapa-1.jpg\" alt=\"\" width=\"207\" height=\"300\" \/><\/a><\/p>\n<p>This book is a product of WATERLAT-GOBACIT Network&#8217;s <a href=\"https:\/\/roxpublicidade.com.br\/waterlat\/01\/waterlat-student-prize\/2018-prize\/\">2018 Student Prize (Doctorate).<\/a><\/p>\n<p>Cindy McCulligh, <a href=\"https:\/\/roxpublicidade.com.br\/waterlat\/01\/publications\/books\/sewer-of-progress\/\"> Sewer of Progress. Sewer of Progress. Corporations, institutionalized corruption, and the struggle over the Santiago river <\/a>(in Spanish). ISBN: 978-987-864-564-3 (E-book). DOI: 10.5281\/zenodo.3948193.<\/p>\n<p>Co-published in Newcastle upon Tyne (UK), Campina Grande, Paraiba, Brazil, Buenos Aires, Argentina, and Alcala de Henares, Spain, by WATERLAT-GOBACIT Network, <a href=\"http:\/\/eduepb.uepb.edu.br\/\"> State University of Paraiba Press (EDUEPB)<\/a>, <a href=\"http:\/\/www.ciccus.org.ar\/\"> CICCUS Editions<\/a>, and <a href=\"https:\/\/ielat.com\">University Institute for Research on Latin America (IELAT), University of Alcal\u00e1<\/a>, 2020.<\/p>\n<h2><\/h2>\n<p><a href=\"https:\/\/roxpublicidade.com.br\/waterlat\/01\/wp-content\/uploads\/2020\/12\/CoverBarranco-scaled-1.jpg\"><img loading=\"lazy\" decoding=\"async\" class=\"alignnone size-medium wp-image-2744\" src=\"https:\/\/roxpublicidade.com.br\/waterlat\/01\/wp-content\/uploads\/2020\/12\/CoverBarranco-scaled-1.jpg\" alt=\"\" width=\"207\" height=\"300\" \/><\/a><\/p>\n<p>This book is a product of WATERLAT-GOBACIT Network&#8217;s <a href=\"https:\/\/roxpublicidade.com.br\/waterlat\/01\/waterlat-student-prize\/2018-prize\/\">2018 Student Prize (Masters).<\/a><\/p>\n<p>Alma Rosa Barranco Salazar, <a href=\"https:\/\/roxpublicidade.com.br\/waterlat\/01\/publications\/books\/community-water-management\/\"> Community Water Management. A study looking at memories, social organization, and values (in Spanish)<\/a> (in Spanish). ISBN: 978-987-86-8052-1 (E-book). DOI: 10.5281.<\/p>\n<p>Co-published in Newcastle upon Tyne (UK), Campina Grande, Paraiba, Brazil, Buenos Aires, Argentina, and Alcala de Henares, Spain, by WATERLAT-GOBACIT Network, <a href=\"http:\/\/eduepb.uepb.edu.br\/\"> State University of Paraiba Press (EDUEPB)<\/a>, <a href=\"http:\/\/www.ciccus.org.ar\/\"> CICCUS Editions<\/a>, and <a href=\"https:\/\/ielat.com\">University Institute for Research on Latin America (IELAT), University of Alcal\u00e1<\/a>, 2020.<\/p>\n<h2><\/h2>\n<p><a href=\"https:\/\/roxpublicidade.com.br\/waterlat\/01\/wp-content\/uploads\/2018\/05\/TapaDiazSantos.jpg\"><img loading=\"lazy\" decoding=\"async\" class=\"alignnone size-medium wp-image-4846\" src=\"https:\/\/roxpublicidade.com.br\/waterlat\/01\/wp-content\/uploads\/2018\/05\/TapaDiazSantos-203x300.jpg\" alt=\"\" width=\"203\" height=\"300\" srcset=\"https:\/\/roxpublicidade.com.br\/waterlat\/01\/wp-content\/uploads\/2018\/05\/TapaDiazSantos-203x300.jpg 203w, https:\/\/roxpublicidade.com.br\/waterlat\/01\/wp-content\/uploads\/2018\/05\/TapaDiazSantos-693x1024.jpg 693w, https:\/\/roxpublicidade.com.br\/waterlat\/01\/wp-content\/uploads\/2018\/05\/TapaDiazSantos-768x1135.jpg 768w, https:\/\/roxpublicidade.com.br\/waterlat\/01\/wp-content\/uploads\/2018\/05\/TapaDiazSantos-1040x1536.jpg 1040w, https:\/\/roxpublicidade.com.br\/waterlat\/01\/wp-content\/uploads\/2018\/05\/TapaDiazSantos-1386x2048.jpg 1386w, https:\/\/roxpublicidade.com.br\/waterlat\/01\/wp-content\/uploads\/2018\/05\/TapaDiazSantos-scaled.jpg 1733w\" sizes=\"auto, (max-width: 203px) 100vw, 203px\" \/><\/a><\/p>\n<p><strong>This book corresponds to the <a href=\"https:\/\/roxpublicidade.com.br\/waterlat\/01\/waterlat-student-prize\/waterlat-gobacit-student-prize-2015\/\">2015 WATERLAT-GOBACIT Student Prize (Masters).<\/a><\/strong><\/p>\n<p><span style=\"line-height: 1.714285714; font-size: 1rem;\">D\u00edaz Santos, Mar\u00eda Guadalupe,<\/span> <span style=\"text-decoration: underline;\"> Power Relations in Community Water Management. The Territory and the Social as Forces<\/span><span style=\"line-height: 1.714285714; font-size: 1rem;\"> (in Spanish). ISBN (Print): 978-85-7879-390-6 (E-book): 978-85-7879-389-0. Campina Grande, Paraiba, Brazil:<\/span>\u00a0<a href=\"https:\/\/roxpublicidade.com.br\/waterlat\/01\/publications\/books\/power-relations\/\">State University of Paraiba Press (EDUEPB)<span style=\"line-height: 1.714285714; font-size: 1rem;\"> and WATERLAT-GOBACIT Network,\u00a02018. DOI: 10.5281\/zenodo.3955038.<\/span><\/a><\/p>\n<h2><\/h2>\n<p>&nbsp;<\/p>\n<h2>Books that are the result of collective <a href=\"https:\/\/roxpublicidade.com.br\/waterlat\/01\/projects-2\/\">Research Projects <\/a> by TA3 members.<\/h2>\n<p><a href=\"https:\/\/roxpublicidade.com.br\/waterlat\/01\/wp-content\/uploads\/2023\/03\/Cover-El-Derecho-al-Agua_BOOK.jpg\"><img loading=\"lazy\" decoding=\"async\" class=\"alignnone size-medium wp-image-2744\" src=\"https:\/\/roxpublicidade.com.br\/waterlat\/01\/wp-content\/uploads\/2023\/03\/Cover-El-Derecho-al-Agua_BOOK.jpg\" alt=\"\" width=\"207\" height=\"300\" \/><\/a><br \/>\n&nbsp;<\/p>\n<p>Jose Esteban Castro, Leo Heller, Mar\u00eda da Piedade Morais, and Alex R. Caldera (Eds.),<br \/>\n<span style=\"text-decoration: underline;\"><a href=\"https:\/\/roxpublicidade.com.br\/waterlat\/01\/publications\/books\/the-right-to-water-as-public-policy-in-latin-america-a-theoretical-and-empirical-exploration-in-spanish\/\"> The Right to Water as Public Policy in Latin America: a Theoretical and Empirical Exploration<\/a><\/span>\u00a0(in Spanish). ISBN: 978-65-5635-048-6, Brasilia, Newcastle upon Tyne, UK, and Leon, Guanajuato, Mexico: Institute of Applied Economic Research (IPEA) &#8211; WATERLAT-GOBACIT Network,and University of Guanajuato, Leon, Guanajuato, Mexico, 2023. This is a Spanish version of the book originally published in Portuguese in 2015.<\/p>\n<h2><\/h2>\n<p>&nbsp;<\/p>\n<p><a href=\"https:\/\/roxpublicidade.com.br\/waterlat\/01\/wp-content\/uploads\/2015\/04\/Capa-O-Direito-\u00e0-\u00e1gua.jpg\"><img loading=\"lazy\" decoding=\"async\" class=\"alignnone size-medium wp-image-1938\" src=\"https:\/\/roxpublicidade.com.br\/waterlat\/01\/wp-content\/uploads\/2015\/04\/Capa-O-Direito-\u00e0-\u00e1gua-300x138.jpg\" alt=\"Capa - O Direito \u00e0 \u00e1gua\" width=\"300\" height=\"138\" \/><\/a><\/p>\n<p><a href=\"https:\/\/roxpublicidade.com.br\/waterlat\/01\/publications\/books\/the-right-to-water-in-portuguese\/\">Jos\u00e9 Esteban Castro, Leo Heller, and Mar\u00eda da Piedade Morais (Eds.),\u00a0The Right to Water as Public Policy in Latin America: a Theoretical and Empirical Exploration\u00a0[in Portuguese]<\/a>, Brasilia: Institute of Applied Economic Research (IPEA) &#8211; WATERLAT-GOBACIT Network, 2015. DOI: 10.5281\/zenodo.55852.<\/p>\n<h2><\/h2>\n<p>&nbsp;<\/p>\n<p><img loading=\"lazy\" decoding=\"async\" class=\"alignnone size-medium wp-image-206\" src=\"https:\/\/roxpublicidade.com.br\/waterlat\/01\/wp-content\/uploads\/2013\/10\/CastroHeller-300x201.jpg\" alt=\"Castro&amp;Heller\" width=\"300\" height=\"201\" \/><\/p>\n<p><a href=\"https:\/\/roxpublicidade.com.br\/waterlat\/01\/publications\/books\/water-and-sanitation-services-public-policy-and-management\/\">Jose Esteban Castro and Leo Heller (Eds.), Water and Sanitation Services: Public Policy and Management<\/a>, London and Sterling, VA: Earthscan, 2009; Routledge, 2012. DOI: 10.5281\/zenodo.55854.<\/p>\n<h2><\/h2>\n<p>&nbsp;<\/p>\n<p><img loading=\"lazy\" decoding=\"async\" class=\"alignnone size-medium wp-image-205\" src=\"https:\/\/roxpublicidade.com.br\/waterlat\/01\/wp-content\/uploads\/2013\/10\/CAPA_PoliticasPublicasSaneamento_2013-300x201.jpg\" alt=\"CAPA_PoliticasPublicasSaneamento_2013\" width=\"300\" height=\"201\" srcset=\"https:\/\/roxpublicidade.com.br\/waterlat\/01\/wp-content\/uploads\/2013\/10\/CAPA_PoliticasPublicasSaneamento_2013-300x201.jpg 300w, https:\/\/roxpublicidade.com.br\/waterlat\/01\/wp-content\/uploads\/2013\/10\/CAPA_PoliticasPublicasSaneamento_2013.jpg 497w\" sizes=\"auto, (max-width: 300px) 100vw, 300px\" \/><\/p>\n<p><a href=\"https:\/\/roxpublicidade.com.br\/waterlat\/01\/publications\/books\/public-policy-and-management-of-water-and-sanitation-services-portuguese-version\/\">L\u00e9o Heller and Jose Esteban Castro (Eds.),\u00a0Pol\u00edtica P\u00fablica e Gest\u00e3o de Servi\u00e7os de Saneamento (Public Policy and Management of Water and Sanitation Services)<\/a>, Belo Horizonte and Rio de Janeiro:\u00a0Editora da Universidade Federal de Minas Gerais (UFMG) and Editora Fiocruz, 2013. DOI: 10.5281\/zenodo.55855.<\/p>\n<p><a href=\"https:\/\/roxpublicidade.com.br\/waterlat\/01\/thematic-areas\/ta3\/\">Return to the TA3 Presentation<\/a><\/p>\n","protected":false},"excerpt":{"rendered":"<p>Here we present several books produced by TA3 members as part of their activities as members of the Network (we do not include publications unrelated to our Network). These books reflect the interests and scope of TA3.Some books may also cover topics from other Thematic Areas. Books that are the result of the WATERLAT-GOBACIT Student [&hellip;]<\/p>\n","protected":false},"author":1,"featured_media":0,"parent":2274,"menu_order":0,"comment_status":"closed","ping_status":"closed","template":"","meta":{"footnotes":""},"class_list":["post-11607","page","type-page","status-publish","hentry"],"_links":{"self":[{"href":"https:\/\/roxpublicidade.com.br\/waterlat\/01\/wp-json\/wp\/v2\/pages\/11607","targetHints":{"allow":["GET"]}}],"collection":[{"href":"https:\/\/roxpublicidade.com.br\/waterlat\/01\/wp-json\/wp\/v2\/pages"}],"about":[{"href":"https:\/\/roxpublicidade.com.br\/waterlat\/01\/wp-json\/wp\/v2\/types\/page"}],"author":[{"embeddable":true,"href":"https:\/\/roxpublicidade.com.br\/waterlat\/01\/wp-json\/wp\/v2\/users\/1"}],"replies":[{"embeddable":true,"href":"https:\/\/roxpublicidade.com.br\/waterlat\/01\/wp-json\/wp\/v2\/comments?post=11607"}],"version-history":[{"count":1,"href":"https:\/\/roxpublicidade.com.br\/waterlat\/01\/wp-json\/wp\/v2\/pages\/11607\/revisions"}],"predecessor-version":[{"id":13053,"href":"https:\/\/roxpublicidade.com.br\/waterlat\/01\/wp-json\/wp\/v2\/pages\/11607\/revisions\/13053"}],"up":[{"embeddable":true,"href":"https:\/\/roxpublicidade.com.br\/waterlat\/01\/wp-json\/wp\/v2\/pages\/2274"}],"wp:attachment":[{"href":"https:\/\/roxpublicidade.com.br\/waterlat\/01\/wp-json\/wp\/v2\/media?parent=11607"}],"curies":[{"name":"wp","href":"https:\/\/api.w.org\/{rel}","templated":true}]}}